{"id":61750,"date":"2022-10-27T12:28:55","date_gmt":"2022-10-27T10:28:55","guid":{"rendered":"https:\/\/octaedro.com\/?post_type=product&#038;p=61750"},"modified":"2022-11-18T11:16:23","modified_gmt":"2022-11-18T10:16:23","slug":"transformando-la-educacion-a-traves-del-conocimiento","status":"publish","type":"product","link":"https:\/\/wizardly-davinci.82-223-8-23.plesk.page\/en\/producto\/transformando-la-educacion-a-traves-del-conocimiento\/","title":{"rendered":"Transformando la educaci\u00f3n a trav\u00e9s del conocimiento"},"content":{"rendered":"","protected":false},"excerpt":{"rendered":"<p>La educaci\u00f3n es uno de los motores de transformaci\u00f3n social m\u00e1s poderoso que existen y ejerce como instrumento de cohesi\u00f3n social, igualando las diferencias de g\u00e9nero, etnia, situaci\u00f3n econ\u00f3mica, etc. La investigaci\u00f3n educativa es, pues, una actividad estrat\u00e9gica: las mejoras en educaci\u00f3n repercuten en el conjunto de la sociedad. Es en este contexto donde se sit\u00faa el presente volumen, titulado <em>Transformando la educaci\u00f3n a trav\u00e9s del conocimiento<\/em>. Esta obra recoge un total de 127 cap\u00edtulos con experiencias de investigaci\u00f3n te\u00f3rica y aplicaci\u00f3n pr\u00e1ctica sobre experiencias concretas de innovaci\u00f3n docente. Las contribuciones, centradas en \u00e1reas educativas diversas (educaci\u00f3n ling\u00fc\u00edstica, art\u00edstica, en ciencias sociales y ambientales, etc.) y de diferentes niveles educativos (tanto de los preuniversitarios, como de educaci\u00f3n superior), tienen en com\u00fan que ofrecen una mirada renovada sobre los retos que debe enfrentar la educaci\u00f3n actual: la inclusi\u00f3n educativa, la integraci\u00f3n de las TIC en la educaci\u00f3n, la transici\u00f3n entre diferentes niveles educativos, la igualdad de g\u00e9nero o la educaci\u00f3n emocional son, entre muchos otros, algunos de los temas abordados. El presente volumen, pues, quiere contribuir a la difusi\u00f3n de las algunas de las aportaciones m\u00e1s recientes que contribuyen al progreso del conocimiento sobre los procesos de ense\u00f1anza-aprendizaje en la sociedad actual.<\/p>\n","protected":false},"featured_media":61755,"comment_status":"open","ping_status":"closed","template":"","meta":{"_et_pb_use_builder":"","_et_pb_old_content":"","_et_gb_content_width":""},"product_cat":[2606,2873,6673],"product_tag":[7559],"edicion":[1084],"editoriales":[1160],"tienda":[],"autor_id":[22803,22809,22807,22805],"universidades_coeditoras":[7230],"palabras_clave":[],"listado_alfabetico":[],"acf":[],"_links":{"self":[{"href":"https:\/\/wizardly-davinci.82-223-8-23.plesk.page\/en\/wp-json\/wp\/v2\/product\/61750"}],"collection":[{"href":"https:\/\/wizardly-davinci.82-223-8-23.plesk.page\/en\/wp-json\/wp\/v2\/product"}],"about":[{"href":"https:\/\/wizardly-davinci.82-223-8-23.plesk.page\/en\/wp-json\/wp\/v2\/types\/product"}],"replies":[{"embeddable":true,"href":"https:\/\/wizardly-davinci.82-223-8-23.plesk.page\/en\/wp-json\/wp\/v2\/comments?post=61750"}],"wp:featuredmedia":[{"embeddable":true,"href":"https:\/\/wizardly-davinci.82-223-8-23.plesk.page\/en\/wp-json\/wp\/v2\/media\/61755"}],"wp:attachment":[{"href":"https:\/\/wizardly-davinci.82-223-8-23.plesk.page\/en\/wp-json\/wp\/v2\/media?parent=61750"}],"wp:term":[{"taxonomy":"product_cat","embeddable":true,"href":"https:\/\/wizardly-davinci.82-223-8-23.plesk.page\/en\/wp-json\/wp\/v2\/product_cat?post=61750"},{"taxonomy":"product_tag","embeddable":true,"href":"https:\/\/wizardly-davinci.82-223-8-23.plesk.page\/en\/wp-json\/wp\/v2\/product_tag?post=61750"},{"taxonomy":"edicion","embeddable":true,"href":"https:\/\/wizardly-davinci.82-223-8-23.plesk.page\/en\/wp-json\/wp\/v2\/edicion?post=61750"},{"taxonomy":"editoriales","embeddable":true,"href":"https:\/\/wizardly-davinci.82-223-8-23.plesk.page\/en\/wp-json\/wp\/v2\/editoriales?post=61750"},{"taxonomy":"tienda","embeddable":true,"href":"https:\/\/wizardly-davinci.82-223-8-23.plesk.page\/en\/wp-json\/wp\/v2\/tienda?post=61750"},{"taxonomy":"autor_id","embeddable":true,"href":"https:\/\/wizardly-davinci.82-223-8-23.plesk.page\/en\/wp-json\/wp\/v2\/autor_id?post=61750"},{"taxonomy":"universidades_coeditoras","embeddable":true,"href":"https:\/\/wizardly-davinci.82-223-8-23.plesk.page\/en\/wp-json\/wp\/v2\/universidades_coeditoras?post=61750"},{"taxonomy":"palabras_clave","embeddable":true,"href":"https:\/\/wizardly-davinci.82-223-8-23.plesk.page\/en\/wp-json\/wp\/v2\/palabras_clave?post=61750"},{"taxonomy":"listado_alfabetico","embeddable":true,"href":"https:\/\/wizardly-davinci.82-223-8-23.plesk.page\/en\/wp-json\/wp\/v2\/listado_alfabetico?post=61750"}],"curies":[{"name":"wp","href":"https:\/\/api.w.org\/{rel}","templated":true}]}}