{"id":61777,"date":"2022-12-16T16:34:46","date_gmt":"2022-12-16T15:34:46","guid":{"rendered":"https:\/\/octaedro.com\/?post_type=product&#038;p=61777"},"modified":"2023-06-30T09:19:53","modified_gmt":"2023-06-30T07:19:53","slug":"neuroeducacion-y-diseno-universal-para-el-aprendizaje","status":"publish","type":"product","link":"https:\/\/wizardly-davinci.82-223-8-23.plesk.page\/en\/producto\/neuroeducacion-y-diseno-universal-para-el-aprendizaje\/","title":{"rendered":"Neuroeducaci\u00f3n y dise\u00f1o universal para el aprendizaje"},"content":{"rendered":"","protected":false},"excerpt":{"rendered":"<p>El siglo XXI est\u00e1 relacionado con el estudio del cerebro. La neuroeducaci\u00f3n investiga y responde a preguntas sobre c\u00f3mo funciona el cerebro y c\u00f3mo aprendemos, centr\u00e1ndose fundamentalmente en el proceso de ense\u00f1anza-aprendizaje.<\/p>\n<p>La educaci\u00f3n contribuye a reducir las desigualdades, la segregaci\u00f3n y la exclusi\u00f3n. Y en este siglo destaca tambi\u00e9n el compromiso internacional de garantizar una educaci\u00f3n inclusiva, equitativa y de calidad que promueva oportunidades de aprendizaje durante toda la vida y para todos, y el reto actual es c\u00f3mo alcanzar estas metas. El dise\u00f1o universal para el aprendizaje (DUA) representa un modelo organizado y sistematizado en principios, pautas y puntos de verificaci\u00f3n que ayuda al docente de cualquier etapa a planificar desde el inicio oportunidades de ense\u00f1anza y aprendizaje ricas y variadas para todo el alumnado.<\/p>\n<p>Este libro est\u00e1 dirigido a todas las personas interesadas (docentes, estudiantes o familias) en profundizar sobre estos dos temas ineludibles en la educaci\u00f3n actual: la neuroeducaci\u00f3n y el DUA. Escrito con un lenguaje sencillo y \u00e1gil, su lectura revelar\u00e1 respuestas a cuestiones sobre c\u00f3mo aprendemos, qu\u00e9 tipos de memoria tenemos, qu\u00e9 es la atenci\u00f3n, qu\u00e9 es y qu\u00e9 no es el DUA, c\u00f3mo programar con DUA\u2026<\/p>\n<p>La intenci\u00f3n de esta obra es, pues, acercarte a la neuroeducaci\u00f3n y al DUA de una forma sencilla, amable y, sobre todo, muy pr\u00e1ctica. Si lo que buscas son propuestas pr\u00e1cticas y concretas, v\u00e1lidas para todas las etapas educativas, este libro es para ti. Contiene muchos ejemplos y un c\u00f3digo QR que ampl\u00eda la informaci\u00f3n ofrecida a lo largo de todos los cap\u00edtulos.<\/p>\n","protected":false},"featured_media":64835,"comment_status":"open","ping_status":"closed","template":"","meta":{"_et_pb_use_builder":"","_et_pb_old_content":"","_et_gb_content_width":""},"product_cat":[1512,6674,6675],"product_tag":[2608],"edicion":[1085,1083],"editoriales":[1160],"tienda":[],"autor_id":[8165],"universidades_coeditoras":[],"palabras_clave":[],"listado_alfabetico":[],"acf":[],"_links":{"self":[{"href":"https:\/\/wizardly-davinci.82-223-8-23.plesk.page\/en\/wp-json\/wp\/v2\/product\/61777"}],"collection":[{"href":"https:\/\/wizardly-davinci.82-223-8-23.plesk.page\/en\/wp-json\/wp\/v2\/product"}],"about":[{"href":"https:\/\/wizardly-davinci.82-223-8-23.plesk.page\/en\/wp-json\/wp\/v2\/types\/product"}],"replies":[{"embeddable":true,"href":"https:\/\/wizardly-davinci.82-223-8-23.plesk.page\/en\/wp-json\/wp\/v2\/comments?post=61777"}],"wp:featuredmedia":[{"embeddable":true,"href":"https:\/\/wizardly-davinci.82-223-8-23.plesk.page\/en\/wp-json\/wp\/v2\/media\/64835"}],"wp:attachment":[{"href":"https:\/\/wizardly-davinci.82-223-8-23.plesk.page\/en\/wp-json\/wp\/v2\/media?parent=61777"}],"wp:term":[{"taxonomy":"product_cat","embeddable":true,"href":"https:\/\/wizardly-davinci.82-223-8-23.plesk.page\/en\/wp-json\/wp\/v2\/product_cat?post=61777"},{"taxonomy":"product_tag","embeddable":true,"href":"https:\/\/wizardly-davinci.82-223-8-23.plesk.page\/en\/wp-json\/wp\/v2\/product_tag?post=61777"},{"taxonomy":"edicion","embeddable":true,"href":"https:\/\/wizardly-davinci.82-223-8-23.plesk.page\/en\/wp-json\/wp\/v2\/edicion?post=61777"},{"taxonomy":"editoriales","embeddable":true,"href":"https:\/\/wizardly-davinci.82-223-8-23.plesk.page\/en\/wp-json\/wp\/v2\/editoriales?post=61777"},{"taxonomy":"tienda","embeddable":true,"href":"https:\/\/wizardly-davinci.82-223-8-23.plesk.page\/en\/wp-json\/wp\/v2\/tienda?post=61777"},{"taxonomy":"autor_id","embeddable":true,"href":"https:\/\/wizardly-davinci.82-223-8-23.plesk.page\/en\/wp-json\/wp\/v2\/autor_id?post=61777"},{"taxonomy":"universidades_coeditoras","embeddable":true,"href":"https:\/\/wizardly-davinci.82-223-8-23.plesk.page\/en\/wp-json\/wp\/v2\/universidades_coeditoras?post=61777"},{"taxonomy":"palabras_clave","embeddable":true,"href":"https:\/\/wizardly-davinci.82-223-8-23.plesk.page\/en\/wp-json\/wp\/v2\/palabras_clave?post=61777"},{"taxonomy":"listado_alfabetico","embeddable":true,"href":"https:\/\/wizardly-davinci.82-223-8-23.plesk.page\/en\/wp-json\/wp\/v2\/listado_alfabetico?post=61777"}],"curies":[{"name":"wp","href":"https:\/\/api.w.org\/{rel}","templated":true}]}}