{"id":61991,"date":"2022-12-14T16:08:29","date_gmt":"2022-12-14T15:08:29","guid":{"rendered":"https:\/\/octaedro.com\/?post_type=product&#038;p=61991"},"modified":"2023-04-21T13:06:57","modified_gmt":"2023-04-21T11:06:57","slug":"innovacion-y-mejora-de-la-practica-educativa-una-estrategia-colaborativa","status":"publish","type":"product","link":"https:\/\/wizardly-davinci.82-223-8-23.plesk.page\/en\/producto\/innovacion-y-mejora-de-la-practica-educativa-una-estrategia-colaborativa\/","title":{"rendered":"Innovaci\u00f3n y mejora de la pr\u00e1ctica educativa: una estrategia colaborativa"},"content":{"rendered":"","protected":false},"excerpt":{"rendered":"<p style=\"font-weight: 400;\">Implicarse en un proceso continuado de innovaci\u00f3n y mejora de la ense\u00f1anza es, en el contexto actual, una exigencia para todos los centros educativos. Tanto la investigaci\u00f3n como la experiencia pr\u00e1ctica muestran que, para que la innovaci\u00f3n y la mejora sean consistentes y puedan generalizarse y consolidarse en los centros, deben apoyarse en procesos colaborativos. Resulta entonces necesario disponer de conocimientos y estrategias que ayuden a desarrollar estos procesos colaborativos.<\/p>\n<p style=\"font-weight: 400;\">Este libro presenta una estrategia sistem\u00e1tica de (apoyo a la) mejora colaborativa de las pr\u00e1cticas educativas en los centros, la \u00abEstrategia colaborativa para la mejora de las pr\u00e1cticas educativas en una direcci\u00f3n inclusiva\u00bb (ECMP).; estrategia que se ha elaborado y revisado a lo largo de dos d\u00e9cadas de reflexi\u00f3n sobre la pr\u00e1ctica asesora y de investigaci\u00f3n y participaci\u00f3n en procesos de formaci\u00f3n inicial y permanente de docentes y de profesionales del asesoramiento psicopedag\u00f3gico. Se despliegan los referentes y principios te\u00f3ricos que la fundamentan, las fases de su desarrollo y los diversos elementos que cabe considerar, as\u00ed como ejemplos concretos de procesos de innovaci\u00f3n y mejora en diversos contextos que ilustran la estrategia y detallan c\u00f3mo puede llevarse a la pr\u00e1ctica. Su fundamentaci\u00f3n y descripci\u00f3n, as\u00ed como los ejemplos que se presentan intentan servir de orientaci\u00f3n a todos los profesionales de la educaci\u00f3n, as\u00ed como a quienes se est\u00e1n formando para llevar a cabo la docencia.<\/p>\n","protected":false},"featured_media":61992,"comment_status":"open","ping_status":"closed","template":"","meta":{"_et_pb_use_builder":"","_et_pb_old_content":"","_et_gb_content_width":""},"product_cat":[2606,6936,6675,6673],"product_tag":[2604],"edicion":[1084,1083],"editoriales":[1160],"tienda":[],"autor_id":[22830,6226],"universidades_coeditoras":[],"palabras_clave":[],"listado_alfabetico":[],"acf":[],"_links":{"self":[{"href":"https:\/\/wizardly-davinci.82-223-8-23.plesk.page\/en\/wp-json\/wp\/v2\/product\/61991"}],"collection":[{"href":"https:\/\/wizardly-davinci.82-223-8-23.plesk.page\/en\/wp-json\/wp\/v2\/product"}],"about":[{"href":"https:\/\/wizardly-davinci.82-223-8-23.plesk.page\/en\/wp-json\/wp\/v2\/types\/product"}],"replies":[{"embeddable":true,"href":"https:\/\/wizardly-davinci.82-223-8-23.plesk.page\/en\/wp-json\/wp\/v2\/comments?post=61991"}],"wp:featuredmedia":[{"embeddable":true,"href":"https:\/\/wizardly-davinci.82-223-8-23.plesk.page\/en\/wp-json\/wp\/v2\/media\/61992"}],"wp:attachment":[{"href":"https:\/\/wizardly-davinci.82-223-8-23.plesk.page\/en\/wp-json\/wp\/v2\/media?parent=61991"}],"wp:term":[{"taxonomy":"product_cat","embeddable":true,"href":"https:\/\/wizardly-davinci.82-223-8-23.plesk.page\/en\/wp-json\/wp\/v2\/product_cat?post=61991"},{"taxonomy":"product_tag","embeddable":true,"href":"https:\/\/wizardly-davinci.82-223-8-23.plesk.page\/en\/wp-json\/wp\/v2\/product_tag?post=61991"},{"taxonomy":"edicion","embeddable":true,"href":"https:\/\/wizardly-davinci.82-223-8-23.plesk.page\/en\/wp-json\/wp\/v2\/edicion?post=61991"},{"taxonomy":"editoriales","embeddable":true,"href":"https:\/\/wizardly-davinci.82-223-8-23.plesk.page\/en\/wp-json\/wp\/v2\/editoriales?post=61991"},{"taxonomy":"tienda","embeddable":true,"href":"https:\/\/wizardly-davinci.82-223-8-23.plesk.page\/en\/wp-json\/wp\/v2\/tienda?post=61991"},{"taxonomy":"autor_id","embeddable":true,"href":"https:\/\/wizardly-davinci.82-223-8-23.plesk.page\/en\/wp-json\/wp\/v2\/autor_id?post=61991"},{"taxonomy":"universidades_coeditoras","embeddable":true,"href":"https:\/\/wizardly-davinci.82-223-8-23.plesk.page\/en\/wp-json\/wp\/v2\/universidades_coeditoras?post=61991"},{"taxonomy":"palabras_clave","embeddable":true,"href":"https:\/\/wizardly-davinci.82-223-8-23.plesk.page\/en\/wp-json\/wp\/v2\/palabras_clave?post=61991"},{"taxonomy":"listado_alfabetico","embeddable":true,"href":"https:\/\/wizardly-davinci.82-223-8-23.plesk.page\/en\/wp-json\/wp\/v2\/listado_alfabetico?post=61991"}],"curies":[{"name":"wp","href":"https:\/\/api.w.org\/{rel}","templated":true}]}}