{"id":62005,"date":"2022-11-28T18:05:03","date_gmt":"2022-11-28T17:05:03","guid":{"rendered":"https:\/\/octaedro.com\/?post_type=product&#038;p=62005"},"modified":"2022-12-12T15:50:20","modified_gmt":"2022-12-12T14:50:20","slug":"ambiente-gastronomico-y-lexico-culinario-en-prensa-giennense-del-siglo-xix","status":"publish","type":"product","link":"https:\/\/wizardly-davinci.82-223-8-23.plesk.page\/en\/producto\/ambiente-gastronomico-y-lexico-culinario-en-prensa-giennense-del-siglo-xix\/","title":{"rendered":"Ambiente gastron\u00f3mico y l\u00e9xico culinario en prensa giennense del siglo XIX"},"content":{"rendered":"","protected":false},"excerpt":{"rendered":"<div>\n<p class=\"Ningnestilodeprrafo\"><span lang=\"ES-TRAD\">Este volumen es fruto del proyecto <i>Ambiente gastron\u00f3mico y l\u00e9xico culinario giennense en prensa del siglo XIX: creaci\u00f3n de corpus, atlas l\u00e9xico y glosario<\/i>, financiado por el Instituto de Estudios Giennenses en la convocatoria de 2020. <\/span><\/p>\n<\/div>\n<div>\n<p class=\"Ningnestilodeprrafo\"><span lang=\"ES-TRAD\">A partir del material extra\u00eddo de la investigaci\u00f3n en las fuentes hemerogr\u00e1ficas consultadas, se han desarrollado estudios relevantes que han partido de puntos de vista diferentes a fin de proporcionar una visi\u00f3n poli\u00e9drica del tema objeto de an\u00e1lisis. El primero se centra en la cultura del consumo y la alimentaci\u00f3n, en que la tarea period\u00edstica tiene un gran protagonismo dentro del espacio de complejidad econ\u00f3mico, pol\u00edtico y social de la ciudad de Ja\u00e9n a finales del siglo XIX. Seguidamente, se analiza la expresi\u00f3n ling\u00fc\u00edstica mediante postulados pragm\u00e1ticos, discursivos y socioculturales, como las acciones y relaciones sociales insertas en la tradici\u00f3n y la cultura culinarias, puesto que la gastronom\u00eda es uno de los elementos que caracterizan una sociedad. Por \u00faltimo, se aborda el estudio del l\u00e9xico documentado en prensa giennense del siglo XIX desde una perspectiva hist\u00f3rica.<\/span><\/p>\n<\/div>\n","protected":false},"featured_media":62008,"comment_status":"open","ping_status":"closed","template":"","meta":{"_et_pb_use_builder":"","_et_pb_old_content":"","_et_gb_content_width":""},"product_cat":[2606,6673],"product_tag":[2605],"edicion":[1084],"editoriales":[1160],"tienda":[],"autor_id":[22834,11840,6505],"universidades_coeditoras":[],"palabras_clave":[],"listado_alfabetico":[],"acf":[],"_links":{"self":[{"href":"https:\/\/wizardly-davinci.82-223-8-23.plesk.page\/en\/wp-json\/wp\/v2\/product\/62005"}],"collection":[{"href":"https:\/\/wizardly-davinci.82-223-8-23.plesk.page\/en\/wp-json\/wp\/v2\/product"}],"about":[{"href":"https:\/\/wizardly-davinci.82-223-8-23.plesk.page\/en\/wp-json\/wp\/v2\/types\/product"}],"replies":[{"embeddable":true,"href":"https:\/\/wizardly-davinci.82-223-8-23.plesk.page\/en\/wp-json\/wp\/v2\/comments?post=62005"}],"wp:featuredmedia":[{"embeddable":true,"href":"https:\/\/wizardly-davinci.82-223-8-23.plesk.page\/en\/wp-json\/wp\/v2\/media\/62008"}],"wp:attachment":[{"href":"https:\/\/wizardly-davinci.82-223-8-23.plesk.page\/en\/wp-json\/wp\/v2\/media?parent=62005"}],"wp:term":[{"taxonomy":"product_cat","embeddable":true,"href":"https:\/\/wizardly-davinci.82-223-8-23.plesk.page\/en\/wp-json\/wp\/v2\/product_cat?post=62005"},{"taxonomy":"product_tag","embeddable":true,"href":"https:\/\/wizardly-davinci.82-223-8-23.plesk.page\/en\/wp-json\/wp\/v2\/product_tag?post=62005"},{"taxonomy":"edicion","embeddable":true,"href":"https:\/\/wizardly-davinci.82-223-8-23.plesk.page\/en\/wp-json\/wp\/v2\/edicion?post=62005"},{"taxonomy":"editoriales","embeddable":true,"href":"https:\/\/wizardly-davinci.82-223-8-23.plesk.page\/en\/wp-json\/wp\/v2\/editoriales?post=62005"},{"taxonomy":"tienda","embeddable":true,"href":"https:\/\/wizardly-davinci.82-223-8-23.plesk.page\/en\/wp-json\/wp\/v2\/tienda?post=62005"},{"taxonomy":"autor_id","embeddable":true,"href":"https:\/\/wizardly-davinci.82-223-8-23.plesk.page\/en\/wp-json\/wp\/v2\/autor_id?post=62005"},{"taxonomy":"universidades_coeditoras","embeddable":true,"href":"https:\/\/wizardly-davinci.82-223-8-23.plesk.page\/en\/wp-json\/wp\/v2\/universidades_coeditoras?post=62005"},{"taxonomy":"palabras_clave","embeddable":true,"href":"https:\/\/wizardly-davinci.82-223-8-23.plesk.page\/en\/wp-json\/wp\/v2\/palabras_clave?post=62005"},{"taxonomy":"listado_alfabetico","embeddable":true,"href":"https:\/\/wizardly-davinci.82-223-8-23.plesk.page\/en\/wp-json\/wp\/v2\/listado_alfabetico?post=62005"}],"curies":[{"name":"wp","href":"https:\/\/api.w.org\/{rel}","templated":true}]}}