{"id":62088,"date":"2023-04-05T18:47:49","date_gmt":"2023-04-05T16:47:49","guid":{"rendered":"https:\/\/octaedro.com\/?post_type=product&#038;p=62088"},"modified":"2023-04-17T18:08:18","modified_gmt":"2023-04-17T16:08:18","slug":"la-pedagogia-de-la-alteridad","status":"publish","type":"product","link":"https:\/\/wizardly-davinci.82-223-8-23.plesk.page\/en\/producto\/la-pedagogia-de-la-alteridad\/","title":{"rendered":"La pedagog\u00eda de la alteridad"},"content":{"rendered":"","protected":false},"excerpt":{"rendered":"<div>\n<p class=\"Ningnestilodeprrafo\"><span lang=\"ES-TRAD\">La pedagog\u00eda de la alteridad tiene su origen en la \u00e9tica de Levinas, entendida como imposibilidad de desprendernos del otro sin arriesgar nuestra identidad como humanos; es un <i>viaje al otro<\/i> sin retorno; renunciar a s\u00ed mismo para encontrarse con el otro, sin m\u00e1s equipaje que la propia fragilidad de quien se siente necesitado de acogida y cuidado. En esta pedagog\u00eda, el educador y el educando emprenden un nuevo camino de <i>humanizaci\u00f3n<\/i>. <\/span><\/p>\n<\/div>\n<div>\n<p class=\"Ningnestilodeprrafo\"><span lang=\"ES-TRAD\">El porqu\u00e9 de esta pedagog\u00eda hay que buscarlo en responder del otro en su contexto. Por ello, no se invocan argumentos sobre los derechos humanos, sino sobre acoger y compadecerse del otro necesitado. Este es el \u00e1mbito de la pedagog\u00eda de la alteridad: dar respuesta a los que no la encuentran en un discurso alejado del ser humano hist\u00f3rico y de una praxis educativa <i>extra\u00f1a<\/i> a los intereses de los educandos, sujetos necesarios de su proyecto educativo.<\/span><\/p>\n<\/div>\n<div>\n<p class=\"Ningnestilodeprrafo\"><span lang=\"ES-TRAD\">Esta obra es el esfuerzo colectivo de profesionales de la pedagog\u00eda de la alteridad de Espa\u00f1a y M\u00e9xico, en la cual se recogen sus caracter\u00edsticas m\u00e1s destacadas: la responsabilidad, la acogida, la compasi\u00f3n, el testimonio y sentido de la espera. En conjunto, se ofrecen distintos itinerarios para educar de otro modo.<\/span><\/p>\n<\/div>\n","protected":false},"featured_media":62093,"comment_status":"open","ping_status":"closed","template":"","meta":{"_et_pb_use_builder":"","_et_pb_old_content":"","_et_gb_content_width":""},"product_cat":[2606,6675],"product_tag":[2608],"edicion":[1085,1083],"editoriales":[1160],"tienda":[],"autor_id":[22837,10213],"universidades_coeditoras":[],"palabras_clave":[],"listado_alfabetico":[],"acf":[],"_links":{"self":[{"href":"https:\/\/wizardly-davinci.82-223-8-23.plesk.page\/en\/wp-json\/wp\/v2\/product\/62088"}],"collection":[{"href":"https:\/\/wizardly-davinci.82-223-8-23.plesk.page\/en\/wp-json\/wp\/v2\/product"}],"about":[{"href":"https:\/\/wizardly-davinci.82-223-8-23.plesk.page\/en\/wp-json\/wp\/v2\/types\/product"}],"replies":[{"embeddable":true,"href":"https:\/\/wizardly-davinci.82-223-8-23.plesk.page\/en\/wp-json\/wp\/v2\/comments?post=62088"}],"wp:featuredmedia":[{"embeddable":true,"href":"https:\/\/wizardly-davinci.82-223-8-23.plesk.page\/en\/wp-json\/wp\/v2\/media\/62093"}],"wp:attachment":[{"href":"https:\/\/wizardly-davinci.82-223-8-23.plesk.page\/en\/wp-json\/wp\/v2\/media?parent=62088"}],"wp:term":[{"taxonomy":"product_cat","embeddable":true,"href":"https:\/\/wizardly-davinci.82-223-8-23.plesk.page\/en\/wp-json\/wp\/v2\/product_cat?post=62088"},{"taxonomy":"product_tag","embeddable":true,"href":"https:\/\/wizardly-davinci.82-223-8-23.plesk.page\/en\/wp-json\/wp\/v2\/product_tag?post=62088"},{"taxonomy":"edicion","embeddable":true,"href":"https:\/\/wizardly-davinci.82-223-8-23.plesk.page\/en\/wp-json\/wp\/v2\/edicion?post=62088"},{"taxonomy":"editoriales","embeddable":true,"href":"https:\/\/wizardly-davinci.82-223-8-23.plesk.page\/en\/wp-json\/wp\/v2\/editoriales?post=62088"},{"taxonomy":"tienda","embeddable":true,"href":"https:\/\/wizardly-davinci.82-223-8-23.plesk.page\/en\/wp-json\/wp\/v2\/tienda?post=62088"},{"taxonomy":"autor_id","embeddable":true,"href":"https:\/\/wizardly-davinci.82-223-8-23.plesk.page\/en\/wp-json\/wp\/v2\/autor_id?post=62088"},{"taxonomy":"universidades_coeditoras","embeddable":true,"href":"https:\/\/wizardly-davinci.82-223-8-23.plesk.page\/en\/wp-json\/wp\/v2\/universidades_coeditoras?post=62088"},{"taxonomy":"palabras_clave","embeddable":true,"href":"https:\/\/wizardly-davinci.82-223-8-23.plesk.page\/en\/wp-json\/wp\/v2\/palabras_clave?post=62088"},{"taxonomy":"listado_alfabetico","embeddable":true,"href":"https:\/\/wizardly-davinci.82-223-8-23.plesk.page\/en\/wp-json\/wp\/v2\/listado_alfabetico?post=62088"}],"curies":[{"name":"wp","href":"https:\/\/api.w.org\/{rel}","templated":true}]}}