{"id":62131,"date":"2023-04-05T17:28:16","date_gmt":"2023-04-05T15:28:16","guid":{"rendered":"https:\/\/octaedro.com\/?post_type=product&#038;p=62131"},"modified":"2023-04-26T16:40:28","modified_gmt":"2023-04-26T14:40:28","slug":"la-educacion-en-red","status":"publish","type":"product","link":"https:\/\/wizardly-davinci.82-223-8-23.plesk.page\/en\/producto\/la-educacion-en-red\/","title":{"rendered":"La educaci\u00f3n en red"},"content":{"rendered":"","protected":false},"excerpt":{"rendered":"<div>\n<p class=\"Ningnestilodeprrafo\"><span lang=\"ES-TRAD\">Es este un libro que invita al an\u00e1lisis dial\u00f3gico, en tanto que aborda un tema de poli\u00e9dricas dimensiones para el presente y, sobre todo, para el porvenir de la educaci\u00f3n en la irreversible sociedad del conocimiento. Educar en red significa descubrir conexiones entre vectores de aprendizaje dentro y fuera del curr\u00edculo, pensando en la mejor formaci\u00f3n de una ciudadan\u00eda que ya poco o nada tiene que ver con el mundo de ayer. Adem\u00e1s de apuntar al fortalecimiento de la innovaci\u00f3n desde proyectos coparticipados, el volumen remite a una prudente consideraci\u00f3n de la alfabetizaci\u00f3n digital sin perjudicar abiertamente la atenci\u00f3n al peso que hemos de seguir concediendo al espacio comunitario. Estamos, pues, ante un enfoque que facilita la transici\u00f3n hacia el empleo, al suponer aproximaciones estrat\u00e9gicas entre lo formal y lo no formal y donde, por lo general, se asume un principio de cooperaci\u00f3n entre agentes que operan sabiendo que la buena gesti\u00f3n de la diversidad abre v\u00edas de \u00e9xito en torno a metas comunes.<\/span><\/p>\n<\/div>\n","protected":false},"featured_media":62136,"comment_status":"open","ping_status":"closed","template":"","meta":{"_et_pb_use_builder":"","_et_pb_old_content":"","_et_gb_content_width":""},"product_cat":[2606,6674,6675],"product_tag":[2608],"edicion":[1085,1083],"editoriales":[1160],"tienda":[],"autor_id":[22856,5835,6367],"universidades_coeditoras":[7263],"palabras_clave":[],"listado_alfabetico":[],"acf":[],"_links":{"self":[{"href":"https:\/\/wizardly-davinci.82-223-8-23.plesk.page\/en\/wp-json\/wp\/v2\/product\/62131"}],"collection":[{"href":"https:\/\/wizardly-davinci.82-223-8-23.plesk.page\/en\/wp-json\/wp\/v2\/product"}],"about":[{"href":"https:\/\/wizardly-davinci.82-223-8-23.plesk.page\/en\/wp-json\/wp\/v2\/types\/product"}],"replies":[{"embeddable":true,"href":"https:\/\/wizardly-davinci.82-223-8-23.plesk.page\/en\/wp-json\/wp\/v2\/comments?post=62131"}],"wp:featuredmedia":[{"embeddable":true,"href":"https:\/\/wizardly-davinci.82-223-8-23.plesk.page\/en\/wp-json\/wp\/v2\/media\/62136"}],"wp:attachment":[{"href":"https:\/\/wizardly-davinci.82-223-8-23.plesk.page\/en\/wp-json\/wp\/v2\/media?parent=62131"}],"wp:term":[{"taxonomy":"product_cat","embeddable":true,"href":"https:\/\/wizardly-davinci.82-223-8-23.plesk.page\/en\/wp-json\/wp\/v2\/product_cat?post=62131"},{"taxonomy":"product_tag","embeddable":true,"href":"https:\/\/wizardly-davinci.82-223-8-23.plesk.page\/en\/wp-json\/wp\/v2\/product_tag?post=62131"},{"taxonomy":"edicion","embeddable":true,"href":"https:\/\/wizardly-davinci.82-223-8-23.plesk.page\/en\/wp-json\/wp\/v2\/edicion?post=62131"},{"taxonomy":"editoriales","embeddable":true,"href":"https:\/\/wizardly-davinci.82-223-8-23.plesk.page\/en\/wp-json\/wp\/v2\/editoriales?post=62131"},{"taxonomy":"tienda","embeddable":true,"href":"https:\/\/wizardly-davinci.82-223-8-23.plesk.page\/en\/wp-json\/wp\/v2\/tienda?post=62131"},{"taxonomy":"autor_id","embeddable":true,"href":"https:\/\/wizardly-davinci.82-223-8-23.plesk.page\/en\/wp-json\/wp\/v2\/autor_id?post=62131"},{"taxonomy":"universidades_coeditoras","embeddable":true,"href":"https:\/\/wizardly-davinci.82-223-8-23.plesk.page\/en\/wp-json\/wp\/v2\/universidades_coeditoras?post=62131"},{"taxonomy":"palabras_clave","embeddable":true,"href":"https:\/\/wizardly-davinci.82-223-8-23.plesk.page\/en\/wp-json\/wp\/v2\/palabras_clave?post=62131"},{"taxonomy":"listado_alfabetico","embeddable":true,"href":"https:\/\/wizardly-davinci.82-223-8-23.plesk.page\/en\/wp-json\/wp\/v2\/listado_alfabetico?post=62131"}],"curies":[{"name":"wp","href":"https:\/\/api.w.org\/{rel}","templated":true}]}}