{"id":62138,"date":"2022-11-30T17:41:07","date_gmt":"2022-11-30T16:41:07","guid":{"rendered":"https:\/\/octaedro.com\/?post_type=product&#038;p=62138"},"modified":"2022-12-23T12:07:27","modified_gmt":"2022-12-23T11:07:27","slug":"la-revista-del-diari-de-la-sanitat-num-12","status":"publish","type":"product","link":"https:\/\/wizardly-davinci.82-223-8-23.plesk.page\/en\/producto\/la-revista-del-diari-de-la-sanitat-num-12\/","title":{"rendered":"La Revista d\u2019El Diari de la Sanitat. N\u00daM. 12"},"content":{"rendered":"","protected":false},"excerpt":{"rendered":"<p><strong>Editorial: Sense salut global no hi ha salut individual<\/strong><\/p>\n<p>Quan la ciutat xinesa de Wuhan explicava al m\u00f3n que una esp\u00e8cie de ratpenat havia infectat persones amb un virus que mata, s\u2019estava passant un missatge molt m\u00e9s global: la salut \u00e9s un tot inseparable entre salut humana, salut animal i salut de l\u2019ecosistema global planetari. Terra, mar i l\u2019aire i tota la vida que hi ha en les tres dimensions. Per prevenir malalties en persones cal respectar la integritat dels ecosistemes en benefici de persones, animals i tota la biodiversitat.<\/p>\n<p>Existeix una estreta interdepend\u00e8ncia entre salut p\u00fablica, sanitat animal i estat dels ecosistemes. L\u2019entorn exerceix una gran pressi\u00f3 sobre la salut. En part per la degradaci\u00f3 dels ecosistemes i la p\u00e8rdua de biodiversitat a conseq\u00fc\u00e8ncia del model d\u2019economia lineal en el que ens trobem, basat en l\u2019extracci\u00f3 de recursos naturals que un cop transformats i utilitzats generen uns residus que s\u00f3n abocats al medi ambient.<\/p>\n<p>Tamb\u00e9 per la concentraci\u00f3 d\u2019habitants en les grans ciutats i la p\u00e8rdua dels recursos ecosist\u00e8mics dels quals depenem, com ara per l\u2019obtenci\u00f3 d\u2019aigua. Avan\u00e7ar en tecnologia ha estat positiu, per\u00f2 ara ens cal trobar solucions per actuar sobre l\u2019entorn i disminuir la pressi\u00f3. Si fem un abordatge patog\u00e8nic nom\u00e9s, no podrem. La pand\u00e8mia de la Covid ens ha ensenyat que no podem afrontar les emerg\u00e8ncies nom\u00e9s des de l\u2019\u00e0mbit sanitari. Cal l\u2019abordatge integral de la salut. Establir sistemes de prevenci\u00f3 amb millor coordinaci\u00f3 de la salut animal i humana i la seguretat aliment\u00e0ria per crear mecanismes d\u2019alerta preco\u00e7 \u00e9s un dels seus objectius.<\/p>\n<p>Per assolir el repte de defensar la salut de tot el planeta i de qualsevol \u00e9sser que hi viu, s\u00f3n necess\u00e0ries pol\u00edtiques en xarxa a trav\u00e9s d\u2019una estrat\u00e8gia mundial, regional i local a tots els nivells. El canvi clim\u00e0tic, la desforestaci\u00f3, tot el que impacta en el planeta fa que es desplacin els vectors, i incrementa el risc de pand\u00e8mies.<\/p>\n<p>La gesti\u00f3 dels pl\u00e0stics i com arriben a l\u2019organisme hum\u00e0 a trav\u00e9s del consum de peix, o el perill de la desaparici\u00f3 de la tortuga marina, un dels depredadors principals de les meduses, i la conseg\u00fcent amena\u00e7a per a les persones i els negocis tur\u00edstics de la invasi\u00f3 a les platges d\u2019aquests invertebrats s\u00f3n nom\u00e9s dos exemples que demostren que una petita pertorbaci\u00f3 en un dels elements que formen part de la complexa xarxa d\u2019interaccions que conforma la vida en el nostre planeta repercuteix en multitud d\u2019aspectes i de forma amplificada.<\/p>\n<p>El periodista Josep Cabayol Virallonga va dedicar els \u00faltims anys de la seva vida a dir-nos que \u201csense salut global no hi ha salut individual\u201d. Aquesta revista vol ser, tamb\u00e9, un homenatge al seu comprom\u00eds.<\/p>\n","protected":false},"featured_media":62143,"comment_status":"open","ping_status":"closed","template":"","meta":{"_et_pb_use_builder":"","_et_pb_old_content":"","_et_gb_content_width":""},"product_cat":[6675,6673],"product_tag":[2604],"edicion":[1084,1083],"editoriales":[8960],"tienda":[],"autor_id":[],"universidades_coeditoras":[],"palabras_clave":[],"listado_alfabetico":[],"acf":[],"_links":{"self":[{"href":"https:\/\/wizardly-davinci.82-223-8-23.plesk.page\/en\/wp-json\/wp\/v2\/product\/62138"}],"collection":[{"href":"https:\/\/wizardly-davinci.82-223-8-23.plesk.page\/en\/wp-json\/wp\/v2\/product"}],"about":[{"href":"https:\/\/wizardly-davinci.82-223-8-23.plesk.page\/en\/wp-json\/wp\/v2\/types\/product"}],"replies":[{"embeddable":true,"href":"https:\/\/wizardly-davinci.82-223-8-23.plesk.page\/en\/wp-json\/wp\/v2\/comments?post=62138"}],"wp:featuredmedia":[{"embeddable":true,"href":"https:\/\/wizardly-davinci.82-223-8-23.plesk.page\/en\/wp-json\/wp\/v2\/media\/62143"}],"wp:attachment":[{"href":"https:\/\/wizardly-davinci.82-223-8-23.plesk.page\/en\/wp-json\/wp\/v2\/media?parent=62138"}],"wp:term":[{"taxonomy":"product_cat","embeddable":true,"href":"https:\/\/wizardly-davinci.82-223-8-23.plesk.page\/en\/wp-json\/wp\/v2\/product_cat?post=62138"},{"taxonomy":"product_tag","embeddable":true,"href":"https:\/\/wizardly-davinci.82-223-8-23.plesk.page\/en\/wp-json\/wp\/v2\/product_tag?post=62138"},{"taxonomy":"edicion","embeddable":true,"href":"https:\/\/wizardly-davinci.82-223-8-23.plesk.page\/en\/wp-json\/wp\/v2\/edicion?post=62138"},{"taxonomy":"editoriales","embeddable":true,"href":"https:\/\/wizardly-davinci.82-223-8-23.plesk.page\/en\/wp-json\/wp\/v2\/editoriales?post=62138"},{"taxonomy":"tienda","embeddable":true,"href":"https:\/\/wizardly-davinci.82-223-8-23.plesk.page\/en\/wp-json\/wp\/v2\/tienda?post=62138"},{"taxonomy":"autor_id","embeddable":true,"href":"https:\/\/wizardly-davinci.82-223-8-23.plesk.page\/en\/wp-json\/wp\/v2\/autor_id?post=62138"},{"taxonomy":"universidades_coeditoras","embeddable":true,"href":"https:\/\/wizardly-davinci.82-223-8-23.plesk.page\/en\/wp-json\/wp\/v2\/universidades_coeditoras?post=62138"},{"taxonomy":"palabras_clave","embeddable":true,"href":"https:\/\/wizardly-davinci.82-223-8-23.plesk.page\/en\/wp-json\/wp\/v2\/palabras_clave?post=62138"},{"taxonomy":"listado_alfabetico","embeddable":true,"href":"https:\/\/wizardly-davinci.82-223-8-23.plesk.page\/en\/wp-json\/wp\/v2\/listado_alfabetico?post=62138"}],"curies":[{"name":"wp","href":"https:\/\/api.w.org\/{rel}","templated":true}]}}