{"id":62264,"date":"2022-12-12T18:09:12","date_gmt":"2022-12-12T17:09:12","guid":{"rendered":"https:\/\/octaedro.com\/?post_type=product&#038;p=62264"},"modified":"2022-12-12T18:14:17","modified_gmt":"2022-12-12T17:14:17","slug":"interdisciplinary-aspects-of-educational-research-for-the-structuring-of-knowledge-aspectos-interdisciplinares-para-la-investigacion-educativa-en-la-estructuracion-del-conocimiento","status":"publish","type":"product","link":"https:\/\/wizardly-davinci.82-223-8-23.plesk.page\/en\/producto\/interdisciplinary-aspects-of-educational-research-for-the-structuring-of-knowledge-aspectos-interdisciplinares-para-la-investigacion-educativa-en-la-estructuracion-del-conocimiento\/","title":{"rendered":"Interdisciplinary Aspects of Educational Research for the Structuring of Knowledge \/ Aspectos interdisciplinares para la investigaci\u00f3n educativa en la estructuraci\u00f3n del conocimiento"},"content":{"rendered":"","protected":false},"excerpt":{"rendered":"<div>\n<p class=\"Ningnestilodeprrafo\"><span lang=\"EN-US\">Contributing to the improvement of Education is contributing to the development of one of the most valuable assets in society. Education is even more valuable for the attachment of meaning to knowledge, and it is crucial for creating methods that allow and promote the teaching of key elements in the transmission of knowledge itself. Because Knowledge itself must be fed by as many scientific and technical disciplines as possible to create the most comprehensive group of data, Education must also be able of being interdisciplinary and to adapt its vocation for constructing and structuring knowledge to this interdisciplinarity. Interdisciplinarity offers an additional plasticity of thought, knowing how to adapt itself to ideas\u2013without having to embrace them\u2013to be able to identify and enhance their value\u2013or reject them because they lack such value\u2013with the ultimate goal of improving global knowledge. In this dialogue between the minute (data, information) and the general (Knowledge), Education is crucial with its structuring and embodiment of all the above-mentioned elements and its contribution to the <i>\u1f00\u03c1\u03b5\u03c4\u03ae aret\u1e17<\/i> \u2018excellence\u2019 of society, which goes beyond data because it provides them with a structure and turns them into significant knowledge through Education. The acquisition of <i>\u1f00\u03c1\u03b5\u03c4\u03ae <\/i>was the main goal of <i>\u03c0\u03b1\u03b9\u03b4\u03b5\u03af\u03b1<\/i>. For this reason, the goal of this volume is to constitute a significant sample of the value that good educational research can offer to the structuring of knowledge.<\/span><\/p>\n<\/div>\n<div>\n<p class=\"Ningnestilodeprrafo\"><span lang=\"EN-US\">\u00a0<\/span><\/p>\n<\/div>\n<div>\n<p class=\"Ningnestilodeprrafo\"><span lang=\"ES-TRAD\">Contribuir a la mejora de la Educaci\u00f3n es contribuir al desarrollo de uno de los activos de m\u00e1s alto valor a\u00f1adido de la sociedad. La Educaci\u00f3n es tanto m\u00e1s valiosa todav\u00eda porque es fundamental para la generaci\u00f3n de significaci\u00f3n al conocimiento, al tiempo que es crucial para la generaci\u00f3n de m\u00e9todos que permiten y promueven ense\u00f1ar las claves para la transmisi\u00f3n del conocimiento mismo. Como el Conocimiento mismo se debe nutrir de los aportes de tantas disciplinas, ciencias y t\u00e9cnicas sea posible a fin de poder establecer el c\u00famulo de datos tan completo como sea, la Educaci\u00f3n debe ser igualmente adepta a la interdisciplinaridad y debe saber adaptar a la misma su vocaci\u00f3n por la construcci\u00f3n y estructuraci\u00f3n del Conocimiento. La interdisciplinariedad aporta el plus de la plasticidad del pensamiento, saber adaptarse a las ideas \u2013sin ser necesariamente adeptos a las mismas\u2013 para poder identificar y potenciar su valor \u2013o desecharlas por no tenerlo\u2013 en pro de la mejora del conocimiento global. En este di\u00e1logo entre el detalle (informaci\u00f3n, datos) y lo general (Conocimiento), la Educaci\u00f3n es crucial por su labor de estructuraci\u00f3n e incardinaci\u00f3n de todo ello y contribuye esencialmente a la <\/span><i><span lang=\"ES-TRAD\">\u1f00\u03c1\u03b5\u03c4\u03ae aret\u1e17<\/span><\/i><span lang=\"ES-TRAD\"> \u2018excelencia\u2019 <\/span><span lang=\"ES-TRAD\">de la sociedad; esta va m\u00e1s all\u00e1 de los datos pues los estructura y convierte en conocimiento significativo por medio de la Educaci\u00f3n. <\/span><span lang=\"ES-TRAD\">La adquisici\u00f3n de la <i>\u1f00\u03c1\u03b5\u03c4\u03ae<\/i> era la vocaci\u00f3n de la <i>\u03c0\u03b1\u03b9\u03b4\u03b5\u03af\u03b1<\/i>. <\/span><span lang=\"ES-TRAD\">Por todo ello, el presente libro tiene el objetivo de constituir una muestra significava del valor de lo bueno que la investigaci\u00f3n educativa puede aportar a la estructuraci\u00f3n del conocimiento. <\/span><\/p>\n<\/div>\n","protected":false},"featured_media":62265,"comment_status":"open","ping_status":"closed","template":"","meta":{"_et_pb_use_builder":"","_et_pb_old_content":"","_et_gb_content_width":""},"product_cat":[2606,2873,6673],"product_tag":[7559],"edicion":[1084],"editoriales":[1160],"tienda":[],"autor_id":[22859,22805],"universidades_coeditoras":[],"palabras_clave":[],"listado_alfabetico":[],"acf":[],"_links":{"self":[{"href":"https:\/\/wizardly-davinci.82-223-8-23.plesk.page\/en\/wp-json\/wp\/v2\/product\/62264"}],"collection":[{"href":"https:\/\/wizardly-davinci.82-223-8-23.plesk.page\/en\/wp-json\/wp\/v2\/product"}],"about":[{"href":"https:\/\/wizardly-davinci.82-223-8-23.plesk.page\/en\/wp-json\/wp\/v2\/types\/product"}],"replies":[{"embeddable":true,"href":"https:\/\/wizardly-davinci.82-223-8-23.plesk.page\/en\/wp-json\/wp\/v2\/comments?post=62264"}],"wp:featuredmedia":[{"embeddable":true,"href":"https:\/\/wizardly-davinci.82-223-8-23.plesk.page\/en\/wp-json\/wp\/v2\/media\/62265"}],"wp:attachment":[{"href":"https:\/\/wizardly-davinci.82-223-8-23.plesk.page\/en\/wp-json\/wp\/v2\/media?parent=62264"}],"wp:term":[{"taxonomy":"product_cat","embeddable":true,"href":"https:\/\/wizardly-davinci.82-223-8-23.plesk.page\/en\/wp-json\/wp\/v2\/product_cat?post=62264"},{"taxonomy":"product_tag","embeddable":true,"href":"https:\/\/wizardly-davinci.82-223-8-23.plesk.page\/en\/wp-json\/wp\/v2\/product_tag?post=62264"},{"taxonomy":"edicion","embeddable":true,"href":"https:\/\/wizardly-davinci.82-223-8-23.plesk.page\/en\/wp-json\/wp\/v2\/edicion?post=62264"},{"taxonomy":"editoriales","embeddable":true,"href":"https:\/\/wizardly-davinci.82-223-8-23.plesk.page\/en\/wp-json\/wp\/v2\/editoriales?post=62264"},{"taxonomy":"tienda","embeddable":true,"href":"https:\/\/wizardly-davinci.82-223-8-23.plesk.page\/en\/wp-json\/wp\/v2\/tienda?post=62264"},{"taxonomy":"autor_id","embeddable":true,"href":"https:\/\/wizardly-davinci.82-223-8-23.plesk.page\/en\/wp-json\/wp\/v2\/autor_id?post=62264"},{"taxonomy":"universidades_coeditoras","embeddable":true,"href":"https:\/\/wizardly-davinci.82-223-8-23.plesk.page\/en\/wp-json\/wp\/v2\/universidades_coeditoras?post=62264"},{"taxonomy":"palabras_clave","embeddable":true,"href":"https:\/\/wizardly-davinci.82-223-8-23.plesk.page\/en\/wp-json\/wp\/v2\/palabras_clave?post=62264"},{"taxonomy":"listado_alfabetico","embeddable":true,"href":"https:\/\/wizardly-davinci.82-223-8-23.plesk.page\/en\/wp-json\/wp\/v2\/listado_alfabetico?post=62264"}],"curies":[{"name":"wp","href":"https:\/\/api.w.org\/{rel}","templated":true}]}}