{"id":62290,"date":"2022-12-14T16:45:29","date_gmt":"2022-12-14T15:45:29","guid":{"rendered":"https:\/\/octaedro.com\/?post_type=product&#038;p=62290"},"modified":"2023-03-08T17:53:37","modified_gmt":"2023-03-08T16:53:37","slug":"investigacion-en-educacion-sobre-las-tic-y-los-metodos-activos-en-ciencias-sociales","status":"publish","type":"product","link":"https:\/\/wizardly-davinci.82-223-8-23.plesk.page\/en\/producto\/investigacion-en-educacion-sobre-las-tic-y-los-metodos-activos-en-ciencias-sociales\/","title":{"rendered":"Investigaci\u00f3n en educaci\u00f3n sobre las TIC y los m\u00e9todos activos en Ciencias Sociales"},"content":{"rendered":"","protected":false},"excerpt":{"rendered":"<p>La gran diversidad de los fen\u00f3menos educativos influenciados por las TIC est\u00e1 planteando nuevos paradigmas en la investigaci\u00f3n educativa en las ciencias sociales que apuntan a la necesidad de dar mayor peso a las preocupaciones de los docentes, siendo vital que estos vuelvan a tener m\u00e1s oportunidades de reciclarse profesionalmente en relaci\u00f3n con las TIC y los m\u00e9todos activos.<\/p>\n<p>En esta obra se hallan trabajos de investigaci\u00f3n sobre tecnolog\u00eda y su vinculaci\u00f3n a las ciencias sociales, as\u00ed como investigaciones sobre los valores y educaci\u00f3n, la Escuela de Maestros desde el modelo Etievan, la geograf\u00eda del abandono universitario, el diagn\u00f3stico de las necesidades percibidas en los menores con medidas judiciales, el an\u00e1lisis de las competencias cient\u00edficas tras una intervenci\u00f3n did\u00e1ctica gamificada con tecnolog\u00eda, el an\u00e1lisis sobre los contenidos presentes en la ense\u00f1anza de la historia, los estilos de pensamiento y posici\u00f3n epist\u00e9mica, y el enfoque did\u00e1ctico sobre la manufactura de la seda en el callejero de Granada.<\/p>\n<p>Sin duda, estamos ante una obra referente de investigaci\u00f3n en educaci\u00f3n sobre las TIC y los m\u00e9todos activos en las ciencias sociales.<\/p>\n","protected":false},"featured_media":62291,"comment_status":"open","ping_status":"closed","template":"","meta":{"_et_pb_use_builder":"","_et_pb_old_content":"","_et_gb_content_width":""},"product_cat":[2606,6673],"product_tag":[2605],"edicion":[1084],"editoriales":[1160],"tienda":[],"autor_id":[5358,5695,22863,10464],"universidades_coeditoras":[],"palabras_clave":[],"listado_alfabetico":[],"acf":[],"_links":{"self":[{"href":"https:\/\/wizardly-davinci.82-223-8-23.plesk.page\/en\/wp-json\/wp\/v2\/product\/62290"}],"collection":[{"href":"https:\/\/wizardly-davinci.82-223-8-23.plesk.page\/en\/wp-json\/wp\/v2\/product"}],"about":[{"href":"https:\/\/wizardly-davinci.82-223-8-23.plesk.page\/en\/wp-json\/wp\/v2\/types\/product"}],"replies":[{"embeddable":true,"href":"https:\/\/wizardly-davinci.82-223-8-23.plesk.page\/en\/wp-json\/wp\/v2\/comments?post=62290"}],"wp:featuredmedia":[{"embeddable":true,"href":"https:\/\/wizardly-davinci.82-223-8-23.plesk.page\/en\/wp-json\/wp\/v2\/media\/62291"}],"wp:attachment":[{"href":"https:\/\/wizardly-davinci.82-223-8-23.plesk.page\/en\/wp-json\/wp\/v2\/media?parent=62290"}],"wp:term":[{"taxonomy":"product_cat","embeddable":true,"href":"https:\/\/wizardly-davinci.82-223-8-23.plesk.page\/en\/wp-json\/wp\/v2\/product_cat?post=62290"},{"taxonomy":"product_tag","embeddable":true,"href":"https:\/\/wizardly-davinci.82-223-8-23.plesk.page\/en\/wp-json\/wp\/v2\/product_tag?post=62290"},{"taxonomy":"edicion","embeddable":true,"href":"https:\/\/wizardly-davinci.82-223-8-23.plesk.page\/en\/wp-json\/wp\/v2\/edicion?post=62290"},{"taxonomy":"editoriales","embeddable":true,"href":"https:\/\/wizardly-davinci.82-223-8-23.plesk.page\/en\/wp-json\/wp\/v2\/editoriales?post=62290"},{"taxonomy":"tienda","embeddable":true,"href":"https:\/\/wizardly-davinci.82-223-8-23.plesk.page\/en\/wp-json\/wp\/v2\/tienda?post=62290"},{"taxonomy":"autor_id","embeddable":true,"href":"https:\/\/wizardly-davinci.82-223-8-23.plesk.page\/en\/wp-json\/wp\/v2\/autor_id?post=62290"},{"taxonomy":"universidades_coeditoras","embeddable":true,"href":"https:\/\/wizardly-davinci.82-223-8-23.plesk.page\/en\/wp-json\/wp\/v2\/universidades_coeditoras?post=62290"},{"taxonomy":"palabras_clave","embeddable":true,"href":"https:\/\/wizardly-davinci.82-223-8-23.plesk.page\/en\/wp-json\/wp\/v2\/palabras_clave?post=62290"},{"taxonomy":"listado_alfabetico","embeddable":true,"href":"https:\/\/wizardly-davinci.82-223-8-23.plesk.page\/en\/wp-json\/wp\/v2\/listado_alfabetico?post=62290"}],"curies":[{"name":"wp","href":"https:\/\/api.w.org\/{rel}","templated":true}]}}