{"id":62308,"date":"2022-12-14T17:30:51","date_gmt":"2022-12-14T16:30:51","guid":{"rendered":"https:\/\/octaedro.com\/?post_type=product&#038;p=62308"},"modified":"2023-03-03T16:25:31","modified_gmt":"2023-03-03T15:25:31","slug":"el-coronavirus-es-verd-imaginaris-de-la-pandemia","status":"publish","type":"product","link":"https:\/\/wizardly-davinci.82-223-8-23.plesk.page\/en\/producto\/el-coronavirus-es-verd-imaginaris-de-la-pandemia\/","title":{"rendered":"El coronavirus \u00e9s verd! Imaginaris de la pand\u00e8mia"},"content":{"rendered":"","protected":false},"excerpt":{"rendered":"<p>La malaltia de la covid-19 ha sacsejat el nostre planeta durant els tres darrers anys. Anteriorment, moltes altres epid\u00e8mies i algunes pand\u00e8mies havien causat en el seu context hist\u00f2ric un impacte social i personal molt alt, amb els canvis conseg\u00fcents en els diferents \u00e0mbits de la societat. Tan-mateix, podem dir que les transformacions provocades per la covid-19 han estat m\u00e9s r\u00e0pides i evidents, entre altres motius, per la facilitat de moviment dels individus i per l\u2019exist\u00e8ncia d\u2019Internet, que possibilita la propagaci\u00f3 de la informaci\u00f3 a tots els racons del m\u00f3n. Per tot aix\u00f2, les paraules vinculades a aquesta pand\u00e8mia s\u00f3n un exemple paradigm\u00e0tic de les transformacions que solen patir els termes quan el seu \u00fas i la seva circulaci\u00f3 s\u2019eixamplen. Per\u00f2 com ha repercutit aquesta situaci\u00f3 en els m\u00e9s joves de la societat? Com han assimilat l\u2019allau de paraules especialitzades que s\u2019han dif\u00f3s fora de les esferes dels experts?<\/p>\n<p>Rosa Estop\u00e0 ha aconseguit aplegar un extraordinari grup d\u2019autors de diversos camps amb un objectiu concret: examinar els imaginaris que la pand\u00e8mia ha generat en els nens i els adolescents a trav\u00e9s de 22 termes, com ara <em>coronavirus, dist\u00e0ncia social, a\u00efllament, mascareta <\/em>o<em> quarantena<\/em>. Els nens i els adolescents, com sabem, han estat molt afectats per la pand\u00e8mia, tot i que les seves veus, idees i experi\u00e8ncies a penes s\u2019han tingut en compte. L\u2019originalitat d\u2019aquest llibre rau en el fet que comparteix les definicions descriptives dels mots m\u00e9s representatius de la pand\u00e8mia de covid-19, aix\u00ed com els dibuixos corresponents, que han elaborat alumnes de Prim\u00e0ria i Secund\u00e0ria durant el 2022. Aquesta informaci\u00f3 \u00e9s tan valuosa com bella, alhora que \u00e9s transparent i incisiva, ja que permet explicar els imaginaris dels menors despr\u00e9s de l\u2019experi\u00e8ncia vital d\u2019haver viscut la primera pand\u00e8mia del segle XXI.<\/p>\n","protected":false},"featured_media":62309,"comment_status":"open","ping_status":"closed","template":"","meta":{"_et_pb_use_builder":"","_et_pb_old_content":"","_et_gb_content_width":""},"product_cat":[1512,6675,1510],"product_tag":[2602],"edicion":[1083],"editoriales":[1160],"tienda":[],"autor_id":[22869],"universidades_coeditoras":[],"palabras_clave":[],"listado_alfabetico":[],"acf":[],"_links":{"self":[{"href":"https:\/\/wizardly-davinci.82-223-8-23.plesk.page\/en\/wp-json\/wp\/v2\/product\/62308"}],"collection":[{"href":"https:\/\/wizardly-davinci.82-223-8-23.plesk.page\/en\/wp-json\/wp\/v2\/product"}],"about":[{"href":"https:\/\/wizardly-davinci.82-223-8-23.plesk.page\/en\/wp-json\/wp\/v2\/types\/product"}],"replies":[{"embeddable":true,"href":"https:\/\/wizardly-davinci.82-223-8-23.plesk.page\/en\/wp-json\/wp\/v2\/comments?post=62308"}],"wp:featuredmedia":[{"embeddable":true,"href":"https:\/\/wizardly-davinci.82-223-8-23.plesk.page\/en\/wp-json\/wp\/v2\/media\/62309"}],"wp:attachment":[{"href":"https:\/\/wizardly-davinci.82-223-8-23.plesk.page\/en\/wp-json\/wp\/v2\/media?parent=62308"}],"wp:term":[{"taxonomy":"product_cat","embeddable":true,"href":"https:\/\/wizardly-davinci.82-223-8-23.plesk.page\/en\/wp-json\/wp\/v2\/product_cat?post=62308"},{"taxonomy":"product_tag","embeddable":true,"href":"https:\/\/wizardly-davinci.82-223-8-23.plesk.page\/en\/wp-json\/wp\/v2\/product_tag?post=62308"},{"taxonomy":"edicion","embeddable":true,"href":"https:\/\/wizardly-davinci.82-223-8-23.plesk.page\/en\/wp-json\/wp\/v2\/edicion?post=62308"},{"taxonomy":"editoriales","embeddable":true,"href":"https:\/\/wizardly-davinci.82-223-8-23.plesk.page\/en\/wp-json\/wp\/v2\/editoriales?post=62308"},{"taxonomy":"tienda","embeddable":true,"href":"https:\/\/wizardly-davinci.82-223-8-23.plesk.page\/en\/wp-json\/wp\/v2\/tienda?post=62308"},{"taxonomy":"autor_id","embeddable":true,"href":"https:\/\/wizardly-davinci.82-223-8-23.plesk.page\/en\/wp-json\/wp\/v2\/autor_id?post=62308"},{"taxonomy":"universidades_coeditoras","embeddable":true,"href":"https:\/\/wizardly-davinci.82-223-8-23.plesk.page\/en\/wp-json\/wp\/v2\/universidades_coeditoras?post=62308"},{"taxonomy":"palabras_clave","embeddable":true,"href":"https:\/\/wizardly-davinci.82-223-8-23.plesk.page\/en\/wp-json\/wp\/v2\/palabras_clave?post=62308"},{"taxonomy":"listado_alfabetico","embeddable":true,"href":"https:\/\/wizardly-davinci.82-223-8-23.plesk.page\/en\/wp-json\/wp\/v2\/listado_alfabetico?post=62308"}],"curies":[{"name":"wp","href":"https:\/\/api.w.org\/{rel}","templated":true}]}}