{"id":62352,"date":"2022-12-15T17:26:15","date_gmt":"2022-12-15T16:26:15","guid":{"rendered":"https:\/\/octaedro.com\/?post_type=product&#038;p=62352"},"modified":"2023-04-25T18:23:34","modified_gmt":"2023-04-25T16:23:34","slug":"mas-sabios-y-felices-a-partir-de-los-60","status":"publish","type":"product","link":"https:\/\/wizardly-davinci.82-223-8-23.plesk.page\/en\/producto\/mas-sabios-y-felices-a-partir-de-los-60\/","title":{"rendered":"M\u00e1s sabios y felices a partir de los 60"},"content":{"rendered":"","protected":false},"excerpt":{"rendered":"<p>\u00bfC\u00f3mo se imagina a los 70 a\u00f1os? Su futuro comienza hoy.<\/p>\n<p>A trav\u00e9s de la lectura de este libro se pretende transmitir una imagen positiva del desarrollo humano y del envejecimiento, donde, a trav\u00e9s de pr\u00e1cticas preventivas, se pueda disfrutar de una edad madura saludable. Cabe desterrar el s\u00edmil de \u00abancianidad = enfermedad\u00bb, y sustituirlo por el de \u00abancianidad = sabidur\u00eda\u00bb.<\/p>\n<p>Los estudios sobre el aprendizaje y el envejecimiento apuntan a un desarrollo continuo y un abanico de amplias posibilidades a cualquier edad. Porque a cualquier edad se puede seguir aprendiendo, seguir influyendo en la salud a trav\u00e9s de pr\u00e1cticas preventivas como los h\u00e1bitos saludables, la gesti\u00f3n de las emociones o el cambio de pensamientos o falsas creencias. El requisito necesario es creer en ello, creer en las posibilidades de apertura, de cambio y crecimiento en cualquier etapa de la vida.<\/p>\n<p>Con informaci\u00f3n rigurosa y contrastada cient\u00edficamente sobre el envejecimiento saludable, se incluyen diversos ejercicios pr\u00e1cticos que ayudar\u00e1n al lector a poner en pr\u00e1ctica conductas, pensamientos y emociones para fomentar un estado de bienestar.<\/p>\n","protected":false},"featured_media":62353,"comment_status":"open","ping_status":"closed","template":"","meta":{"_et_pb_use_builder":"","_et_pb_old_content":"","_et_gb_content_width":""},"product_cat":[1512,6675],"product_tag":[2602],"edicion":[1083],"editoriales":[1160],"tienda":[],"autor_id":[22871],"universidades_coeditoras":[],"palabras_clave":[],"listado_alfabetico":[],"acf":[],"_links":{"self":[{"href":"https:\/\/wizardly-davinci.82-223-8-23.plesk.page\/en\/wp-json\/wp\/v2\/product\/62352"}],"collection":[{"href":"https:\/\/wizardly-davinci.82-223-8-23.plesk.page\/en\/wp-json\/wp\/v2\/product"}],"about":[{"href":"https:\/\/wizardly-davinci.82-223-8-23.plesk.page\/en\/wp-json\/wp\/v2\/types\/product"}],"replies":[{"embeddable":true,"href":"https:\/\/wizardly-davinci.82-223-8-23.plesk.page\/en\/wp-json\/wp\/v2\/comments?post=62352"}],"wp:featuredmedia":[{"embeddable":true,"href":"https:\/\/wizardly-davinci.82-223-8-23.plesk.page\/en\/wp-json\/wp\/v2\/media\/62353"}],"wp:attachment":[{"href":"https:\/\/wizardly-davinci.82-223-8-23.plesk.page\/en\/wp-json\/wp\/v2\/media?parent=62352"}],"wp:term":[{"taxonomy":"product_cat","embeddable":true,"href":"https:\/\/wizardly-davinci.82-223-8-23.plesk.page\/en\/wp-json\/wp\/v2\/product_cat?post=62352"},{"taxonomy":"product_tag","embeddable":true,"href":"https:\/\/wizardly-davinci.82-223-8-23.plesk.page\/en\/wp-json\/wp\/v2\/product_tag?post=62352"},{"taxonomy":"edicion","embeddable":true,"href":"https:\/\/wizardly-davinci.82-223-8-23.plesk.page\/en\/wp-json\/wp\/v2\/edicion?post=62352"},{"taxonomy":"editoriales","embeddable":true,"href":"https:\/\/wizardly-davinci.82-223-8-23.plesk.page\/en\/wp-json\/wp\/v2\/editoriales?post=62352"},{"taxonomy":"tienda","embeddable":true,"href":"https:\/\/wizardly-davinci.82-223-8-23.plesk.page\/en\/wp-json\/wp\/v2\/tienda?post=62352"},{"taxonomy":"autor_id","embeddable":true,"href":"https:\/\/wizardly-davinci.82-223-8-23.plesk.page\/en\/wp-json\/wp\/v2\/autor_id?post=62352"},{"taxonomy":"universidades_coeditoras","embeddable":true,"href":"https:\/\/wizardly-davinci.82-223-8-23.plesk.page\/en\/wp-json\/wp\/v2\/universidades_coeditoras?post=62352"},{"taxonomy":"palabras_clave","embeddable":true,"href":"https:\/\/wizardly-davinci.82-223-8-23.plesk.page\/en\/wp-json\/wp\/v2\/palabras_clave?post=62352"},{"taxonomy":"listado_alfabetico","embeddable":true,"href":"https:\/\/wizardly-davinci.82-223-8-23.plesk.page\/en\/wp-json\/wp\/v2\/listado_alfabetico?post=62352"}],"curies":[{"name":"wp","href":"https:\/\/api.w.org\/{rel}","templated":true}]}}