{"id":62363,"date":"2022-12-16T17:42:56","date_gmt":"2022-12-16T16:42:56","guid":{"rendered":"https:\/\/octaedro.com\/?post_type=product&#038;p=62363"},"modified":"2023-03-08T17:57:39","modified_gmt":"2023-03-08T16:57:39","slug":"educacion-de-calidad-a-traves-de-la-innovacion-las-tic-y-la-formacion-docente","status":"publish","type":"product","link":"https:\/\/wizardly-davinci.82-223-8-23.plesk.page\/en\/producto\/educacion-de-calidad-a-traves-de-la-innovacion-las-tic-y-la-formacion-docente\/","title":{"rendered":"Educaci\u00f3n de calidad a trav\u00e9s de la innovaci\u00f3n, las TIC y la formaci\u00f3n docente"},"content":{"rendered":"","protected":false},"excerpt":{"rendered":"<p>La pandemia ha obligado a los sistemas educativos a utilizar un modelo pedag\u00f3gico en el cual el proceso de ense\u00f1anza-aprendizaje se potencia bas\u00e1ndose en las TIC, con el consiguiente reto que ata\u00f1e a la inclusi\u00f3n.<\/p>\n<p>En esta obra se pueden hallar diversas investigaciones sobre c\u00f3mo atender a la diversidad en la universidad a trav\u00e9s de las TIC, los recursos tecnol\u00f3gicos como estrategia de mediaci\u00f3n para el aprendizaje de la lectura, los videojuegos con fines educativos, la seguridad digital y el aprendizaje virtual, los conceptos fundamentales de la educaci\u00f3n, la educaci\u00f3n de calidad, la educaci\u00f3n intercultural en las aulas espa\u00f1olas, el uso de las horas de tutor\u00eda en ESO, la formaci\u00f3n del profesorado en competencias digitales para favorecer la inclusi\u00f3n e innovaci\u00f3n, las universidades andaluzas ante el reto de la inclusi\u00f3n educativa del alumnado con diversidad funcional, y la neuropedagog\u00eda de las IoT para la atenci\u00f3n a la diversidad.<\/p>\n<p>Tambi\u00e9n se pueden hallar investigaciones sobre reflexiones para formar al profesorado en atenci\u00f3n a la diversidad, las implicaciones neurobiol\u00f3gicas en el proceso de ense\u00f1anza-aprendizaje, la educaci\u00f3n emocional a trav\u00e9s de la expresi\u00f3n corporal, las aulas especializadas, la relevancia de los programas educativos recreativos y de ocio, la inteligencia emocional y su impacto en el rendimiento acad\u00e9mico, el pensamiento visual en la did\u00e1ctica de la anatom\u00eda, el dise\u00f1o de un mapa de prioridades en la Regi\u00f3n de Murcia para la inclusi\u00f3n educativa, y sobre la oportunidad para el emprendimiento social en Latinoam\u00e9rica.<\/p>\n<p>Estamos, sin duda, ante una obra referente de investigaci\u00f3n en educaci\u00f3n sobre la calidad y el reto inclusivo del siglo XXI.<\/p>\n","protected":false},"featured_media":62364,"comment_status":"open","ping_status":"closed","template":"","meta":{"_et_pb_use_builder":"","_et_pb_old_content":"","_et_gb_content_width":""},"product_cat":[2606,6673],"product_tag":[2605],"edicion":[1084],"editoriales":[1160],"tienda":[],"autor_id":[10550,5092,22875,22876],"universidades_coeditoras":[],"palabras_clave":[],"listado_alfabetico":[],"acf":[],"_links":{"self":[{"href":"https:\/\/wizardly-davinci.82-223-8-23.plesk.page\/en\/wp-json\/wp\/v2\/product\/62363"}],"collection":[{"href":"https:\/\/wizardly-davinci.82-223-8-23.plesk.page\/en\/wp-json\/wp\/v2\/product"}],"about":[{"href":"https:\/\/wizardly-davinci.82-223-8-23.plesk.page\/en\/wp-json\/wp\/v2\/types\/product"}],"replies":[{"embeddable":true,"href":"https:\/\/wizardly-davinci.82-223-8-23.plesk.page\/en\/wp-json\/wp\/v2\/comments?post=62363"}],"wp:featuredmedia":[{"embeddable":true,"href":"https:\/\/wizardly-davinci.82-223-8-23.plesk.page\/en\/wp-json\/wp\/v2\/media\/62364"}],"wp:attachment":[{"href":"https:\/\/wizardly-davinci.82-223-8-23.plesk.page\/en\/wp-json\/wp\/v2\/media?parent=62363"}],"wp:term":[{"taxonomy":"product_cat","embeddable":true,"href":"https:\/\/wizardly-davinci.82-223-8-23.plesk.page\/en\/wp-json\/wp\/v2\/product_cat?post=62363"},{"taxonomy":"product_tag","embeddable":true,"href":"https:\/\/wizardly-davinci.82-223-8-23.plesk.page\/en\/wp-json\/wp\/v2\/product_tag?post=62363"},{"taxonomy":"edicion","embeddable":true,"href":"https:\/\/wizardly-davinci.82-223-8-23.plesk.page\/en\/wp-json\/wp\/v2\/edicion?post=62363"},{"taxonomy":"editoriales","embeddable":true,"href":"https:\/\/wizardly-davinci.82-223-8-23.plesk.page\/en\/wp-json\/wp\/v2\/editoriales?post=62363"},{"taxonomy":"tienda","embeddable":true,"href":"https:\/\/wizardly-davinci.82-223-8-23.plesk.page\/en\/wp-json\/wp\/v2\/tienda?post=62363"},{"taxonomy":"autor_id","embeddable":true,"href":"https:\/\/wizardly-davinci.82-223-8-23.plesk.page\/en\/wp-json\/wp\/v2\/autor_id?post=62363"},{"taxonomy":"universidades_coeditoras","embeddable":true,"href":"https:\/\/wizardly-davinci.82-223-8-23.plesk.page\/en\/wp-json\/wp\/v2\/universidades_coeditoras?post=62363"},{"taxonomy":"palabras_clave","embeddable":true,"href":"https:\/\/wizardly-davinci.82-223-8-23.plesk.page\/en\/wp-json\/wp\/v2\/palabras_clave?post=62363"},{"taxonomy":"listado_alfabetico","embeddable":true,"href":"https:\/\/wizardly-davinci.82-223-8-23.plesk.page\/en\/wp-json\/wp\/v2\/listado_alfabetico?post=62363"}],"curies":[{"name":"wp","href":"https:\/\/api.w.org\/{rel}","templated":true}]}}