{"id":62371,"date":"2022-12-16T18:38:47","date_gmt":"2022-12-16T17:38:47","guid":{"rendered":"https:\/\/octaedro.com\/?post_type=product&#038;p=62371"},"modified":"2023-03-08T17:56:26","modified_gmt":"2023-03-08T16:56:26","slug":"investigacion-educativa-sobre-recursos-tecnologicos-y-metodos-activos","status":"publish","type":"product","link":"https:\/\/wizardly-davinci.82-223-8-23.plesk.page\/en\/producto\/investigacion-educativa-sobre-recursos-tecnologicos-y-metodos-activos\/","title":{"rendered":"Investigaci\u00f3n educativa sobre recursos tecnol\u00f3gicos y m\u00e9todos activos"},"content":{"rendered":"","protected":false},"excerpt":{"rendered":"<p>Durante la pandemia de COVID-19 se ha luchado por mantener altos niveles de calidad en educaci\u00f3n. Los agentes implicados han adaptado sus metodolog\u00edas de ense\u00f1anza-aprendizaje a la excepcionalidad vivida. Los protagonistas del proceso educativo, las familias y sus entornos, han aprendido nuevas tecnolog\u00edas, din\u00e1micas de ense\u00f1anza, evaluaci\u00f3n, tutorizaci\u00f3n, control de los procesos de ense\u00f1anza-aprendizaje y nuevas formas de relacionarnos en un contexto de confianza y representatividad. Superada esta situaci\u00f3n, se nos plantea c\u00f3mo aprovechar el impulso tecnol\u00f3gico y did\u00e1ctico que nos ha proporcionado valiosas herramientas educativas y amplios bagajes de competencias.<\/p>\n<p>Esta obra representa una imagen actual de los procesos educativos en el escenario tradicional al que volvemos a enfrentamos ofreciendo aportaciones en los diferentes niveles educativos, tanto del alumnado como del profesorado y de las propias instituciones educativas, que siguen poniendo a disposici\u00f3n de todos los colectivos herramientas que construidas exprofeso para esa situaci\u00f3n sanitaria excepcional.<\/p>\n<p>Se profundiza en las herramientas facilitadas para el <em>e-learning<\/em> y <em>m-learning<\/em>, y en metodolog\u00edas educativas cl\u00e1sicas a\u00fan vigentes en el siglo XXI, en Educaci\u00f3n Secundaria se aporta una amplia visi\u00f3n de la RA, la planificaci\u00f3n, las metodolog\u00edas para la inclusi\u00f3n y la prevenci\u00f3n de riesgos educativos en el aula, y en Primaria se desarrollan metodolog\u00edas activas dentro del aula y la implementaci\u00f3n de competencias necesarias para el profesorado.<\/p>\n","protected":false},"featured_media":62372,"comment_status":"open","ping_status":"closed","template":"","meta":{"_et_pb_use_builder":"","_et_pb_old_content":"","_et_gb_content_width":""},"product_cat":[2606,6673],"product_tag":[2605],"edicion":[1084],"editoriales":[1160],"tienda":[],"autor_id":[22881,15590,22879,10645],"universidades_coeditoras":[],"palabras_clave":[],"listado_alfabetico":[],"acf":[],"_links":{"self":[{"href":"https:\/\/wizardly-davinci.82-223-8-23.plesk.page\/en\/wp-json\/wp\/v2\/product\/62371"}],"collection":[{"href":"https:\/\/wizardly-davinci.82-223-8-23.plesk.page\/en\/wp-json\/wp\/v2\/product"}],"about":[{"href":"https:\/\/wizardly-davinci.82-223-8-23.plesk.page\/en\/wp-json\/wp\/v2\/types\/product"}],"replies":[{"embeddable":true,"href":"https:\/\/wizardly-davinci.82-223-8-23.plesk.page\/en\/wp-json\/wp\/v2\/comments?post=62371"}],"wp:featuredmedia":[{"embeddable":true,"href":"https:\/\/wizardly-davinci.82-223-8-23.plesk.page\/en\/wp-json\/wp\/v2\/media\/62372"}],"wp:attachment":[{"href":"https:\/\/wizardly-davinci.82-223-8-23.plesk.page\/en\/wp-json\/wp\/v2\/media?parent=62371"}],"wp:term":[{"taxonomy":"product_cat","embeddable":true,"href":"https:\/\/wizardly-davinci.82-223-8-23.plesk.page\/en\/wp-json\/wp\/v2\/product_cat?post=62371"},{"taxonomy":"product_tag","embeddable":true,"href":"https:\/\/wizardly-davinci.82-223-8-23.plesk.page\/en\/wp-json\/wp\/v2\/product_tag?post=62371"},{"taxonomy":"edicion","embeddable":true,"href":"https:\/\/wizardly-davinci.82-223-8-23.plesk.page\/en\/wp-json\/wp\/v2\/edicion?post=62371"},{"taxonomy":"editoriales","embeddable":true,"href":"https:\/\/wizardly-davinci.82-223-8-23.plesk.page\/en\/wp-json\/wp\/v2\/editoriales?post=62371"},{"taxonomy":"tienda","embeddable":true,"href":"https:\/\/wizardly-davinci.82-223-8-23.plesk.page\/en\/wp-json\/wp\/v2\/tienda?post=62371"},{"taxonomy":"autor_id","embeddable":true,"href":"https:\/\/wizardly-davinci.82-223-8-23.plesk.page\/en\/wp-json\/wp\/v2\/autor_id?post=62371"},{"taxonomy":"universidades_coeditoras","embeddable":true,"href":"https:\/\/wizardly-davinci.82-223-8-23.plesk.page\/en\/wp-json\/wp\/v2\/universidades_coeditoras?post=62371"},{"taxonomy":"palabras_clave","embeddable":true,"href":"https:\/\/wizardly-davinci.82-223-8-23.plesk.page\/en\/wp-json\/wp\/v2\/palabras_clave?post=62371"},{"taxonomy":"listado_alfabetico","embeddable":true,"href":"https:\/\/wizardly-davinci.82-223-8-23.plesk.page\/en\/wp-json\/wp\/v2\/listado_alfabetico?post=62371"}],"curies":[{"name":"wp","href":"https:\/\/api.w.org\/{rel}","templated":true}]}}