{"id":62420,"date":"2022-12-22T16:54:35","date_gmt":"2022-12-22T15:54:35","guid":{"rendered":"https:\/\/octaedro.com\/?post_type=product&#038;p=62420"},"modified":"2023-04-26T16:45:25","modified_gmt":"2023-04-26T14:45:25","slug":"plan-de-continuidad-educativa-para-emergencias-y-crisis","status":"publish","type":"product","link":"https:\/\/wizardly-davinci.82-223-8-23.plesk.page\/en\/producto\/plan-de-continuidad-educativa-para-emergencias-y-crisis\/","title":{"rendered":"Plan de continuidad educativa para emergencias y crisis"},"content":{"rendered":"","protected":false},"excerpt":{"rendered":"<div>\n<p class=\"Ningnestilodeprrafo\"><span lang=\"ES-TRAD\">Durante los primeros a\u00f1os de la pandemia por covid-19 se hizo evidente el gran reto que tenemos las instituciones educativas de todo el mundo para garantizar la continuidad de los servicios educativos en casos de emergencia y crisis, un desaf\u00edo que mueve a la reflexi\u00f3n sobre la urgencia de promover una cultura asentada en planes estrat\u00e9gicos para la contingencia y que a su vez requieren la formulaci\u00f3n de planes capaces de anticipar l\u00edneas de acci\u00f3n que habr\u00e1 de seguir una instituci\u00f3n antes, durante y despu\u00e9s de eventos inesperados y de gran impacto, no solo de car\u00e1cter sanitario, sino cualesquiera otros originados por los riesgos potenciales que prevalecen en el contexto territorial y sociopol\u00edtico donde est\u00e9 situada dicha organizaci\u00f3n.<\/span><\/p>\n<\/div>\n<div>\n<p class=\"Ningnestilodeprrafo\"><span lang=\"ES-TRAD\">En raz\u00f3n de ello es que el libro <i>Plan de continuidad educativa para emergencias y crisis<\/i> constituye un referente clave para que los gestores educativos conozcan el porqu\u00e9, el qu\u00e9 y el c\u00f3mo elaborar un documento de estrategia para la continuidad de los servicios educativos en casos de contingencia a partir de las principales lecciones aprendidas y casos de \u00e9xito de universidades mexicanas que se describen en cada cap\u00edtulo, donde tambi\u00e9n se ofrecen recomendaciones de cada componente analizado para el proceso de elaboraci\u00f3n, considerando las dimensiones acad\u00e9mica, organizacional y tecnol\u00f3gica.<\/span><\/p>\n<\/div>\n","protected":false},"featured_media":62423,"comment_status":"open","ping_status":"closed","template":"","meta":{"_et_pb_use_builder":"","_et_pb_old_content":"","_et_gb_content_width":""},"product_cat":[2606,6936,6674,6675],"product_tag":[2608],"edicion":[1085,1083],"editoriales":[1160],"tienda":[],"autor_id":[22889,7298,22893],"universidades_coeditoras":[7273],"palabras_clave":[],"listado_alfabetico":[],"acf":[],"_links":{"self":[{"href":"https:\/\/wizardly-davinci.82-223-8-23.plesk.page\/en\/wp-json\/wp\/v2\/product\/62420"}],"collection":[{"href":"https:\/\/wizardly-davinci.82-223-8-23.plesk.page\/en\/wp-json\/wp\/v2\/product"}],"about":[{"href":"https:\/\/wizardly-davinci.82-223-8-23.plesk.page\/en\/wp-json\/wp\/v2\/types\/product"}],"replies":[{"embeddable":true,"href":"https:\/\/wizardly-davinci.82-223-8-23.plesk.page\/en\/wp-json\/wp\/v2\/comments?post=62420"}],"wp:featuredmedia":[{"embeddable":true,"href":"https:\/\/wizardly-davinci.82-223-8-23.plesk.page\/en\/wp-json\/wp\/v2\/media\/62423"}],"wp:attachment":[{"href":"https:\/\/wizardly-davinci.82-223-8-23.plesk.page\/en\/wp-json\/wp\/v2\/media?parent=62420"}],"wp:term":[{"taxonomy":"product_cat","embeddable":true,"href":"https:\/\/wizardly-davinci.82-223-8-23.plesk.page\/en\/wp-json\/wp\/v2\/product_cat?post=62420"},{"taxonomy":"product_tag","embeddable":true,"href":"https:\/\/wizardly-davinci.82-223-8-23.plesk.page\/en\/wp-json\/wp\/v2\/product_tag?post=62420"},{"taxonomy":"edicion","embeddable":true,"href":"https:\/\/wizardly-davinci.82-223-8-23.plesk.page\/en\/wp-json\/wp\/v2\/edicion?post=62420"},{"taxonomy":"editoriales","embeddable":true,"href":"https:\/\/wizardly-davinci.82-223-8-23.plesk.page\/en\/wp-json\/wp\/v2\/editoriales?post=62420"},{"taxonomy":"tienda","embeddable":true,"href":"https:\/\/wizardly-davinci.82-223-8-23.plesk.page\/en\/wp-json\/wp\/v2\/tienda?post=62420"},{"taxonomy":"autor_id","embeddable":true,"href":"https:\/\/wizardly-davinci.82-223-8-23.plesk.page\/en\/wp-json\/wp\/v2\/autor_id?post=62420"},{"taxonomy":"universidades_coeditoras","embeddable":true,"href":"https:\/\/wizardly-davinci.82-223-8-23.plesk.page\/en\/wp-json\/wp\/v2\/universidades_coeditoras?post=62420"},{"taxonomy":"palabras_clave","embeddable":true,"href":"https:\/\/wizardly-davinci.82-223-8-23.plesk.page\/en\/wp-json\/wp\/v2\/palabras_clave?post=62420"},{"taxonomy":"listado_alfabetico","embeddable":true,"href":"https:\/\/wizardly-davinci.82-223-8-23.plesk.page\/en\/wp-json\/wp\/v2\/listado_alfabetico?post=62420"}],"curies":[{"name":"wp","href":"https:\/\/api.w.org\/{rel}","templated":true}]}}