{"id":62624,"date":"2022-12-28T10:55:10","date_gmt":"2022-12-28T09:55:10","guid":{"rendered":"https:\/\/octaedro.com\/?post_type=product&#038;p=62624"},"modified":"2023-02-06T13:42:30","modified_gmt":"2023-02-06T12:42:30","slug":"la-revista-del-diari-de-leducacio-num-13","status":"publish","type":"product","link":"https:\/\/wizardly-davinci.82-223-8-23.plesk.page\/en\/producto\/la-revista-del-diari-de-leducacio-num-13\/","title":{"rendered":"La Revista d\u2019El Diari de l\u2019Educaci\u00f3. N\u00fam. 13"},"content":{"rendered":"","protected":false},"excerpt":{"rendered":"<p><strong>Editorial: Ens necessitem<\/strong><\/p>\n<p>El Diari de l\u2019Educaci\u00f3 compleix nou anys. Vam n\u00e9ixer el gener del 2014. Hem viscut aquest temps junts. Docents i periodistes. Per nosaltres ha estat una experi\u00e8ncia meravellosa. Hem apr\u00e8s molt al vostre costat, escoltant-vos, sent testimonis del vostre comprom\u00eds amb l\u2019educaci\u00f3 en temps dif\u00edcils. Temps complexos. De crisis econ\u00f2mica i social; de pand\u00e8mia, de polaritzaci\u00f3 pol\u00edtica. Quan semblava que tot s\u2019enfonsava, heu resistit. Heu anat molt m\u00e9s enll\u00e0 del que era el vostre estricte deure professional. En l\u2019anterior Revista\u00a0ED\u00a0ho resum\u00edem en el titular \u201cProesa\u201d.<\/p>\n<p>Les mares i els pares, els nens i les nenes, les noies i els nois&#8230; la societat en el seu conjunt som molt conscients de la vostra proesa. I del malestar per les condicions amb qu\u00e8 sovint heu hagut de fer la vostra feina, un neguit que ve de lluny i que s\u2019ha vist clarament expressat durant els \u00faltims mesos. El Diari de l\u2019Educaci\u00f3, que\u00a0t\u00e9 la vocaci\u00f3 de ser la pla\u00e7a p\u00fablica on vosaltres, els docents, us trobeu per expressar-vos, per debatre, hem intentat escoltar totes les veus. Tots els arguments.<\/p>\n<p>L\u2019educaci\u00f3, ho sabeu millor que ning\u00fa, \u00e9s un aprenentatge constant. Ara, potser m\u00e9s que mai, amb el repte de transmetre coneixements, compet\u00e8ncies i valors en una \u00e8poca en la qual les transformacions i els canvis es viuen de forma accelerada. Una \u00e8poca en el qual els riscos de segregaci\u00f3, de pobresa, de marginaci\u00f3 social i exclusi\u00f3 s\u00f3n extremadament elevats. Especialment greus en el cas d\u2019infants, adolescents i joves. Ho sabeu millor que ning\u00fa perqu\u00e8 veieu, cada dia, les situacions de vulnerabilitat que pateixen molts dels vostres alumnes. I perqu\u00e8 per superar tots els reptes us assalten a diari us les empesqueu totes. Quina inventiva i quin enginy col\u00b7lectiu! Les experi\u00e8ncies que recollim en aquesta revista en s\u00f3n bona prova.<\/p>\n<p>Esteu en primera l\u00ednia, per\u00f2 nosaltres, periodistes, tamb\u00e9 ens sentim interpel\u00b7lats. Sempre ho hem dit: \u201cL\u2019educaci\u00f3 \u00e9s cosa de tots\u201d. Del periodisme tamb\u00e9. Entenem El Diari de l\u2019Educaci\u00f3 com un comprom\u00eds compartit amb vosaltres, els i les mestres, els i les professores, els i les educadores, els i les especialistes dels diferents serveis educatius. Vam n\u00e9ixer per estar al vostre servei. Per intentar contribuir a una tasca tan essencial com la vostra. Com vam fer dos anys despr\u00e9s, el 2016, amb els sanitaris, quan vam crear El Diari de la Sanitat.<\/p>\n<p>Intentem respondre al deure que t\u00e9 el periodisme com a servei p\u00fablic. A la responsabilitat de contribuir al b\u00e9 com\u00fa. Als valors \u00e8tics i democr\u00e0tics. Als drets humans. Dels quals, vosaltres, els docents, en sou una pe\u00e7a clau. Per aquest objectiu compartit ens hem d\u2019ajudar m\u00fatuament. Nosaltres, periodistes, intentem fer el millor Diari de l\u2019Educaci\u00f3 possible. Per\u00f2 aix\u00f2 nom\u00e9s ho poden aconseguir amb el vostre suport. Amb les vostres subscripcions.<\/p>\n<p>Complim nou anys i en volem fer molts m\u00e9s. Per\u00f2 els hem de celebrar junts. Amb vosaltres al costat. Com a lectors, que ja hi sou. Com a comunitat de la qual ens sentim part. I tamb\u00e9 com a subscriptors. Ens necessitem.<\/p>\n","protected":false},"featured_media":62626,"comment_status":"open","ping_status":"closed","template":"","meta":{"_et_pb_use_builder":"","_et_pb_old_content":"","_et_gb_content_width":""},"product_cat":[6675,6673],"product_tag":[2604],"edicion":[1084,1083],"editoriales":[8960],"tienda":[],"autor_id":[],"universidades_coeditoras":[],"palabras_clave":[],"listado_alfabetico":[],"acf":[],"_links":{"self":[{"href":"https:\/\/wizardly-davinci.82-223-8-23.plesk.page\/en\/wp-json\/wp\/v2\/product\/62624"}],"collection":[{"href":"https:\/\/wizardly-davinci.82-223-8-23.plesk.page\/en\/wp-json\/wp\/v2\/product"}],"about":[{"href":"https:\/\/wizardly-davinci.82-223-8-23.plesk.page\/en\/wp-json\/wp\/v2\/types\/product"}],"replies":[{"embeddable":true,"href":"https:\/\/wizardly-davinci.82-223-8-23.plesk.page\/en\/wp-json\/wp\/v2\/comments?post=62624"}],"wp:featuredmedia":[{"embeddable":true,"href":"https:\/\/wizardly-davinci.82-223-8-23.plesk.page\/en\/wp-json\/wp\/v2\/media\/62626"}],"wp:attachment":[{"href":"https:\/\/wizardly-davinci.82-223-8-23.plesk.page\/en\/wp-json\/wp\/v2\/media?parent=62624"}],"wp:term":[{"taxonomy":"product_cat","embeddable":true,"href":"https:\/\/wizardly-davinci.82-223-8-23.plesk.page\/en\/wp-json\/wp\/v2\/product_cat?post=62624"},{"taxonomy":"product_tag","embeddable":true,"href":"https:\/\/wizardly-davinci.82-223-8-23.plesk.page\/en\/wp-json\/wp\/v2\/product_tag?post=62624"},{"taxonomy":"edicion","embeddable":true,"href":"https:\/\/wizardly-davinci.82-223-8-23.plesk.page\/en\/wp-json\/wp\/v2\/edicion?post=62624"},{"taxonomy":"editoriales","embeddable":true,"href":"https:\/\/wizardly-davinci.82-223-8-23.plesk.page\/en\/wp-json\/wp\/v2\/editoriales?post=62624"},{"taxonomy":"tienda","embeddable":true,"href":"https:\/\/wizardly-davinci.82-223-8-23.plesk.page\/en\/wp-json\/wp\/v2\/tienda?post=62624"},{"taxonomy":"autor_id","embeddable":true,"href":"https:\/\/wizardly-davinci.82-223-8-23.plesk.page\/en\/wp-json\/wp\/v2\/autor_id?post=62624"},{"taxonomy":"universidades_coeditoras","embeddable":true,"href":"https:\/\/wizardly-davinci.82-223-8-23.plesk.page\/en\/wp-json\/wp\/v2\/universidades_coeditoras?post=62624"},{"taxonomy":"palabras_clave","embeddable":true,"href":"https:\/\/wizardly-davinci.82-223-8-23.plesk.page\/en\/wp-json\/wp\/v2\/palabras_clave?post=62624"},{"taxonomy":"listado_alfabetico","embeddable":true,"href":"https:\/\/wizardly-davinci.82-223-8-23.plesk.page\/en\/wp-json\/wp\/v2\/listado_alfabetico?post=62624"}],"curies":[{"name":"wp","href":"https:\/\/api.w.org\/{rel}","templated":true}]}}