{"id":62726,"date":"2023-01-28T17:51:38","date_gmt":"2023-01-28T16:51:38","guid":{"rendered":"https:\/\/octaedro.com\/?post_type=product&#038;p=62726"},"modified":"2023-04-26T17:05:30","modified_gmt":"2023-04-26T15:05:30","slug":"educacion-afectivo-sexual-y-colectivo-lgtbiq","status":"publish","type":"product","link":"https:\/\/wizardly-davinci.82-223-8-23.plesk.page\/en\/producto\/educacion-afectivo-sexual-y-colectivo-lgtbiq\/","title":{"rendered":"Educaci\u00f3n afectivo-sexual y colectivo LGTBIQ"},"content":{"rendered":"","protected":false},"excerpt":{"rendered":"<p>Las corporalidades, identidades y orientaciones no-heterosexuales, trans e intersexuales han estado tradicionalmente alejadas del \u00e1mbito de la educaci\u00f3n formal, como si la vida y la escuela fuesen dos realidades disociadas entre s\u00ed.<\/p>\n<p>Con la llegada de la educaci\u00f3n afectivo-sexual, se abri\u00f3 una oportunidad para que estas formasen parte de la cotidianeidad escolar, pero los contenidos ligados a los riesgos en torno a las infecciones de transmisi\u00f3n sexual y los embarazos no deseados, junto con su prevenci\u00f3n, han acaparado el tratamiento que se hace de la sexualidad en nuestros centros. Son contenidos que, adem\u00e1s de desplazar al colectivo LGTBIQ hasta su borrado en este campo educativo, esconden mensajes discriminatorios que reproducen y legitiman las distintas violencias que sufren las personas que no se ajustan a los par\u00e1metros normativos de sexualidad (binarismo, ciscentrismo, heterocentrismo, monosexualidad, LGTBIQfobia, etc.).<\/p>\n<p>As\u00ed, mientras que las formas no hegem\u00f3nicas de transitar la sexualidad est\u00e1n siendo cada vez m\u00e1s visibles entre las generaciones m\u00e1s j\u00f3venes, en el \u00e1mbito de la educaci\u00f3n escolar existen m\u00faltiples dificultades para atender a esta diversidad de manera profunda e integral. En este sentido, el presente libro explora esta relaci\u00f3n entre educaci\u00f3n afectivo-sexual y colectivo LGTBIQ \u2013m\u00e1s caracterizada por sus desencuentros que por sus encuentros\u2013, trazando un recorrido por distintas dimensiones de la realidad sociocultural, desde el foco en lo que el autor denomina <em>sistema normativo de sexualidad<\/em> hasta el marco escolar y la educaci\u00f3n afectivo-sexual. Seguidamente, se plantean los resultados de un estudio y se finaliza con algunas propuestas que permiten orientar la pr\u00e1ctica docente hacia el logro de una educaci\u00f3n afectivo-sexual diversa e igualitaria.<\/p>\n","protected":false},"featured_media":62727,"comment_status":"open","ping_status":"closed","template":"","meta":{"_et_pb_use_builder":"","_et_pb_old_content":"","_et_gb_content_width":""},"product_cat":[2606,1512,6675,6673],"product_tag":[2604],"edicion":[1084,1083],"editoriales":[1160],"tienda":[],"autor_id":[12060],"universidades_coeditoras":[7231],"palabras_clave":[],"listado_alfabetico":[],"acf":[],"_links":{"self":[{"href":"https:\/\/wizardly-davinci.82-223-8-23.plesk.page\/en\/wp-json\/wp\/v2\/product\/62726"}],"collection":[{"href":"https:\/\/wizardly-davinci.82-223-8-23.plesk.page\/en\/wp-json\/wp\/v2\/product"}],"about":[{"href":"https:\/\/wizardly-davinci.82-223-8-23.plesk.page\/en\/wp-json\/wp\/v2\/types\/product"}],"replies":[{"embeddable":true,"href":"https:\/\/wizardly-davinci.82-223-8-23.plesk.page\/en\/wp-json\/wp\/v2\/comments?post=62726"}],"wp:featuredmedia":[{"embeddable":true,"href":"https:\/\/wizardly-davinci.82-223-8-23.plesk.page\/en\/wp-json\/wp\/v2\/media\/62727"}],"wp:attachment":[{"href":"https:\/\/wizardly-davinci.82-223-8-23.plesk.page\/en\/wp-json\/wp\/v2\/media?parent=62726"}],"wp:term":[{"taxonomy":"product_cat","embeddable":true,"href":"https:\/\/wizardly-davinci.82-223-8-23.plesk.page\/en\/wp-json\/wp\/v2\/product_cat?post=62726"},{"taxonomy":"product_tag","embeddable":true,"href":"https:\/\/wizardly-davinci.82-223-8-23.plesk.page\/en\/wp-json\/wp\/v2\/product_tag?post=62726"},{"taxonomy":"edicion","embeddable":true,"href":"https:\/\/wizardly-davinci.82-223-8-23.plesk.page\/en\/wp-json\/wp\/v2\/edicion?post=62726"},{"taxonomy":"editoriales","embeddable":true,"href":"https:\/\/wizardly-davinci.82-223-8-23.plesk.page\/en\/wp-json\/wp\/v2\/editoriales?post=62726"},{"taxonomy":"tienda","embeddable":true,"href":"https:\/\/wizardly-davinci.82-223-8-23.plesk.page\/en\/wp-json\/wp\/v2\/tienda?post=62726"},{"taxonomy":"autor_id","embeddable":true,"href":"https:\/\/wizardly-davinci.82-223-8-23.plesk.page\/en\/wp-json\/wp\/v2\/autor_id?post=62726"},{"taxonomy":"universidades_coeditoras","embeddable":true,"href":"https:\/\/wizardly-davinci.82-223-8-23.plesk.page\/en\/wp-json\/wp\/v2\/universidades_coeditoras?post=62726"},{"taxonomy":"palabras_clave","embeddable":true,"href":"https:\/\/wizardly-davinci.82-223-8-23.plesk.page\/en\/wp-json\/wp\/v2\/palabras_clave?post=62726"},{"taxonomy":"listado_alfabetico","embeddable":true,"href":"https:\/\/wizardly-davinci.82-223-8-23.plesk.page\/en\/wp-json\/wp\/v2\/listado_alfabetico?post=62726"}],"curies":[{"name":"wp","href":"https:\/\/api.w.org\/{rel}","templated":true}]}}