{"id":62737,"date":"2023-02-06T18:27:40","date_gmt":"2023-02-06T17:27:40","guid":{"rendered":"https:\/\/octaedro.com\/?post_type=product&#038;p=62737"},"modified":"2023-04-26T17:10:41","modified_gmt":"2023-04-26T15:10:41","slug":"sociedad-literatura-y-educacion-propuestas-para-el-desarrollo-de-una-juventud-resiliente","status":"publish","type":"product","link":"https:\/\/wizardly-davinci.82-223-8-23.plesk.page\/en\/producto\/sociedad-literatura-y-educacion-propuestas-para-el-desarrollo-de-una-juventud-resiliente\/","title":{"rendered":"Sociedad, literatura y educaci\u00f3n: propuestas para el desarrollo de una juventud resiliente"},"content":{"rendered":"","protected":false},"excerpt":{"rendered":"<p>La presente obra ofrece una mirada actual y te\u00f3rico-pr\u00e1ctica a los retos educativos de nuestra sociedad subrayando la importancia del fomento de la resiliencia desde diferentes dimensiones del quehacer educativo, con un amplio abanico de m\u00e9todos y actividades. La conjunci\u00f3n del enfoque multidisciplinar generado por el hecho de que los autores procedan de diferentes \u00e1mbitos de conocimiento, desde la filosof\u00eda de la educaci\u00f3n, la pedagog\u00eda, la did\u00e1ctica, la teor\u00eda de la literatura y la filolog\u00eda hasta la psicolog\u00eda de la educaci\u00f3n, la empresa o la comunicaci\u00f3n audiovisual constituye una de las principales aportaciones del libro.<\/p>\n<p>El volumen se divide en tres grandes ejes tem\u00e1ticos: el primero incluye textos orientados a promover pilares psico-educativos s\u00f3lidos que ayudan a acompa\u00f1ar a los j\u00f3venes en su camino de crecimiento personal. El segundo explora varias pr\u00e1cticas y manifestaciones culturales contempor\u00e1neas y la manera en que pueden revertir positivamente en nuestros j\u00f3venes cuando, aparentemente, podr\u00edan convertirse en ejemplos negativos para ellos. El \u00faltimo eje expone la respuesta de la literatura como herramienta imprescindible para una mejor comprensi\u00f3n de la resiliencia, gracias a los ejemplos de vida que esta facilita a los lectores, los cuales, mediante el mecanismo mim\u00e9tico-cat\u00e1rtico, pueden aprender de personajes que act\u00faan como testimonios resilientes.<\/p>\n","protected":false},"featured_media":62739,"comment_status":"open","ping_status":"closed","template":"","meta":{"_et_pb_use_builder":"","_et_pb_old_content":"","_et_gb_content_width":""},"product_cat":[2606,6936,6674,6675],"product_tag":[2608],"edicion":[1085,1083],"editoriales":[1160],"tienda":[],"autor_id":[9728,22927],"universidades_coeditoras":[],"palabras_clave":[],"listado_alfabetico":[],"acf":[],"_links":{"self":[{"href":"https:\/\/wizardly-davinci.82-223-8-23.plesk.page\/en\/wp-json\/wp\/v2\/product\/62737"}],"collection":[{"href":"https:\/\/wizardly-davinci.82-223-8-23.plesk.page\/en\/wp-json\/wp\/v2\/product"}],"about":[{"href":"https:\/\/wizardly-davinci.82-223-8-23.plesk.page\/en\/wp-json\/wp\/v2\/types\/product"}],"replies":[{"embeddable":true,"href":"https:\/\/wizardly-davinci.82-223-8-23.plesk.page\/en\/wp-json\/wp\/v2\/comments?post=62737"}],"wp:featuredmedia":[{"embeddable":true,"href":"https:\/\/wizardly-davinci.82-223-8-23.plesk.page\/en\/wp-json\/wp\/v2\/media\/62739"}],"wp:attachment":[{"href":"https:\/\/wizardly-davinci.82-223-8-23.plesk.page\/en\/wp-json\/wp\/v2\/media?parent=62737"}],"wp:term":[{"taxonomy":"product_cat","embeddable":true,"href":"https:\/\/wizardly-davinci.82-223-8-23.plesk.page\/en\/wp-json\/wp\/v2\/product_cat?post=62737"},{"taxonomy":"product_tag","embeddable":true,"href":"https:\/\/wizardly-davinci.82-223-8-23.plesk.page\/en\/wp-json\/wp\/v2\/product_tag?post=62737"},{"taxonomy":"edicion","embeddable":true,"href":"https:\/\/wizardly-davinci.82-223-8-23.plesk.page\/en\/wp-json\/wp\/v2\/edicion?post=62737"},{"taxonomy":"editoriales","embeddable":true,"href":"https:\/\/wizardly-davinci.82-223-8-23.plesk.page\/en\/wp-json\/wp\/v2\/editoriales?post=62737"},{"taxonomy":"tienda","embeddable":true,"href":"https:\/\/wizardly-davinci.82-223-8-23.plesk.page\/en\/wp-json\/wp\/v2\/tienda?post=62737"},{"taxonomy":"autor_id","embeddable":true,"href":"https:\/\/wizardly-davinci.82-223-8-23.plesk.page\/en\/wp-json\/wp\/v2\/autor_id?post=62737"},{"taxonomy":"universidades_coeditoras","embeddable":true,"href":"https:\/\/wizardly-davinci.82-223-8-23.plesk.page\/en\/wp-json\/wp\/v2\/universidades_coeditoras?post=62737"},{"taxonomy":"palabras_clave","embeddable":true,"href":"https:\/\/wizardly-davinci.82-223-8-23.plesk.page\/en\/wp-json\/wp\/v2\/palabras_clave?post=62737"},{"taxonomy":"listado_alfabetico","embeddable":true,"href":"https:\/\/wizardly-davinci.82-223-8-23.plesk.page\/en\/wp-json\/wp\/v2\/listado_alfabetico?post=62737"}],"curies":[{"name":"wp","href":"https:\/\/api.w.org\/{rel}","templated":true}]}}