{"id":62956,"date":"2023-02-07T18:18:18","date_gmt":"2023-02-07T17:18:18","guid":{"rendered":"https:\/\/octaedro.com\/?post_type=product&#038;p=62956"},"modified":"2023-02-22T16:26:21","modified_gmt":"2023-02-22T15:26:21","slug":"promocion-de-derechos-buen-trato-y-participacion-en-la-escuela","status":"publish","type":"product","link":"https:\/\/wizardly-davinci.82-223-8-23.plesk.page\/en\/producto\/promocion-de-derechos-buen-trato-y-participacion-en-la-escuela\/","title":{"rendered":"Promoci\u00f3n de derechos, buen trato y participaci\u00f3n en la escuela"},"content":{"rendered":"<p>Los escolares, como personas menores de edad, adem\u00e1s de tener acceso a los derechos humanos que son universales, disponen de otros recogidos en la Convenci\u00f3n sobre los Derechos del Ni\u00f1o. La escuela no solo tiene la gran responsabilidad de hacer cumplir dichos derechos, sino de darlos a conocer a sus estudiantes. La infancia y la adolescencia tienen que ser portadoras de sus derechos para dejar de ser objetos de protecci\u00f3n y ser consideradas sujetos de derecho.<\/p>\n<p>El derecho de los ni\u00f1os a ser bien tratados presenta una doble dimensi\u00f3n. Por un lado, el conocimiento de los propios derechos y los mecanismos sociales para hacerlos valer; por otro, el poder aprender en un ambiente donde se desarrollen habilidades como la amabilidad, la ternura, la empat\u00eda y la compasi\u00f3n, adem\u00e1s del derecho a la participaci\u00f3n. Que los alumnos aprendan a participar siendo escuchadas y consideradas sus propuestas es el gran reto que presenta la escuela, la cual tiene la responsabilidad de mirar la sociedad con perspectiva intergeneracional y entender que los intereses de los ni\u00f1os, ni\u00f1as y adolescentes no necesariamente tienen que coincidir con los del mundo adulto.<\/p>\n<p>La presente propuesta did\u00e1ctica, basada en el proyecto inclusivo comunitario de aprendizaje cooperativo (PICAC), pretende construir verdaderamente una escuela para la vida, d\u00e1ndole mayor sentido a los aprendizajes que en ella tienen lugar.<\/p>\n<p>Esta gu\u00eda nos habla al final del proyecto internacional Gira con la Infancia, que se presenta en l\u00ednea; un proyecto donde ni\u00f1os, ni\u00f1as y adolescentes de diferentes lugares del mundo comparten sus experiencias sobre participaci\u00f3n y buen trato en la escuela. A ra\u00edz de esta propuesta did\u00e1ctica, queremos invitar a docentes y estudiantes que van a trabajar en ella a compartir las vivencias y resultados de los proyectos implementados en la comunidad.<\/p>\n<p>Porque la mirada privilegiada de los ni\u00f1os ayuda a construir sociedades inclusivas donde todos tenemos cabida.<\/p>\n","protected":false},"excerpt":{"rendered":"<p>Los escolares, como personas menores de edad, adem\u00e1s de tener acceso a los derechos humanos que son universales, disponen de otros recogidos en la Convenci\u00f3n sobre los Derechos del Ni\u00f1o. La escuela no solo tiene la gran responsabilidad de hacer cumplir dichos derechos, sino de darlos a conocer a sus estudiantes. La infancia y la adolescencia tienen que ser portadoras de sus derechos para dejar de ser objetos de protecci\u00f3n y ser consideradas sujetos de derecho.<\/p>\n<p>El derecho de los ni\u00f1os a ser bien tratados presenta una doble dimensi\u00f3n. Por un lado, el conocimiento de los propios derechos y los mecanismos sociales para hacerlos valer; por otro, el poder aprender en un ambiente donde se desarrollen habilidades como la amabilidad, la ternura, la empat\u00eda y la compasi\u00f3n, adem\u00e1s del derecho a la participaci\u00f3n. Que los alumnos aprendan a participar siendo escuchadas y consideradas sus propuestas es el gran reto que presenta la escuela, la cual tiene la responsabilidad de mirar la sociedad con perspectiva intergeneracional y entender que los intereses de los ni\u00f1os, ni\u00f1as y adolescentes no necesariamente tienen que coincidir con los del mundo adulto.<\/p>\n<p>La presente propuesta did\u00e1ctica, basada en el proyecto inclusivo comunitario de aprendizaje cooperativo (PICAC), pretende construir verdaderamente una escuela para la vida, d\u00e1ndole mayor sentido a los aprendizajes que en ella tienen lugar.<\/p>\n<p>Esta gu\u00eda nos habla al final del proyecto internacional Gira con la Infancia, que se presenta en l\u00ednea; un proyecto donde ni\u00f1os, ni\u00f1as y adolescentes de diferentes lugares del mundo comparten sus experiencias sobre participaci\u00f3n y buen trato en la escuela. A ra\u00edz de esta propuesta did\u00e1ctica, queremos invitar a docentes y estudiantes que van a trabajar en ella a compartir las vivencias y resultados de los proyectos implementados en la comunidad.<\/p>\n<p>Porque la mirada privilegiada de los ni\u00f1os ayuda a construir sociedades inclusivas donde todos tenemos cabida.<\/p>\n","protected":false},"featured_media":62961,"comment_status":"open","ping_status":"closed","template":"","meta":{"_et_pb_use_builder":"","_et_pb_old_content":"","_et_gb_content_width":""},"product_cat":[2606,1512,6675,6673],"product_tag":[2604],"edicion":[1084,1083],"editoriales":[1160],"tienda":[],"autor_id":[22949,22950,22955,22953],"universidades_coeditoras":[],"palabras_clave":[],"listado_alfabetico":[],"acf":[],"_links":{"self":[{"href":"https:\/\/wizardly-davinci.82-223-8-23.plesk.page\/en\/wp-json\/wp\/v2\/product\/62956"}],"collection":[{"href":"https:\/\/wizardly-davinci.82-223-8-23.plesk.page\/en\/wp-json\/wp\/v2\/product"}],"about":[{"href":"https:\/\/wizardly-davinci.82-223-8-23.plesk.page\/en\/wp-json\/wp\/v2\/types\/product"}],"replies":[{"embeddable":true,"href":"https:\/\/wizardly-davinci.82-223-8-23.plesk.page\/en\/wp-json\/wp\/v2\/comments?post=62956"}],"wp:featuredmedia":[{"embeddable":true,"href":"https:\/\/wizardly-davinci.82-223-8-23.plesk.page\/en\/wp-json\/wp\/v2\/media\/62961"}],"wp:attachment":[{"href":"https:\/\/wizardly-davinci.82-223-8-23.plesk.page\/en\/wp-json\/wp\/v2\/media?parent=62956"}],"wp:term":[{"taxonomy":"product_cat","embeddable":true,"href":"https:\/\/wizardly-davinci.82-223-8-23.plesk.page\/en\/wp-json\/wp\/v2\/product_cat?post=62956"},{"taxonomy":"product_tag","embeddable":true,"href":"https:\/\/wizardly-davinci.82-223-8-23.plesk.page\/en\/wp-json\/wp\/v2\/product_tag?post=62956"},{"taxonomy":"edicion","embeddable":true,"href":"https:\/\/wizardly-davinci.82-223-8-23.plesk.page\/en\/wp-json\/wp\/v2\/edicion?post=62956"},{"taxonomy":"editoriales","embeddable":true,"href":"https:\/\/wizardly-davinci.82-223-8-23.plesk.page\/en\/wp-json\/wp\/v2\/editoriales?post=62956"},{"taxonomy":"tienda","embeddable":true,"href":"https:\/\/wizardly-davinci.82-223-8-23.plesk.page\/en\/wp-json\/wp\/v2\/tienda?post=62956"},{"taxonomy":"autor_id","embeddable":true,"href":"https:\/\/wizardly-davinci.82-223-8-23.plesk.page\/en\/wp-json\/wp\/v2\/autor_id?post=62956"},{"taxonomy":"universidades_coeditoras","embeddable":true,"href":"https:\/\/wizardly-davinci.82-223-8-23.plesk.page\/en\/wp-json\/wp\/v2\/universidades_coeditoras?post=62956"},{"taxonomy":"palabras_clave","embeddable":true,"href":"https:\/\/wizardly-davinci.82-223-8-23.plesk.page\/en\/wp-json\/wp\/v2\/palabras_clave?post=62956"},{"taxonomy":"listado_alfabetico","embeddable":true,"href":"https:\/\/wizardly-davinci.82-223-8-23.plesk.page\/en\/wp-json\/wp\/v2\/listado_alfabetico?post=62956"}],"curies":[{"name":"wp","href":"https:\/\/api.w.org\/{rel}","templated":true}]}}