{"id":63040,"date":"2023-02-07T12:37:21","date_gmt":"2023-02-07T11:37:21","guid":{"rendered":"https:\/\/octaedro.com\/?post_type=product&#038;p=63040"},"modified":"2023-05-16T17:36:44","modified_gmt":"2023-05-16T15:36:44","slug":"experiencias-innovadoras-en-ambientes-de-aprendizaje-hibridos-y-virtuales","status":"publish","type":"product","link":"https:\/\/wizardly-davinci.82-223-8-23.plesk.page\/en\/producto\/experiencias-innovadoras-en-ambientes-de-aprendizaje-hibridos-y-virtuales\/","title":{"rendered":"Experiencias innovadoras en ambientes de aprendizaje h\u00edbridos y virtuales"},"content":{"rendered":"","protected":false},"excerpt":{"rendered":"<p>Los integrantes de la Red de Investigadores y Docentes de M\u00e9xico, Andorra y Espa\u00f1a (RIDMAE), de conformidad con sus actividades acad\u00e9micas, acordaron desarrollar una serie de ensayos en los que se re\u00fanen experiencias y reflexiones de docentes y directivos de universidades de distintas partes del mundo que integran dicha red, respecto del proceso de ense\u00f1anza-aprendizaje durante la crisis sanitaria derivada de la covid-19 en 2020, en la cual se utiliz\u00f3 como medida emergente la educaci\u00f3n en l\u00ednea para continuar con el servicio educativo.<\/p>\n<p>En esta obra se comparten aprendizajes de lo vivido en el proceso educativo durante la pandemia, a partir de los cuales docentes y autoridades educativas analizan y replantean su quehacer en distintos niveles y dimensiones, para transitar desde las formas cl\u00e1sicas de ense\u00f1ar hacia modalidades h\u00edbridas o virtuales. Se reconoce la necesidad de revisar los modelos pedag\u00f3gicos en relaci\u00f3n con las modalidades educativas y los requisitos necesarios para pasar de un modelo presencial a un modelo h\u00edbrido o totalmente en l\u00ednea.<\/p>\n<p>La RIDMAE tiene la firme convicci\u00f3n del valor de compartir con libre acceso los trabajos de sus integrantes, con el fin de enriquecer la discusi\u00f3n y el an\u00e1lisis y de difundir las buenas pr\u00e1cticas para el fortalecimiento de la educaci\u00f3n en sus distintas modalidades.<\/p>\n","protected":false},"featured_media":63043,"comment_status":"open","ping_status":"closed","template":"","meta":{"_et_pb_use_builder":"","_et_pb_old_content":"","_et_gb_content_width":""},"product_cat":[2873,6673],"product_tag":[7559],"edicion":[1084],"editoriales":[1160],"tienda":[],"autor_id":[22969,22967,22965],"universidades_coeditoras":[],"palabras_clave":[],"listado_alfabetico":[],"acf":[],"_links":{"self":[{"href":"https:\/\/wizardly-davinci.82-223-8-23.plesk.page\/en\/wp-json\/wp\/v2\/product\/63040"}],"collection":[{"href":"https:\/\/wizardly-davinci.82-223-8-23.plesk.page\/en\/wp-json\/wp\/v2\/product"}],"about":[{"href":"https:\/\/wizardly-davinci.82-223-8-23.plesk.page\/en\/wp-json\/wp\/v2\/types\/product"}],"replies":[{"embeddable":true,"href":"https:\/\/wizardly-davinci.82-223-8-23.plesk.page\/en\/wp-json\/wp\/v2\/comments?post=63040"}],"wp:featuredmedia":[{"embeddable":true,"href":"https:\/\/wizardly-davinci.82-223-8-23.plesk.page\/en\/wp-json\/wp\/v2\/media\/63043"}],"wp:attachment":[{"href":"https:\/\/wizardly-davinci.82-223-8-23.plesk.page\/en\/wp-json\/wp\/v2\/media?parent=63040"}],"wp:term":[{"taxonomy":"product_cat","embeddable":true,"href":"https:\/\/wizardly-davinci.82-223-8-23.plesk.page\/en\/wp-json\/wp\/v2\/product_cat?post=63040"},{"taxonomy":"product_tag","embeddable":true,"href":"https:\/\/wizardly-davinci.82-223-8-23.plesk.page\/en\/wp-json\/wp\/v2\/product_tag?post=63040"},{"taxonomy":"edicion","embeddable":true,"href":"https:\/\/wizardly-davinci.82-223-8-23.plesk.page\/en\/wp-json\/wp\/v2\/edicion?post=63040"},{"taxonomy":"editoriales","embeddable":true,"href":"https:\/\/wizardly-davinci.82-223-8-23.plesk.page\/en\/wp-json\/wp\/v2\/editoriales?post=63040"},{"taxonomy":"tienda","embeddable":true,"href":"https:\/\/wizardly-davinci.82-223-8-23.plesk.page\/en\/wp-json\/wp\/v2\/tienda?post=63040"},{"taxonomy":"autor_id","embeddable":true,"href":"https:\/\/wizardly-davinci.82-223-8-23.plesk.page\/en\/wp-json\/wp\/v2\/autor_id?post=63040"},{"taxonomy":"universidades_coeditoras","embeddable":true,"href":"https:\/\/wizardly-davinci.82-223-8-23.plesk.page\/en\/wp-json\/wp\/v2\/universidades_coeditoras?post=63040"},{"taxonomy":"palabras_clave","embeddable":true,"href":"https:\/\/wizardly-davinci.82-223-8-23.plesk.page\/en\/wp-json\/wp\/v2\/palabras_clave?post=63040"},{"taxonomy":"listado_alfabetico","embeddable":true,"href":"https:\/\/wizardly-davinci.82-223-8-23.plesk.page\/en\/wp-json\/wp\/v2\/listado_alfabetico?post=63040"}],"curies":[{"name":"wp","href":"https:\/\/api.w.org\/{rel}","templated":true}]}}