{"id":63062,"date":"2023-02-07T17:59:30","date_gmt":"2023-02-07T16:59:30","guid":{"rendered":"https:\/\/octaedro.com\/?post_type=product&#038;p=63062"},"modified":"2023-04-26T17:13:42","modified_gmt":"2023-04-26T15:13:42","slug":"la-educacion-para-la-igualdad-de-genero","status":"publish","type":"product","link":"https:\/\/wizardly-davinci.82-223-8-23.plesk.page\/en\/producto\/la-educacion-para-la-igualdad-de-genero\/","title":{"rendered":"La educaci\u00f3n para la igualdad de g\u00e9nero"},"content":{"rendered":"","protected":false},"excerpt":{"rendered":"<p>A pesar de que la igualdad entre mujeres y hombres es un principio b\u00e1sico de nuestra sociedad, la realidad nos muestra lo lejos que estamos de ella. La feminizaci\u00f3n de la pobreza, la violencia sexual y los asesinatos de mujeres son la parte m\u00e1s visible de unas desigualdades estructurales que cuentan, entre sus principales mecanismos de reproducci\u00f3n, con la socializaci\u00f3n diferencial de ni\u00f1as y ni\u00f1os, de adolescentes y de j\u00f3venes, de acuerdo con unos modelos de g\u00e9nero que son obsoletos y t\u00f3xicos.<\/p>\n<p>El amplio volumen de estudios y propuestas para introducir la perspectiva de la igualdad de g\u00e9nero en la escuela contrasta con la escasez de textos centrados en el \u00e1mbito de la educaci\u00f3n social. La educaci\u00f3n para la igualdad de g\u00e9nero. Una propuesta formativa para educadoras y educadores sociales viene a cubrir este vac\u00edo en la literatura sobre el tema. En este libro, orientado a la formaci\u00f3n de estudiantes y profesionales del \u00e1mbito de la educaci\u00f3n social, se desarrollan los aspectos teoricoconceptuales de la educaci\u00f3n para la igualdad de g\u00e9nero y se analizan las pol\u00edticas de igualdad y la educaci\u00f3n para la igualdad en Espa\u00f1a desde la Constituci\u00f3n hasta la actualidad. A partir de estos planteamientos se realiza una propuesta formativa que, adem\u00e1s, viene avalada por la experiencia como profesoras e investigadoras de las autoras.<\/p>\n","protected":false},"featured_media":63067,"comment_status":"open","ping_status":"closed","template":"","meta":{"_et_pb_use_builder":"","_et_pb_old_content":"","_et_gb_content_width":""},"product_cat":[2606,6936,6674,6675],"product_tag":[2608],"edicion":[1085,1083],"editoriales":[1160],"tienda":[],"autor_id":[22977,22979],"universidades_coeditoras":[7245],"palabras_clave":[],"listado_alfabetico":[],"acf":[],"_links":{"self":[{"href":"https:\/\/wizardly-davinci.82-223-8-23.plesk.page\/en\/wp-json\/wp\/v2\/product\/63062"}],"collection":[{"href":"https:\/\/wizardly-davinci.82-223-8-23.plesk.page\/en\/wp-json\/wp\/v2\/product"}],"about":[{"href":"https:\/\/wizardly-davinci.82-223-8-23.plesk.page\/en\/wp-json\/wp\/v2\/types\/product"}],"replies":[{"embeddable":true,"href":"https:\/\/wizardly-davinci.82-223-8-23.plesk.page\/en\/wp-json\/wp\/v2\/comments?post=63062"}],"wp:featuredmedia":[{"embeddable":true,"href":"https:\/\/wizardly-davinci.82-223-8-23.plesk.page\/en\/wp-json\/wp\/v2\/media\/63067"}],"wp:attachment":[{"href":"https:\/\/wizardly-davinci.82-223-8-23.plesk.page\/en\/wp-json\/wp\/v2\/media?parent=63062"}],"wp:term":[{"taxonomy":"product_cat","embeddable":true,"href":"https:\/\/wizardly-davinci.82-223-8-23.plesk.page\/en\/wp-json\/wp\/v2\/product_cat?post=63062"},{"taxonomy":"product_tag","embeddable":true,"href":"https:\/\/wizardly-davinci.82-223-8-23.plesk.page\/en\/wp-json\/wp\/v2\/product_tag?post=63062"},{"taxonomy":"edicion","embeddable":true,"href":"https:\/\/wizardly-davinci.82-223-8-23.plesk.page\/en\/wp-json\/wp\/v2\/edicion?post=63062"},{"taxonomy":"editoriales","embeddable":true,"href":"https:\/\/wizardly-davinci.82-223-8-23.plesk.page\/en\/wp-json\/wp\/v2\/editoriales?post=63062"},{"taxonomy":"tienda","embeddable":true,"href":"https:\/\/wizardly-davinci.82-223-8-23.plesk.page\/en\/wp-json\/wp\/v2\/tienda?post=63062"},{"taxonomy":"autor_id","embeddable":true,"href":"https:\/\/wizardly-davinci.82-223-8-23.plesk.page\/en\/wp-json\/wp\/v2\/autor_id?post=63062"},{"taxonomy":"universidades_coeditoras","embeddable":true,"href":"https:\/\/wizardly-davinci.82-223-8-23.plesk.page\/en\/wp-json\/wp\/v2\/universidades_coeditoras?post=63062"},{"taxonomy":"palabras_clave","embeddable":true,"href":"https:\/\/wizardly-davinci.82-223-8-23.plesk.page\/en\/wp-json\/wp\/v2\/palabras_clave?post=63062"},{"taxonomy":"listado_alfabetico","embeddable":true,"href":"https:\/\/wizardly-davinci.82-223-8-23.plesk.page\/en\/wp-json\/wp\/v2\/listado_alfabetico?post=63062"}],"curies":[{"name":"wp","href":"https:\/\/api.w.org\/{rel}","templated":true}]}}