{"id":63081,"date":"2023-02-08T16:46:50","date_gmt":"2023-02-08T15:46:50","guid":{"rendered":"https:\/\/octaedro.com\/?post_type=product&#038;p=63081"},"modified":"2023-06-06T17:06:48","modified_gmt":"2023-06-06T15:06:48","slug":"escucha-rector","status":"publish","type":"product","link":"https:\/\/wizardly-davinci.82-223-8-23.plesk.page\/en\/producto\/escucha-rector\/","title":{"rendered":"\u00a1Escucha, rector!"},"content":{"rendered":"","protected":false},"excerpt":{"rendered":"<blockquote><p><strong>En Espa\u00f1a, despu\u00e9s de la pandemia, un 16\u2009% de las universidades ten\u00edan rectoras; en Am\u00e9rica Latina, su porcentaje oscilaba entre el\u200910 y el 20\u2009%.<\/strong><\/p><\/blockquote>\n<p>Este libro ayudar\u00e1 a los rectores y a los directivos de las universidades a encontrar un camino en la selva del cambio. Los pr\u00f3ximos a\u00f1os son los de la gran mutaci\u00f3n de la formaci\u00f3n y las universidades tienen que estar en primera l\u00ednea o se exponen a reducir su influencia, disminuir el n\u00famero de estudiantes e, incluso, algunas, a desaparecer.<\/p>\n<p>Las universidades tienen que reinventar el modelo de aprendizaje que proponen a sus estudiantes. Ir al aula y apuntar lo que dice el profesor ya no es la soluci\u00f3n. Lo sabemos todos los que conocemos bien la universidad. Y menos todav\u00eda lo es trasladar esa experiencia a las pantallas del ordenador.<\/p>\n<p>Este libro analiza los grandes movimientos mundiales del cambio en los modelos educativos, pone ejemplos y propone una metodolog\u00eda del cambio que asegura a la universidad c\u00f3mo salir reforzada.<\/p>\n","protected":false},"featured_media":63082,"comment_status":"open","ping_status":"closed","template":"","meta":{"_et_pb_use_builder":"","_et_pb_old_content":"","_et_gb_content_width":""},"product_cat":[2606,6936,6674,6675],"product_tag":[2608],"edicion":[1085,1083],"editoriales":[1160,8810],"tienda":[],"autor_id":[22981],"universidades_coeditoras":[23155],"palabras_clave":[],"listado_alfabetico":[],"acf":[],"_links":{"self":[{"href":"https:\/\/wizardly-davinci.82-223-8-23.plesk.page\/en\/wp-json\/wp\/v2\/product\/63081"}],"collection":[{"href":"https:\/\/wizardly-davinci.82-223-8-23.plesk.page\/en\/wp-json\/wp\/v2\/product"}],"about":[{"href":"https:\/\/wizardly-davinci.82-223-8-23.plesk.page\/en\/wp-json\/wp\/v2\/types\/product"}],"replies":[{"embeddable":true,"href":"https:\/\/wizardly-davinci.82-223-8-23.plesk.page\/en\/wp-json\/wp\/v2\/comments?post=63081"}],"wp:featuredmedia":[{"embeddable":true,"href":"https:\/\/wizardly-davinci.82-223-8-23.plesk.page\/en\/wp-json\/wp\/v2\/media\/63082"}],"wp:attachment":[{"href":"https:\/\/wizardly-davinci.82-223-8-23.plesk.page\/en\/wp-json\/wp\/v2\/media?parent=63081"}],"wp:term":[{"taxonomy":"product_cat","embeddable":true,"href":"https:\/\/wizardly-davinci.82-223-8-23.plesk.page\/en\/wp-json\/wp\/v2\/product_cat?post=63081"},{"taxonomy":"product_tag","embeddable":true,"href":"https:\/\/wizardly-davinci.82-223-8-23.plesk.page\/en\/wp-json\/wp\/v2\/product_tag?post=63081"},{"taxonomy":"edicion","embeddable":true,"href":"https:\/\/wizardly-davinci.82-223-8-23.plesk.page\/en\/wp-json\/wp\/v2\/edicion?post=63081"},{"taxonomy":"editoriales","embeddable":true,"href":"https:\/\/wizardly-davinci.82-223-8-23.plesk.page\/en\/wp-json\/wp\/v2\/editoriales?post=63081"},{"taxonomy":"tienda","embeddable":true,"href":"https:\/\/wizardly-davinci.82-223-8-23.plesk.page\/en\/wp-json\/wp\/v2\/tienda?post=63081"},{"taxonomy":"autor_id","embeddable":true,"href":"https:\/\/wizardly-davinci.82-223-8-23.plesk.page\/en\/wp-json\/wp\/v2\/autor_id?post=63081"},{"taxonomy":"universidades_coeditoras","embeddable":true,"href":"https:\/\/wizardly-davinci.82-223-8-23.plesk.page\/en\/wp-json\/wp\/v2\/universidades_coeditoras?post=63081"},{"taxonomy":"palabras_clave","embeddable":true,"href":"https:\/\/wizardly-davinci.82-223-8-23.plesk.page\/en\/wp-json\/wp\/v2\/palabras_clave?post=63081"},{"taxonomy":"listado_alfabetico","embeddable":true,"href":"https:\/\/wizardly-davinci.82-223-8-23.plesk.page\/en\/wp-json\/wp\/v2\/listado_alfabetico?post=63081"}],"curies":[{"name":"wp","href":"https:\/\/api.w.org\/{rel}","templated":true}]}}