{"id":63092,"date":"2023-04-06T09:20:40","date_gmt":"2023-04-06T07:20:40","guid":{"rendered":"https:\/\/octaedro.com\/?post_type=product&#038;p=63092"},"modified":"2023-04-26T17:27:43","modified_gmt":"2023-04-26T15:27:43","slug":"discusiones-actuales-alrededor-del-libro-de-texto-escolar","status":"publish","type":"product","link":"https:\/\/wizardly-davinci.82-223-8-23.plesk.page\/en\/producto\/discusiones-actuales-alrededor-del-libro-de-texto-escolar\/","title":{"rendered":"Discusiones actuales alrededor del libro de texto escolar"},"content":{"rendered":"","protected":false},"excerpt":{"rendered":"<blockquote><p><b>Los diferentes cap\u00edtulos del libro constituyen tambi\u00e9n un sentido reconocimiento al trabajo del doctor Jaume Mart\u00ednez-Bonaf\u00e9, uno de los investigadores m\u00e1s intensamente preocupados por estas tem\u00e1ticas\u00a0a lo largo de su carrera profesional. Los textos recogidos en esta obra por parte de los diferentes autores han supuesto un ejercicio de di\u00e1logo acad\u00e9mico permanente\u00a0con\u00a0su\u00a0obra.<\/b><\/p><\/blockquote>\n<p>Un grupo de investigadoras e investigadores de la educaci\u00f3n de diferentes universidades y distintos pa\u00edses de Europa y Latinoam\u00e9rica alimenta con sus textos el necesario debate en el contexto actual sobre el curr\u00edculum y su concreci\u00f3n en los materiales did\u00e1cticos, y m\u00e1s concretamente en el libro de texto escolar. \u00bfQu\u00e9 problem\u00e1ticas se investigan? \u00bfCu\u00e1les son los avances? \u00bfQu\u00e9 se silencia y qu\u00e9 culturas se refuerzan en sus contenidos? \u00bfHay dependencias y condicionamientos del mercado? Libros de texto digitales, \u00bfm\u00e1s de lo mismo? \u00bfQu\u00e9 relaci\u00f3n se establece entre el uso del libro de texto y el desarrollo profesional docente? \u00bfCu\u00e1les son las pol\u00edticas de colonizaci\u00f3n cultural mediadas por el libro de texto? \u00bfQu\u00e9 estrategias anal\u00edticas facilitan el estudio del discurso hegem\u00f3nico en el libro de texto? \u00bfQu\u00e9 concepto de lo p\u00fablico activamos en el libro de texto? \u00bfQu\u00e9 alternativas encontramos? Estas y otras cuestiones se plantean aqu\u00ed con la intenci\u00f3n de actualizar y fomentar la discusi\u00f3n necesaria ante cualquier preocupaci\u00f3n sobre la innovaci\u00f3n y mejora de la escuela.<\/p>\n","protected":false},"featured_media":63093,"comment_status":"open","ping_status":"closed","template":"","meta":{"_et_pb_use_builder":"","_et_pb_old_content":"","_et_gb_content_width":""},"product_cat":[2606,6674,6675],"product_tag":[2608],"edicion":[1085,1083],"editoriales":[1160],"tienda":[],"autor_id":[22985,22984,18883],"universidades_coeditoras":[7258],"palabras_clave":[],"listado_alfabetico":[],"acf":[],"_links":{"self":[{"href":"https:\/\/wizardly-davinci.82-223-8-23.plesk.page\/en\/wp-json\/wp\/v2\/product\/63092"}],"collection":[{"href":"https:\/\/wizardly-davinci.82-223-8-23.plesk.page\/en\/wp-json\/wp\/v2\/product"}],"about":[{"href":"https:\/\/wizardly-davinci.82-223-8-23.plesk.page\/en\/wp-json\/wp\/v2\/types\/product"}],"replies":[{"embeddable":true,"href":"https:\/\/wizardly-davinci.82-223-8-23.plesk.page\/en\/wp-json\/wp\/v2\/comments?post=63092"}],"wp:featuredmedia":[{"embeddable":true,"href":"https:\/\/wizardly-davinci.82-223-8-23.plesk.page\/en\/wp-json\/wp\/v2\/media\/63093"}],"wp:attachment":[{"href":"https:\/\/wizardly-davinci.82-223-8-23.plesk.page\/en\/wp-json\/wp\/v2\/media?parent=63092"}],"wp:term":[{"taxonomy":"product_cat","embeddable":true,"href":"https:\/\/wizardly-davinci.82-223-8-23.plesk.page\/en\/wp-json\/wp\/v2\/product_cat?post=63092"},{"taxonomy":"product_tag","embeddable":true,"href":"https:\/\/wizardly-davinci.82-223-8-23.plesk.page\/en\/wp-json\/wp\/v2\/product_tag?post=63092"},{"taxonomy":"edicion","embeddable":true,"href":"https:\/\/wizardly-davinci.82-223-8-23.plesk.page\/en\/wp-json\/wp\/v2\/edicion?post=63092"},{"taxonomy":"editoriales","embeddable":true,"href":"https:\/\/wizardly-davinci.82-223-8-23.plesk.page\/en\/wp-json\/wp\/v2\/editoriales?post=63092"},{"taxonomy":"tienda","embeddable":true,"href":"https:\/\/wizardly-davinci.82-223-8-23.plesk.page\/en\/wp-json\/wp\/v2\/tienda?post=63092"},{"taxonomy":"autor_id","embeddable":true,"href":"https:\/\/wizardly-davinci.82-223-8-23.plesk.page\/en\/wp-json\/wp\/v2\/autor_id?post=63092"},{"taxonomy":"universidades_coeditoras","embeddable":true,"href":"https:\/\/wizardly-davinci.82-223-8-23.plesk.page\/en\/wp-json\/wp\/v2\/universidades_coeditoras?post=63092"},{"taxonomy":"palabras_clave","embeddable":true,"href":"https:\/\/wizardly-davinci.82-223-8-23.plesk.page\/en\/wp-json\/wp\/v2\/palabras_clave?post=63092"},{"taxonomy":"listado_alfabetico","embeddable":true,"href":"https:\/\/wizardly-davinci.82-223-8-23.plesk.page\/en\/wp-json\/wp\/v2\/listado_alfabetico?post=63092"}],"curies":[{"name":"wp","href":"https:\/\/api.w.org\/{rel}","templated":true}]}}