{"id":63124,"date":"2023-02-10T10:07:49","date_gmt":"2023-02-10T09:07:49","guid":{"rendered":"https:\/\/octaedro.com\/?post_type=product&#038;p=63124"},"modified":"2023-02-22T12:49:20","modified_gmt":"2023-02-22T11:49:20","slug":"teatro-en-educacion-sin-memorizar-textos","status":"publish","type":"product","link":"https:\/\/wizardly-davinci.82-223-8-23.plesk.page\/en\/producto\/teatro-en-educacion-sin-memorizar-textos\/","title":{"rendered":"Teatro en educaci\u00f3n sin memorizar textos"},"content":{"rendered":"","protected":false},"excerpt":{"rendered":"<p>Este libro pretende ser un manual sobre teatro y drama en educacio\u0301n para docentes de educacio\u0301n formal \u2013de todas las etapas educativas\u2013 y no formal. Ofrece 78 maneras de hacer teatro en las aulas sin necesidad de que el alumnado memorice textos para romper asi\u0301 con el prejuicio de que solo de este modo se puede practicar teatro en la educacio\u0301n.<\/p>\n<p>Contiene, asimismo, ma\u0301s de 400 creativas y rigurosas propuestas adaptadas a las asignaturas curriculares de las distintas etapas educativas. Adema\u0301s, cuenta con ma\u0301s de 300 sugerencias audiovisuales, por medio de co\u0301digos QR, que completan el acercamiento a cada te\u0301cnica, garantizando asi\u0301 la efectividad del libro como herramienta dida\u0301ctica. Todo ello completado con un repaso de los principios metodolo\u0301gicos que deben regir cualquier propuesta basada en el teatro\/drama en educacio\u0301n, a fin de conseguir que la persona docente se sienta confiada a la hora de aplicarla a la realidad de su di\u0301a a d\u00eda.<\/p>\n<p>Este libro es un manojo de llaves que abre mu\u0301ltiples puertas. Si ya lo tienes en tus manos, no hay marcha atra\u0301s: ha comenzado la aventura creativa de explorar para conocer&#8230; y las posibilidades son infinitas.<\/p>\n<blockquote><p><em>\u00ab\u00a1Todos podemos crear algo bello! Esta es la convicci\u00f3n de los autores de este espl\u00e9ndido texto, \u00fatil, concreto y muy inspirador. Enhorabuena por una obra tan s\u00f3lida y \u00fatil, una gu\u00eda para que adultos, ni\u00f1os y j\u00f3venes puedan adentrarse en el crecimiento y el aprendizaje a trav\u00e9s del arte y de la improvisaci\u00f3n.\u00bb<\/em>\u00a0 \u2014Elsa Punset<\/p><\/blockquote>\n","protected":false},"featured_media":63129,"comment_status":"open","ping_status":"closed","template":"","meta":{"_et_pb_use_builder":"","_et_pb_old_content":"","_et_gb_content_width":""},"product_cat":[1512,6675],"product_tag":[2602],"edicion":[1083],"editoriales":[1160],"tienda":[],"autor_id":[22999,6020],"universidades_coeditoras":[],"palabras_clave":[],"listado_alfabetico":[],"acf":[],"_links":{"self":[{"href":"https:\/\/wizardly-davinci.82-223-8-23.plesk.page\/en\/wp-json\/wp\/v2\/product\/63124"}],"collection":[{"href":"https:\/\/wizardly-davinci.82-223-8-23.plesk.page\/en\/wp-json\/wp\/v2\/product"}],"about":[{"href":"https:\/\/wizardly-davinci.82-223-8-23.plesk.page\/en\/wp-json\/wp\/v2\/types\/product"}],"replies":[{"embeddable":true,"href":"https:\/\/wizardly-davinci.82-223-8-23.plesk.page\/en\/wp-json\/wp\/v2\/comments?post=63124"}],"wp:featuredmedia":[{"embeddable":true,"href":"https:\/\/wizardly-davinci.82-223-8-23.plesk.page\/en\/wp-json\/wp\/v2\/media\/63129"}],"wp:attachment":[{"href":"https:\/\/wizardly-davinci.82-223-8-23.plesk.page\/en\/wp-json\/wp\/v2\/media?parent=63124"}],"wp:term":[{"taxonomy":"product_cat","embeddable":true,"href":"https:\/\/wizardly-davinci.82-223-8-23.plesk.page\/en\/wp-json\/wp\/v2\/product_cat?post=63124"},{"taxonomy":"product_tag","embeddable":true,"href":"https:\/\/wizardly-davinci.82-223-8-23.plesk.page\/en\/wp-json\/wp\/v2\/product_tag?post=63124"},{"taxonomy":"edicion","embeddable":true,"href":"https:\/\/wizardly-davinci.82-223-8-23.plesk.page\/en\/wp-json\/wp\/v2\/edicion?post=63124"},{"taxonomy":"editoriales","embeddable":true,"href":"https:\/\/wizardly-davinci.82-223-8-23.plesk.page\/en\/wp-json\/wp\/v2\/editoriales?post=63124"},{"taxonomy":"tienda","embeddable":true,"href":"https:\/\/wizardly-davinci.82-223-8-23.plesk.page\/en\/wp-json\/wp\/v2\/tienda?post=63124"},{"taxonomy":"autor_id","embeddable":true,"href":"https:\/\/wizardly-davinci.82-223-8-23.plesk.page\/en\/wp-json\/wp\/v2\/autor_id?post=63124"},{"taxonomy":"universidades_coeditoras","embeddable":true,"href":"https:\/\/wizardly-davinci.82-223-8-23.plesk.page\/en\/wp-json\/wp\/v2\/universidades_coeditoras?post=63124"},{"taxonomy":"palabras_clave","embeddable":true,"href":"https:\/\/wizardly-davinci.82-223-8-23.plesk.page\/en\/wp-json\/wp\/v2\/palabras_clave?post=63124"},{"taxonomy":"listado_alfabetico","embeddable":true,"href":"https:\/\/wizardly-davinci.82-223-8-23.plesk.page\/en\/wp-json\/wp\/v2\/listado_alfabetico?post=63124"}],"curies":[{"name":"wp","href":"https:\/\/api.w.org\/{rel}","templated":true}]}}