{"id":63148,"date":"2023-02-11T18:40:29","date_gmt":"2023-02-11T17:40:29","guid":{"rendered":"https:\/\/octaedro.com\/?post_type=product&#038;p=63148"},"modified":"2023-02-21T16:32:35","modified_gmt":"2023-02-21T15:32:35","slug":"taller-de-teatro-de-sombras","status":"publish","type":"product","link":"https:\/\/wizardly-davinci.82-223-8-23.plesk.page\/en\/producto\/taller-de-teatro-de-sombras\/","title":{"rendered":"Taller de teatro de sombras"},"content":{"rendered":"","protected":false},"excerpt":{"rendered":"<p>Este libro contiene una clara invitaci\u00f3n a conjugar luz y sombra, a buscar posibilidades y experimentar con objetos, cuerpos y materiales diversos, para traspasar, como Alicia \u2013con la imaginaci\u00f3n es muy f\u00e1cil\u2013, el espejo rutilante y di\u00e1fanamente blanco de una pantalla que separa y concentra.<\/p>\n<p>A trav\u00e9s de su historia milenaria \u2013un camino que empieza en la lejana China hace 2\u2009000 a\u00f1os y que llega hasta nuestros d\u00edas cubriendo con variantes pr\u00e1cticamente todos los rincones del planeta\u2013, el autor se replantea, dado su car\u00e1cter multidisciplinar, el valor did\u00e1ctico que el teatro de sombras tiene a la hora de que profesores y animadores decidan programar trabajos experimentales en el aula que ilusionen al alumnado, provoquen su creatividad y desarrollen su imaginaci\u00f3n.<\/p>\n<p>Para ello, y tras un conocimiento de las condiciones t\u00e9cnicas y de los materiales que facilitan su pr\u00e1ctica, nada mejor que embarcarlos en un proyecto colectivo, pero de gran calado personal dada la b\u00fasqueda, el descubrimiento y la exteriorizaci\u00f3n de sentimientos y emociones evidentemente personales. Ese proyecto, esa invitaci\u00f3n, tiene forma de taller de sombras, una gu\u00eda organizada y secuenciada que asegura a los participantes, mediante peque\u00f1os y clarificadores pasos, enfrentarse a un reto significativo: la puesta en escena de un espect\u00e1culo que convoque a m\u00e1s gente a\u00fan \u2013esta vez como sorprendidos espectadores\u2013 a la magia de las sombras cuando juegan con la luz.<\/p>\n","protected":false},"featured_media":63150,"comment_status":"open","ping_status":"closed","template":"","meta":{"_et_pb_use_builder":"","_et_pb_old_content":"","_et_gb_content_width":""},"product_cat":[1512,6675],"product_tag":[2602],"edicion":[1083],"editoriales":[1160],"tienda":[],"autor_id":[5269],"universidades_coeditoras":[],"palabras_clave":[],"listado_alfabetico":[],"acf":[],"_links":{"self":[{"href":"https:\/\/wizardly-davinci.82-223-8-23.plesk.page\/en\/wp-json\/wp\/v2\/product\/63148"}],"collection":[{"href":"https:\/\/wizardly-davinci.82-223-8-23.plesk.page\/en\/wp-json\/wp\/v2\/product"}],"about":[{"href":"https:\/\/wizardly-davinci.82-223-8-23.plesk.page\/en\/wp-json\/wp\/v2\/types\/product"}],"replies":[{"embeddable":true,"href":"https:\/\/wizardly-davinci.82-223-8-23.plesk.page\/en\/wp-json\/wp\/v2\/comments?post=63148"}],"wp:featuredmedia":[{"embeddable":true,"href":"https:\/\/wizardly-davinci.82-223-8-23.plesk.page\/en\/wp-json\/wp\/v2\/media\/63150"}],"wp:attachment":[{"href":"https:\/\/wizardly-davinci.82-223-8-23.plesk.page\/en\/wp-json\/wp\/v2\/media?parent=63148"}],"wp:term":[{"taxonomy":"product_cat","embeddable":true,"href":"https:\/\/wizardly-davinci.82-223-8-23.plesk.page\/en\/wp-json\/wp\/v2\/product_cat?post=63148"},{"taxonomy":"product_tag","embeddable":true,"href":"https:\/\/wizardly-davinci.82-223-8-23.plesk.page\/en\/wp-json\/wp\/v2\/product_tag?post=63148"},{"taxonomy":"edicion","embeddable":true,"href":"https:\/\/wizardly-davinci.82-223-8-23.plesk.page\/en\/wp-json\/wp\/v2\/edicion?post=63148"},{"taxonomy":"editoriales","embeddable":true,"href":"https:\/\/wizardly-davinci.82-223-8-23.plesk.page\/en\/wp-json\/wp\/v2\/editoriales?post=63148"},{"taxonomy":"tienda","embeddable":true,"href":"https:\/\/wizardly-davinci.82-223-8-23.plesk.page\/en\/wp-json\/wp\/v2\/tienda?post=63148"},{"taxonomy":"autor_id","embeddable":true,"href":"https:\/\/wizardly-davinci.82-223-8-23.plesk.page\/en\/wp-json\/wp\/v2\/autor_id?post=63148"},{"taxonomy":"universidades_coeditoras","embeddable":true,"href":"https:\/\/wizardly-davinci.82-223-8-23.plesk.page\/en\/wp-json\/wp\/v2\/universidades_coeditoras?post=63148"},{"taxonomy":"palabras_clave","embeddable":true,"href":"https:\/\/wizardly-davinci.82-223-8-23.plesk.page\/en\/wp-json\/wp\/v2\/palabras_clave?post=63148"},{"taxonomy":"listado_alfabetico","embeddable":true,"href":"https:\/\/wizardly-davinci.82-223-8-23.plesk.page\/en\/wp-json\/wp\/v2\/listado_alfabetico?post=63148"}],"curies":[{"name":"wp","href":"https:\/\/api.w.org\/{rel}","templated":true}]}}