{"id":63257,"date":"2023-02-20T00:00:01","date_gmt":"2023-02-19T23:00:01","guid":{"rendered":"https:\/\/octaedro.com\/?post_type=product&#038;p=63257"},"modified":"2023-05-26T11:03:19","modified_gmt":"2023-05-26T09:03:19","slug":"futuro-de-la-didactica-general","status":"publish","type":"product","link":"https:\/\/wizardly-davinci.82-223-8-23.plesk.page\/en\/producto\/futuro-de-la-didactica-general\/","title":{"rendered":"Futuro de la Did\u00e1ctica General"},"content":{"rendered":"","protected":false},"excerpt":{"rendered":"<p class=\"Ningnestilodeprrafo\" style=\"margin-bottom: 8.5pt;\"><span lang=\"ES-TRAD\">La obra presenta el fruto de una polifon\u00eda de voces maduras y j\u00f3venes. Profundiza en los desaf\u00edos y posibilidades de una ciencia fundamental en la formaci\u00f3n de maestros y educadores. Se indaga en la teor\u00eda y pr\u00e1ctica de los procesos de ense\u00f1anza-aprendizaje y en la formaci\u00f3n, con \u00e9nfasis en la docencia creativa y consciente, impulsora de una educaci\u00f3n integral y plena para todas las personas a lo largo de su vida. Se orienta al mayor entendimiento pedag\u00f3gico de la disciplina, al menos para la pr\u00f3xima d\u00e9cada.<\/span><\/p>\n<p class=\"Ningnestilodeprrafo\" style=\"margin-bottom: 8.5pt;\"><span lang=\"ES-TRAD\">Incluye nuevos y cl\u00e1sicos retos de la Did\u00e1ctica General, y su interrelaci\u00f3n con los principios en un mundo en cambio, desarrollo permanente y excesiva dependencia tecnol\u00f3gica. La respuesta a tales problemas se inicia desde el di\u00e1logo con los principios y su cumplimiento, ampliados con una visi\u00f3n radical, plena y arriesgada, que sit\u00faa la toma de conciencia y la b\u00fasqueda de las ra\u00edces de la Did\u00e1ctica General en un horizonte formativo valioso. <\/span><\/p>\n<p class=\"Ningnestilodeprrafo\" style=\"margin-bottom: 8.5pt;\"><span lang=\"ES-TRAD\">Se une as\u00ed la indagaci\u00f3n del verdadero sentido de las pr\u00e1cticas docentes a nuevas perspectivas y a modelos que requieren imaginaci\u00f3n y compromiso firmes con la construcci\u00f3n de estilos aut\u00e9nticamente transformadores de los procesos formativos, configurados desde reflexiones y cambios profundos y bien elaborados. <\/span><\/p>\n","protected":false},"featured_media":63258,"comment_status":"open","ping_status":"closed","template":"","meta":{"_et_pb_use_builder":"","_et_pb_old_content":"","_et_gb_content_width":""},"product_cat":[2606,6936,6674,6675],"product_tag":[2608],"edicion":[1085,1083],"editoriales":[1160],"tienda":[],"autor_id":[5689,23008],"universidades_coeditoras":[7262],"palabras_clave":[],"listado_alfabetico":[],"acf":[],"_links":{"self":[{"href":"https:\/\/wizardly-davinci.82-223-8-23.plesk.page\/en\/wp-json\/wp\/v2\/product\/63257"}],"collection":[{"href":"https:\/\/wizardly-davinci.82-223-8-23.plesk.page\/en\/wp-json\/wp\/v2\/product"}],"about":[{"href":"https:\/\/wizardly-davinci.82-223-8-23.plesk.page\/en\/wp-json\/wp\/v2\/types\/product"}],"replies":[{"embeddable":true,"href":"https:\/\/wizardly-davinci.82-223-8-23.plesk.page\/en\/wp-json\/wp\/v2\/comments?post=63257"}],"wp:featuredmedia":[{"embeddable":true,"href":"https:\/\/wizardly-davinci.82-223-8-23.plesk.page\/en\/wp-json\/wp\/v2\/media\/63258"}],"wp:attachment":[{"href":"https:\/\/wizardly-davinci.82-223-8-23.plesk.page\/en\/wp-json\/wp\/v2\/media?parent=63257"}],"wp:term":[{"taxonomy":"product_cat","embeddable":true,"href":"https:\/\/wizardly-davinci.82-223-8-23.plesk.page\/en\/wp-json\/wp\/v2\/product_cat?post=63257"},{"taxonomy":"product_tag","embeddable":true,"href":"https:\/\/wizardly-davinci.82-223-8-23.plesk.page\/en\/wp-json\/wp\/v2\/product_tag?post=63257"},{"taxonomy":"edicion","embeddable":true,"href":"https:\/\/wizardly-davinci.82-223-8-23.plesk.page\/en\/wp-json\/wp\/v2\/edicion?post=63257"},{"taxonomy":"editoriales","embeddable":true,"href":"https:\/\/wizardly-davinci.82-223-8-23.plesk.page\/en\/wp-json\/wp\/v2\/editoriales?post=63257"},{"taxonomy":"tienda","embeddable":true,"href":"https:\/\/wizardly-davinci.82-223-8-23.plesk.page\/en\/wp-json\/wp\/v2\/tienda?post=63257"},{"taxonomy":"autor_id","embeddable":true,"href":"https:\/\/wizardly-davinci.82-223-8-23.plesk.page\/en\/wp-json\/wp\/v2\/autor_id?post=63257"},{"taxonomy":"universidades_coeditoras","embeddable":true,"href":"https:\/\/wizardly-davinci.82-223-8-23.plesk.page\/en\/wp-json\/wp\/v2\/universidades_coeditoras?post=63257"},{"taxonomy":"palabras_clave","embeddable":true,"href":"https:\/\/wizardly-davinci.82-223-8-23.plesk.page\/en\/wp-json\/wp\/v2\/palabras_clave?post=63257"},{"taxonomy":"listado_alfabetico","embeddable":true,"href":"https:\/\/wizardly-davinci.82-223-8-23.plesk.page\/en\/wp-json\/wp\/v2\/listado_alfabetico?post=63257"}],"curies":[{"name":"wp","href":"https:\/\/api.w.org\/{rel}","templated":true}]}}