{"id":63495,"date":"2023-04-05T17:21:32","date_gmt":"2023-04-05T15:21:32","guid":{"rendered":"https:\/\/octaedro.com\/?post_type=product&#038;p=63495"},"modified":"2023-06-20T09:32:35","modified_gmt":"2023-06-20T07:32:35","slug":"buenas-practicas-e-innovacion-en-pedagogia-hospitalaria-ii","status":"publish","type":"product","link":"https:\/\/wizardly-davinci.82-223-8-23.plesk.page\/en\/producto\/buenas-practicas-e-innovacion-en-pedagogia-hospitalaria-ii\/","title":{"rendered":"Buenas pr\u00e1cticas e innovaci\u00f3n en pedagog\u00eda hospitalaria II"},"content":{"rendered":"","protected":false},"excerpt":{"rendered":"<p>En este libro se presentan proyectos educativos dirigidos a personas en situaci\u00f3n de enfermedad en diferentes etapas de la vida y contextos de intervenci\u00f3n, relatados por los propios impulsores. Se trata de mostrar la evoluci\u00f3n de la PH mediante la ampliaci\u00f3n de espacios educativos hospitalarios, as\u00ed como la expansi\u00f3n de la acci\u00f3n educativa a espacios no sanitarios. Los proyectos presentados aplican metodolog\u00edas educativas innovadoras e inclusivas con resultados exitosos, que pueden ser extrapolables a otros entornos con situaciones similares. Se muestra el trabajo en contextos in\u00e9ditos y recursos para abordar algunas enfermedades cr\u00f3nicas y el autocuidado profesional.<\/p>\n<p>Con esta obra se pretende aportar elementos te\u00f3ricos y pr\u00e1cticos, desde la experiencia directa de los profesionales, para seguir avanzando hacia la cobertura universal a partir de una pedagog\u00eda hospitalaria donde la innovaci\u00f3n, la inclusi\u00f3n y la flexibilidad, bien entendidas, constituyen pilares fundamentales para una educaci\u00f3n de calidad en situaci\u00f3n de enfermedad.<\/p>\n<p>Seguimos con el reto de difundir buenas pr\u00e1cticas en pedagog\u00eda hospitalaria para ir construyendo nuevos conocimientos te\u00f3ricos y metodol\u00f3gicos, nuevas experiencias creativas e innovadoras, con la finalidad de establecer redes profesionales para el intercambio de experiencias donde todos podamos aprender. Con este libro pretendemos contribuir a que la educaci\u00f3n en situaci\u00f3n de enfermedad reciba la visibilidad y el reconocimiento social y profesional, tal como merece.<\/p>\n","protected":false},"featured_media":63496,"comment_status":"open","ping_status":"closed","template":"","meta":{"_et_pb_use_builder":"","_et_pb_old_content":"","_et_gb_content_width":""},"product_cat":[2606,6674,6675],"product_tag":[2608],"edicion":[1085,1083],"editoriales":[1160],"tienda":[],"autor_id":[5070,6618,5979],"universidades_coeditoras":[],"palabras_clave":[],"listado_alfabetico":[],"acf":[],"_links":{"self":[{"href":"https:\/\/wizardly-davinci.82-223-8-23.plesk.page\/en\/wp-json\/wp\/v2\/product\/63495"}],"collection":[{"href":"https:\/\/wizardly-davinci.82-223-8-23.plesk.page\/en\/wp-json\/wp\/v2\/product"}],"about":[{"href":"https:\/\/wizardly-davinci.82-223-8-23.plesk.page\/en\/wp-json\/wp\/v2\/types\/product"}],"replies":[{"embeddable":true,"href":"https:\/\/wizardly-davinci.82-223-8-23.plesk.page\/en\/wp-json\/wp\/v2\/comments?post=63495"}],"wp:featuredmedia":[{"embeddable":true,"href":"https:\/\/wizardly-davinci.82-223-8-23.plesk.page\/en\/wp-json\/wp\/v2\/media\/63496"}],"wp:attachment":[{"href":"https:\/\/wizardly-davinci.82-223-8-23.plesk.page\/en\/wp-json\/wp\/v2\/media?parent=63495"}],"wp:term":[{"taxonomy":"product_cat","embeddable":true,"href":"https:\/\/wizardly-davinci.82-223-8-23.plesk.page\/en\/wp-json\/wp\/v2\/product_cat?post=63495"},{"taxonomy":"product_tag","embeddable":true,"href":"https:\/\/wizardly-davinci.82-223-8-23.plesk.page\/en\/wp-json\/wp\/v2\/product_tag?post=63495"},{"taxonomy":"edicion","embeddable":true,"href":"https:\/\/wizardly-davinci.82-223-8-23.plesk.page\/en\/wp-json\/wp\/v2\/edicion?post=63495"},{"taxonomy":"editoriales","embeddable":true,"href":"https:\/\/wizardly-davinci.82-223-8-23.plesk.page\/en\/wp-json\/wp\/v2\/editoriales?post=63495"},{"taxonomy":"tienda","embeddable":true,"href":"https:\/\/wizardly-davinci.82-223-8-23.plesk.page\/en\/wp-json\/wp\/v2\/tienda?post=63495"},{"taxonomy":"autor_id","embeddable":true,"href":"https:\/\/wizardly-davinci.82-223-8-23.plesk.page\/en\/wp-json\/wp\/v2\/autor_id?post=63495"},{"taxonomy":"universidades_coeditoras","embeddable":true,"href":"https:\/\/wizardly-davinci.82-223-8-23.plesk.page\/en\/wp-json\/wp\/v2\/universidades_coeditoras?post=63495"},{"taxonomy":"palabras_clave","embeddable":true,"href":"https:\/\/wizardly-davinci.82-223-8-23.plesk.page\/en\/wp-json\/wp\/v2\/palabras_clave?post=63495"},{"taxonomy":"listado_alfabetico","embeddable":true,"href":"https:\/\/wizardly-davinci.82-223-8-23.plesk.page\/en\/wp-json\/wp\/v2\/listado_alfabetico?post=63495"}],"curies":[{"name":"wp","href":"https:\/\/api.w.org\/{rel}","templated":true}]}}