{"id":63531,"date":"2023-03-13T17:41:15","date_gmt":"2023-03-13T16:41:15","guid":{"rendered":"https:\/\/octaedro.com\/?post_type=product&#038;p=63531"},"modified":"2023-06-22T11:48:22","modified_gmt":"2023-06-22T09:48:22","slug":"laigua-a-terrassa-motiu-i-motor","status":"publish","type":"product","link":"https:\/\/wizardly-davinci.82-223-8-23.plesk.page\/en\/producto\/laigua-a-terrassa-motiu-i-motor\/","title":{"rendered":"L\u2019aigua a Terrassa: motiu i motor"},"content":{"rendered":"","protected":false},"excerpt":{"rendered":"<p>Des del punt de vista hist\u00f2ric, l\u2019aigua de Terrassa ha estat, com tantes coses a la ciutat, cosa dels industrials. Gr\u00e0cies a ella i a ells, Terrassa ha fet la seva revoluci\u00f3 industrial i s\u2019ha desenvolupat durant els darrers dos segles. Tamb\u00e9 han estat ells els qui han dif\u00f3s la seva visi\u00f3 de la relaci\u00f3 entre la ciutat i l\u2019aigua, en la qual, fins fa ben poc, el paper de les institucions locals respecte d\u2019aquest recurs ha estat subsidiari.<\/p>\n<p>Aquest llibre segueix el rastre de les percepcions i les actuacions que la ciutat ha generat al voltant de l\u2019aigua en els darrers dos-cents anys i, m\u00e9s enll\u00e0 de la revisi\u00f3 de la mirada hist\u00f2rica, analitza les circumst\u00e0ncies del final de la concessi\u00f3 municipal a l\u2019empresa Mina P\u00fablica de Terrassa SA, la cultura relacional desenvolupada amb l\u2019Ajuntament en els 175 anys transcorreguts d\u2019en\u00e7\u00e0 de la creaci\u00f3 de l\u2019empresa, les din\u00e0miques socials i pol\u00edtiques que hi han incidit, i les dificultats que s\u2019han hagut de superar per encetar una nova etapa en la gesti\u00f3 del servei p\u00fablic, accentuades pels litigis plantejats contra el consistori per part de l\u2019empresa i el seu entorn d\u2019interessos econ\u00f2mics. Aquests entrebancs no van impedir un acord de m\u00ednims per iniciar l\u2019operaci\u00f3 del servei a trav\u00e9s de Taigua, l\u2019empresa p\u00fablica creada per l\u2019Ajuntament amb el suport d\u2019una majoria pol\u00edtica impensable al principi del procediment i amb un model participatiu singular del qual el temps ha palesat la solidesa.<\/p>\n<p>Finalment, s\u2019aborden els reptes del servei per al futur, les expectatives i els riscos associats a la gesti\u00f3 de l\u2019aigua, un servei exigent caracteritzat per una alta especialitzaci\u00f3 i que requereix un tractament financer espec\u00edfic per poder fer front a les inversions necess\u00e0ries per garantir-ne el funcionament.<\/p>\n","protected":false},"featured_media":63532,"comment_status":"open","ping_status":"closed","template":"","meta":{"_et_pb_use_builder":"","_et_pb_old_content":"","_et_gb_content_width":""},"product_cat":[6675,1510],"product_tag":[2602],"edicion":[1083],"editoriales":[1160],"tienda":[],"autor_id":[23032],"universidades_coeditoras":[],"palabras_clave":[],"listado_alfabetico":[],"acf":[],"_links":{"self":[{"href":"https:\/\/wizardly-davinci.82-223-8-23.plesk.page\/en\/wp-json\/wp\/v2\/product\/63531"}],"collection":[{"href":"https:\/\/wizardly-davinci.82-223-8-23.plesk.page\/en\/wp-json\/wp\/v2\/product"}],"about":[{"href":"https:\/\/wizardly-davinci.82-223-8-23.plesk.page\/en\/wp-json\/wp\/v2\/types\/product"}],"replies":[{"embeddable":true,"href":"https:\/\/wizardly-davinci.82-223-8-23.plesk.page\/en\/wp-json\/wp\/v2\/comments?post=63531"}],"wp:featuredmedia":[{"embeddable":true,"href":"https:\/\/wizardly-davinci.82-223-8-23.plesk.page\/en\/wp-json\/wp\/v2\/media\/63532"}],"wp:attachment":[{"href":"https:\/\/wizardly-davinci.82-223-8-23.plesk.page\/en\/wp-json\/wp\/v2\/media?parent=63531"}],"wp:term":[{"taxonomy":"product_cat","embeddable":true,"href":"https:\/\/wizardly-davinci.82-223-8-23.plesk.page\/en\/wp-json\/wp\/v2\/product_cat?post=63531"},{"taxonomy":"product_tag","embeddable":true,"href":"https:\/\/wizardly-davinci.82-223-8-23.plesk.page\/en\/wp-json\/wp\/v2\/product_tag?post=63531"},{"taxonomy":"edicion","embeddable":true,"href":"https:\/\/wizardly-davinci.82-223-8-23.plesk.page\/en\/wp-json\/wp\/v2\/edicion?post=63531"},{"taxonomy":"editoriales","embeddable":true,"href":"https:\/\/wizardly-davinci.82-223-8-23.plesk.page\/en\/wp-json\/wp\/v2\/editoriales?post=63531"},{"taxonomy":"tienda","embeddable":true,"href":"https:\/\/wizardly-davinci.82-223-8-23.plesk.page\/en\/wp-json\/wp\/v2\/tienda?post=63531"},{"taxonomy":"autor_id","embeddable":true,"href":"https:\/\/wizardly-davinci.82-223-8-23.plesk.page\/en\/wp-json\/wp\/v2\/autor_id?post=63531"},{"taxonomy":"universidades_coeditoras","embeddable":true,"href":"https:\/\/wizardly-davinci.82-223-8-23.plesk.page\/en\/wp-json\/wp\/v2\/universidades_coeditoras?post=63531"},{"taxonomy":"palabras_clave","embeddable":true,"href":"https:\/\/wizardly-davinci.82-223-8-23.plesk.page\/en\/wp-json\/wp\/v2\/palabras_clave?post=63531"},{"taxonomy":"listado_alfabetico","embeddable":true,"href":"https:\/\/wizardly-davinci.82-223-8-23.plesk.page\/en\/wp-json\/wp\/v2\/listado_alfabetico?post=63531"}],"curies":[{"name":"wp","href":"https:\/\/api.w.org\/{rel}","templated":true}]}}