{"id":63551,"date":"2023-04-05T17:05:17","date_gmt":"2023-04-05T15:05:17","guid":{"rendered":"https:\/\/octaedro.com\/?post_type=product&#038;p=63551"},"modified":"2023-07-07T10:14:37","modified_gmt":"2023-07-07T08:14:37","slug":"investigacion-y-buenas-practicas-en-educacion-lectora","status":"publish","type":"product","link":"https:\/\/wizardly-davinci.82-223-8-23.plesk.page\/en\/producto\/investigacion-y-buenas-practicas-en-educacion-lectora\/","title":{"rendered":"Investigaci\u00f3n y buenas pr\u00e1cticas en educaci\u00f3n lectora"},"content":{"rendered":"","protected":false},"excerpt":{"rendered":"<p>Esta obra surge de la reflexi\u00f3n en torno a la ense\u00f1anza de la pr\u00e1ctica lectora en el contexto actual. La multimodalidad y la transmedialidad son factores propios de la cultura moderna que obligan a abordar la cuesti\u00f3n de la educaci\u00f3n lectora desde una perspectiva interdisciplinar. Por eso este monogr\u00e1fico recoge un estado de la cuesti\u00f3n de algunas de las l\u00edneas de investigaci\u00f3n m\u00e1s recientes en el \u00e1mbito de la did\u00e1ctica de la lengua y la literatura con un esp\u00edritu integrador de enfoques y m\u00e9todos. En sus p\u00e1ginas hemos reunido colaboraciones de investigadores e investigadoras de reconocido prestigio y extensa trayectoria en el estudio de la educaci\u00f3n lectora que nos aportan su visi\u00f3n sobre la formaci\u00f3n de lectores en un mundo en constante cambio que obliga a un an\u00e1lisis continuo sobre las acciones did\u00e1cticas en torno a la lectura y al desarrollo del h\u00e1bito lector.<\/p>\n<p>El objetivo es dotar de un material diverso y actual a quienes se dedican a la educaci\u00f3n lectora y literaria en los distintos niveles educativos, a quienes investigan de manera te\u00f3rica sobre este asunto y buscan luz sobre las \u00faltimas tendencias en la disciplina, y a quienes quieran asomarse al mundo de la ense\u00f1anza de la literatura y ver por d\u00f3nde caminan los derroteros de la formaci\u00f3n de lectores sin otro inter\u00e9s que el de la mera curiosidad.<\/p>\n","protected":false},"featured_media":63552,"comment_status":"open","ping_status":"closed","template":"","meta":{"_et_pb_use_builder":"","_et_pb_old_content":"","_et_gb_content_width":""},"product_cat":[2606,6675,6673],"product_tag":[2604],"edicion":[1084,1083],"editoriales":[1160],"tienda":[],"autor_id":[23035,23037],"universidades_coeditoras":[7238],"palabras_clave":[],"listado_alfabetico":[],"acf":[],"_links":{"self":[{"href":"https:\/\/wizardly-davinci.82-223-8-23.plesk.page\/en\/wp-json\/wp\/v2\/product\/63551"}],"collection":[{"href":"https:\/\/wizardly-davinci.82-223-8-23.plesk.page\/en\/wp-json\/wp\/v2\/product"}],"about":[{"href":"https:\/\/wizardly-davinci.82-223-8-23.plesk.page\/en\/wp-json\/wp\/v2\/types\/product"}],"replies":[{"embeddable":true,"href":"https:\/\/wizardly-davinci.82-223-8-23.plesk.page\/en\/wp-json\/wp\/v2\/comments?post=63551"}],"wp:featuredmedia":[{"embeddable":true,"href":"https:\/\/wizardly-davinci.82-223-8-23.plesk.page\/en\/wp-json\/wp\/v2\/media\/63552"}],"wp:attachment":[{"href":"https:\/\/wizardly-davinci.82-223-8-23.plesk.page\/en\/wp-json\/wp\/v2\/media?parent=63551"}],"wp:term":[{"taxonomy":"product_cat","embeddable":true,"href":"https:\/\/wizardly-davinci.82-223-8-23.plesk.page\/en\/wp-json\/wp\/v2\/product_cat?post=63551"},{"taxonomy":"product_tag","embeddable":true,"href":"https:\/\/wizardly-davinci.82-223-8-23.plesk.page\/en\/wp-json\/wp\/v2\/product_tag?post=63551"},{"taxonomy":"edicion","embeddable":true,"href":"https:\/\/wizardly-davinci.82-223-8-23.plesk.page\/en\/wp-json\/wp\/v2\/edicion?post=63551"},{"taxonomy":"editoriales","embeddable":true,"href":"https:\/\/wizardly-davinci.82-223-8-23.plesk.page\/en\/wp-json\/wp\/v2\/editoriales?post=63551"},{"taxonomy":"tienda","embeddable":true,"href":"https:\/\/wizardly-davinci.82-223-8-23.plesk.page\/en\/wp-json\/wp\/v2\/tienda?post=63551"},{"taxonomy":"autor_id","embeddable":true,"href":"https:\/\/wizardly-davinci.82-223-8-23.plesk.page\/en\/wp-json\/wp\/v2\/autor_id?post=63551"},{"taxonomy":"universidades_coeditoras","embeddable":true,"href":"https:\/\/wizardly-davinci.82-223-8-23.plesk.page\/en\/wp-json\/wp\/v2\/universidades_coeditoras?post=63551"},{"taxonomy":"palabras_clave","embeddable":true,"href":"https:\/\/wizardly-davinci.82-223-8-23.plesk.page\/en\/wp-json\/wp\/v2\/palabras_clave?post=63551"},{"taxonomy":"listado_alfabetico","embeddable":true,"href":"https:\/\/wizardly-davinci.82-223-8-23.plesk.page\/en\/wp-json\/wp\/v2\/listado_alfabetico?post=63551"}],"curies":[{"name":"wp","href":"https:\/\/api.w.org\/{rel}","templated":true}]}}