{"id":63568,"date":"2023-03-15T18:45:33","date_gmt":"2023-03-15T17:45:33","guid":{"rendered":"https:\/\/octaedro.com\/?post_type=product&#038;p=63568"},"modified":"2023-06-12T17:18:19","modified_gmt":"2023-06-12T15:18:19","slug":"la-competencia-digital-docent-al-master-de-formacio-del-professorat-de-les-universitats-de-catalunya","status":"publish","type":"product","link":"https:\/\/wizardly-davinci.82-223-8-23.plesk.page\/en\/producto\/la-competencia-digital-docent-al-master-de-formacio-del-professorat-de-les-universitats-de-catalunya\/","title":{"rendered":"La compet\u00e8ncia digital docent al m\u00e0ster de formaci\u00f3 del professorat de les universitats de Catalunya"},"content":{"rendered":"","protected":false},"excerpt":{"rendered":"<p>Aquest llibre \u00e9s un dels resultats del treball conjunt de docents del m\u00e0ster de formaci\u00f3 del professorat de totes les universitats de Catalunya. S&#8217;ofereix un compendi d&#8217;aportacions de les onze universitats, que reflecteixen en sengles cap\u00edtols com es treballa i desenvolupa la compet\u00e8ncia digital docent (CDD) i, si escau, com s\u2019avalua en aquests estudis cadascuna de les institucions.<br \/>\nUn dels reptes principals actuals del m\u00e0ster \u00e9s determinar com el professorat d\u2019educaci\u00f3 secund\u00e0ria en formaci\u00f3 inicial desenvolupa la capacitat per exercir la tasca professional amb una compet\u00e8ncia en tot all\u00f2 que t\u00e9 a veure amb l\u2019\u00fas de la tecnologia (recursos, aparells i entorns digitals). I, quan parlem d\u2019aquesta compet\u00e8ncia, fem refer\u00e8ncia a la CDD.<br \/>\nAmb aquest llibre, resultant del projecte CerTICDocent: certificaci\u00f3 de la compet\u00e8ncia digital docent del professorat d\u2019educaci\u00f3 secund\u00e0ria en formaci\u00f3 inicial (ref.: 2020 ARMIF 00006), es pret\u00e9n donar resposta a l\u2019estat d\u2019aquesta compet\u00e8ncia en l\u2019entorn de les universitats catalanes que ofereixen el m\u00e0ster de formaci\u00f3 el professorat, alhora que mostrar una visi\u00f3 global i descriptiva de la panor\u00e0mica actual i apuntar horitzons que cal treballar i resoldre.<\/p>\n","protected":false},"featured_media":63569,"comment_status":"open","ping_status":"closed","template":"","meta":{"_et_pb_use_builder":"","_et_pb_old_content":"","_et_gb_content_width":""},"product_cat":[2606,6673],"product_tag":[2605],"edicion":[1084],"editoriales":[1160],"tienda":[],"autor_id":[23039,22778],"universidades_coeditoras":[],"palabras_clave":[],"listado_alfabetico":[],"acf":[],"_links":{"self":[{"href":"https:\/\/wizardly-davinci.82-223-8-23.plesk.page\/en\/wp-json\/wp\/v2\/product\/63568"}],"collection":[{"href":"https:\/\/wizardly-davinci.82-223-8-23.plesk.page\/en\/wp-json\/wp\/v2\/product"}],"about":[{"href":"https:\/\/wizardly-davinci.82-223-8-23.plesk.page\/en\/wp-json\/wp\/v2\/types\/product"}],"replies":[{"embeddable":true,"href":"https:\/\/wizardly-davinci.82-223-8-23.plesk.page\/en\/wp-json\/wp\/v2\/comments?post=63568"}],"wp:featuredmedia":[{"embeddable":true,"href":"https:\/\/wizardly-davinci.82-223-8-23.plesk.page\/en\/wp-json\/wp\/v2\/media\/63569"}],"wp:attachment":[{"href":"https:\/\/wizardly-davinci.82-223-8-23.plesk.page\/en\/wp-json\/wp\/v2\/media?parent=63568"}],"wp:term":[{"taxonomy":"product_cat","embeddable":true,"href":"https:\/\/wizardly-davinci.82-223-8-23.plesk.page\/en\/wp-json\/wp\/v2\/product_cat?post=63568"},{"taxonomy":"product_tag","embeddable":true,"href":"https:\/\/wizardly-davinci.82-223-8-23.plesk.page\/en\/wp-json\/wp\/v2\/product_tag?post=63568"},{"taxonomy":"edicion","embeddable":true,"href":"https:\/\/wizardly-davinci.82-223-8-23.plesk.page\/en\/wp-json\/wp\/v2\/edicion?post=63568"},{"taxonomy":"editoriales","embeddable":true,"href":"https:\/\/wizardly-davinci.82-223-8-23.plesk.page\/en\/wp-json\/wp\/v2\/editoriales?post=63568"},{"taxonomy":"tienda","embeddable":true,"href":"https:\/\/wizardly-davinci.82-223-8-23.plesk.page\/en\/wp-json\/wp\/v2\/tienda?post=63568"},{"taxonomy":"autor_id","embeddable":true,"href":"https:\/\/wizardly-davinci.82-223-8-23.plesk.page\/en\/wp-json\/wp\/v2\/autor_id?post=63568"},{"taxonomy":"universidades_coeditoras","embeddable":true,"href":"https:\/\/wizardly-davinci.82-223-8-23.plesk.page\/en\/wp-json\/wp\/v2\/universidades_coeditoras?post=63568"},{"taxonomy":"palabras_clave","embeddable":true,"href":"https:\/\/wizardly-davinci.82-223-8-23.plesk.page\/en\/wp-json\/wp\/v2\/palabras_clave?post=63568"},{"taxonomy":"listado_alfabetico","embeddable":true,"href":"https:\/\/wizardly-davinci.82-223-8-23.plesk.page\/en\/wp-json\/wp\/v2\/listado_alfabetico?post=63568"}],"curies":[{"name":"wp","href":"https:\/\/api.w.org\/{rel}","templated":true}]}}