{"id":63585,"date":"2023-03-16T18:51:22","date_gmt":"2023-03-16T17:51:22","guid":{"rendered":"https:\/\/octaedro.com\/?post_type=product&#038;p=63585"},"modified":"2023-03-27T12:45:15","modified_gmt":"2023-03-27T10:45:15","slug":"gamificacion-y-aprendizaje-movil-de-la-ortografia","status":"publish","type":"product","link":"https:\/\/wizardly-davinci.82-223-8-23.plesk.page\/en\/producto\/gamificacion-y-aprendizaje-movil-de-la-ortografia\/","title":{"rendered":"Gamificaci\u00f3n y aprendizaje m\u00f3vil de la ortograf\u00eda"},"content":{"rendered":"","protected":false},"excerpt":{"rendered":"<p>El principal objetivo del libro es presentar las principales variables, atributos y caracter\u00edsticas que debe adoptar una <em>app<\/em> educativa gamificada para su correcta integraci\u00f3n dentro y fuera de las aulas. Asimismo, se presenta la descripci\u00f3n de las fases y las caracter\u00edsticas para la creaci\u00f3n de la <em>app<\/em> GAUBI-Orto, pensada para la ense\u00f1anza gamificada de la ortograf\u00eda en educaci\u00f3n primaria. Una <em>app<\/em> dise\u00f1ada y creada al amparo del proyecto de investigaci\u00f3n financiado por la agencia estatal de investigaci\u00f3n espa\u00f1ola I+D+I titulado GAUBI (RTI2018-099764-B-100) (MICINN\/FEDER). Creemos que este libro puede servir de referencia tanto a investigadores como a docentes en ejercicio, adem\u00e1s de a cualquier persona interesada en el dise\u00f1o de <em>apps<\/em> aplicadas a la educaci\u00f3n. Al mismo tiempo, deseamos animar a la comunidad educativa a descargarse la aplicaci\u00f3n y a jugar a los diferentes minijuegos, que permiten ir avanzando en el conocimiento ortogr\u00e1fico desde una perspectiva sostenible y gamificada (acceso a la descarga en el c\u00f3digo QR).<\/p>\n","protected":false},"featured_media":63586,"comment_status":"open","ping_status":"closed","template":"","meta":{"_et_pb_use_builder":"","_et_pb_old_content":"","_et_gb_content_width":""},"product_cat":[2606,6673],"product_tag":[2605],"edicion":[1084],"editoriales":[1160],"tienda":[],"autor_id":[23044,6593],"universidades_coeditoras":[],"palabras_clave":[],"listado_alfabetico":[],"acf":[],"_links":{"self":[{"href":"https:\/\/wizardly-davinci.82-223-8-23.plesk.page\/en\/wp-json\/wp\/v2\/product\/63585"}],"collection":[{"href":"https:\/\/wizardly-davinci.82-223-8-23.plesk.page\/en\/wp-json\/wp\/v2\/product"}],"about":[{"href":"https:\/\/wizardly-davinci.82-223-8-23.plesk.page\/en\/wp-json\/wp\/v2\/types\/product"}],"replies":[{"embeddable":true,"href":"https:\/\/wizardly-davinci.82-223-8-23.plesk.page\/en\/wp-json\/wp\/v2\/comments?post=63585"}],"wp:featuredmedia":[{"embeddable":true,"href":"https:\/\/wizardly-davinci.82-223-8-23.plesk.page\/en\/wp-json\/wp\/v2\/media\/63586"}],"wp:attachment":[{"href":"https:\/\/wizardly-davinci.82-223-8-23.plesk.page\/en\/wp-json\/wp\/v2\/media?parent=63585"}],"wp:term":[{"taxonomy":"product_cat","embeddable":true,"href":"https:\/\/wizardly-davinci.82-223-8-23.plesk.page\/en\/wp-json\/wp\/v2\/product_cat?post=63585"},{"taxonomy":"product_tag","embeddable":true,"href":"https:\/\/wizardly-davinci.82-223-8-23.plesk.page\/en\/wp-json\/wp\/v2\/product_tag?post=63585"},{"taxonomy":"edicion","embeddable":true,"href":"https:\/\/wizardly-davinci.82-223-8-23.plesk.page\/en\/wp-json\/wp\/v2\/edicion?post=63585"},{"taxonomy":"editoriales","embeddable":true,"href":"https:\/\/wizardly-davinci.82-223-8-23.plesk.page\/en\/wp-json\/wp\/v2\/editoriales?post=63585"},{"taxonomy":"tienda","embeddable":true,"href":"https:\/\/wizardly-davinci.82-223-8-23.plesk.page\/en\/wp-json\/wp\/v2\/tienda?post=63585"},{"taxonomy":"autor_id","embeddable":true,"href":"https:\/\/wizardly-davinci.82-223-8-23.plesk.page\/en\/wp-json\/wp\/v2\/autor_id?post=63585"},{"taxonomy":"universidades_coeditoras","embeddable":true,"href":"https:\/\/wizardly-davinci.82-223-8-23.plesk.page\/en\/wp-json\/wp\/v2\/universidades_coeditoras?post=63585"},{"taxonomy":"palabras_clave","embeddable":true,"href":"https:\/\/wizardly-davinci.82-223-8-23.plesk.page\/en\/wp-json\/wp\/v2\/palabras_clave?post=63585"},{"taxonomy":"listado_alfabetico","embeddable":true,"href":"https:\/\/wizardly-davinci.82-223-8-23.plesk.page\/en\/wp-json\/wp\/v2\/listado_alfabetico?post=63585"}],"curies":[{"name":"wp","href":"https:\/\/api.w.org\/{rel}","templated":true}]}}