{"id":63661,"date":"2023-03-22T16:54:07","date_gmt":"2023-03-22T15:54:07","guid":{"rendered":"https:\/\/octaedro.com\/?post_type=product&#038;p=63661"},"modified":"2023-04-13T18:21:56","modified_gmt":"2023-04-13T16:21:56","slug":"el-comentario-de-textos-en-lengua-espanola-para-el-acceso-a-la-ensenanza-media-ii","status":"publish","type":"product","link":"https:\/\/wizardly-davinci.82-223-8-23.plesk.page\/en\/producto\/el-comentario-de-textos-en-lengua-espanola-para-el-acceso-a-la-ensenanza-media-ii\/","title":{"rendered":"El comentario de textos en lengua espa\u00f1ola para el acceso a la ense\u00f1anza media II"},"content":{"rendered":"","protected":false},"excerpt":{"rendered":"<div>\n<p class=\"Ningnestilodeprrafo\"><span lang=\"ES-TRAD\">El presente volumen es la continuaci\u00f3n de una primera publicaci\u00f3n acerca de c\u00f3mo abordar el comentario de texto para la oposici\u00f3n al Cuerpo de Profesores de Ense\u00f1anza Secundaria Obligatoria por la especialidad de Lengua Castellana y Literatura. As\u00ed pues, con estas dos publicaciones nos hemos propuesto acercarnos a este tipo de prueba desde la \u00f3ptica universitaria. <\/span><\/p>\n<\/div>\n<div>\n<p class=\"Ningnestilodeprrafo\"><span lang=\"ES-TRAD\">El principal motivo que nos ha movido a ello es la actual disociaci\u00f3n que observamos entre el mundo acad\u00e9mico universitario, esto es, sus contenidos formativos, y la aplicaci\u00f3n de estos desde un punto de vista laboral. Si bien un grado acad\u00e9mico y un m\u00e1ster tienen limitaciones obvias con respecto a la preparaci\u00f3n formativa de sus alumnos, tambi\u00e9n pensamos que dicha preparaci\u00f3n podr\u00eda recalar un poco m\u00e1s en las posibilidades de inserci\u00f3n de estos, en especial en los estudios acad\u00e9micos reglados, que constituyen un pilar para el ejercicio de la docencia. <\/span><\/p>\n<\/div>\n<div>\n<p class=\"Ningnestilodeprrafo\"><span lang=\"ES-TRAD\">Este libro pretende contribuir a rebajar el intervalo existente entre la Universidad y el acceso a la Ense\u00f1anza Secundaria Obligatoria, sin m\u00e1s \u00e1nimo que el de constituir una propuesta que sirva de gu\u00eda a aquellos alumnos interesados en una formaci\u00f3n espec\u00edfica para la superaci\u00f3n de las oposiciones. <\/span><\/p>\n<\/div>\n","protected":false},"featured_media":63662,"comment_status":"open","ping_status":"closed","template":"","meta":{"_et_pb_use_builder":"","_et_pb_old_content":"","_et_gb_content_width":""},"product_cat":[2606,6673],"product_tag":[2605],"edicion":[1084],"editoriales":[1160],"tienda":[],"autor_id":[5347,12693],"universidades_coeditoras":[],"palabras_clave":[],"listado_alfabetico":[],"acf":[],"_links":{"self":[{"href":"https:\/\/wizardly-davinci.82-223-8-23.plesk.page\/en\/wp-json\/wp\/v2\/product\/63661"}],"collection":[{"href":"https:\/\/wizardly-davinci.82-223-8-23.plesk.page\/en\/wp-json\/wp\/v2\/product"}],"about":[{"href":"https:\/\/wizardly-davinci.82-223-8-23.plesk.page\/en\/wp-json\/wp\/v2\/types\/product"}],"replies":[{"embeddable":true,"href":"https:\/\/wizardly-davinci.82-223-8-23.plesk.page\/en\/wp-json\/wp\/v2\/comments?post=63661"}],"wp:featuredmedia":[{"embeddable":true,"href":"https:\/\/wizardly-davinci.82-223-8-23.plesk.page\/en\/wp-json\/wp\/v2\/media\/63662"}],"wp:attachment":[{"href":"https:\/\/wizardly-davinci.82-223-8-23.plesk.page\/en\/wp-json\/wp\/v2\/media?parent=63661"}],"wp:term":[{"taxonomy":"product_cat","embeddable":true,"href":"https:\/\/wizardly-davinci.82-223-8-23.plesk.page\/en\/wp-json\/wp\/v2\/product_cat?post=63661"},{"taxonomy":"product_tag","embeddable":true,"href":"https:\/\/wizardly-davinci.82-223-8-23.plesk.page\/en\/wp-json\/wp\/v2\/product_tag?post=63661"},{"taxonomy":"edicion","embeddable":true,"href":"https:\/\/wizardly-davinci.82-223-8-23.plesk.page\/en\/wp-json\/wp\/v2\/edicion?post=63661"},{"taxonomy":"editoriales","embeddable":true,"href":"https:\/\/wizardly-davinci.82-223-8-23.plesk.page\/en\/wp-json\/wp\/v2\/editoriales?post=63661"},{"taxonomy":"tienda","embeddable":true,"href":"https:\/\/wizardly-davinci.82-223-8-23.plesk.page\/en\/wp-json\/wp\/v2\/tienda?post=63661"},{"taxonomy":"autor_id","embeddable":true,"href":"https:\/\/wizardly-davinci.82-223-8-23.plesk.page\/en\/wp-json\/wp\/v2\/autor_id?post=63661"},{"taxonomy":"universidades_coeditoras","embeddable":true,"href":"https:\/\/wizardly-davinci.82-223-8-23.plesk.page\/en\/wp-json\/wp\/v2\/universidades_coeditoras?post=63661"},{"taxonomy":"palabras_clave","embeddable":true,"href":"https:\/\/wizardly-davinci.82-223-8-23.plesk.page\/en\/wp-json\/wp\/v2\/palabras_clave?post=63661"},{"taxonomy":"listado_alfabetico","embeddable":true,"href":"https:\/\/wizardly-davinci.82-223-8-23.plesk.page\/en\/wp-json\/wp\/v2\/listado_alfabetico?post=63661"}],"curies":[{"name":"wp","href":"https:\/\/api.w.org\/{rel}","templated":true}]}}