{"id":63673,"date":"2023-04-06T19:56:58","date_gmt":"2023-04-06T17:56:58","guid":{"rendered":"https:\/\/octaedro.com\/?post_type=product&#038;p=63673"},"modified":"2023-04-26T17:44:04","modified_gmt":"2023-04-26T15:44:04","slug":"avances-en-el-estudio-sobre-el-lenguaje-cientifico-y-academico","status":"publish","type":"product","link":"https:\/\/wizardly-davinci.82-223-8-23.plesk.page\/en\/producto\/avances-en-el-estudio-sobre-el-lenguaje-cientifico-y-academico\/","title":{"rendered":"Avances en el estudio sobre el lenguaje cient\u00edfico y acad\u00e9mico"},"content":{"rendered":"","protected":false},"excerpt":{"rendered":"<p>Los quince estudios que componen el presente volumen ofrecen un acercamiento plural al lenguaje cient\u00edfico y acad\u00e9mico desde diversas disciplinas del \u00e1mbito de las Humanidades y de las Ciencias de la Educaci\u00f3n. Se distribuyen en cuatro secciones. El cap\u00edtulo introductorio, am\u00e9n de anticipar el contenido de las aportaciones posteriores, incide sobre algunas de las claves ling\u00fc\u00edsticas y epistemol\u00f3gicas que configuran la naturaleza de este lenguaje de especialidad, as\u00ed como de su ense\u00f1anza en el actual contexto universitario espa\u00f1ol. La siguiente secci\u00f3n muestra c\u00f3mo el moderno discurso cient\u00edfico hunde sus ra\u00edces en el hontanar cl\u00e1sico, tanto en lo que se refiere a su g\u00e9nesis filos\u00f3fica como a la clasificaci\u00f3n lexicol\u00f3gica de su terminolog\u00eda. La tercera secci\u00f3n plantea propuestas de vocaci\u00f3n aplicada en las que la caracterizaci\u00f3n del registro acad\u00e9mico es inseparable de los cauces para su ense\u00f1anza en los ciclos formativos superiores. La \u00faltima secci\u00f3n atiende ciertos interrogantes que suscita el lenguaje de especialidad desde la \u00f3ptica de determinadas disciplinas particulares, que van de la historia del arte a la traducci\u00f3n literaria, pasando por la did\u00e1ctica, el an\u00e1lisis de discursos multimodales, etc.<\/p>\n<p>En definitiva, estas p\u00e1ginas ponen de relieve el papel nuclear que desempe\u00f1a el lenguaje acad\u00e9mico en la construcci\u00f3n y la transmisi\u00f3n del conocimiento.<\/p>\n","protected":false},"featured_media":63675,"comment_status":"open","ping_status":"closed","template":"","meta":{"_et_pb_use_builder":"","_et_pb_old_content":"","_et_gb_content_width":""},"product_cat":[2606,6936,6674,6675],"product_tag":[2608],"edicion":[1085,1083],"editoriales":[1160],"tienda":[],"autor_id":[23058,23060],"universidades_coeditoras":[7246],"palabras_clave":[],"listado_alfabetico":[],"acf":[],"_links":{"self":[{"href":"https:\/\/wizardly-davinci.82-223-8-23.plesk.page\/en\/wp-json\/wp\/v2\/product\/63673"}],"collection":[{"href":"https:\/\/wizardly-davinci.82-223-8-23.plesk.page\/en\/wp-json\/wp\/v2\/product"}],"about":[{"href":"https:\/\/wizardly-davinci.82-223-8-23.plesk.page\/en\/wp-json\/wp\/v2\/types\/product"}],"replies":[{"embeddable":true,"href":"https:\/\/wizardly-davinci.82-223-8-23.plesk.page\/en\/wp-json\/wp\/v2\/comments?post=63673"}],"wp:featuredmedia":[{"embeddable":true,"href":"https:\/\/wizardly-davinci.82-223-8-23.plesk.page\/en\/wp-json\/wp\/v2\/media\/63675"}],"wp:attachment":[{"href":"https:\/\/wizardly-davinci.82-223-8-23.plesk.page\/en\/wp-json\/wp\/v2\/media?parent=63673"}],"wp:term":[{"taxonomy":"product_cat","embeddable":true,"href":"https:\/\/wizardly-davinci.82-223-8-23.plesk.page\/en\/wp-json\/wp\/v2\/product_cat?post=63673"},{"taxonomy":"product_tag","embeddable":true,"href":"https:\/\/wizardly-davinci.82-223-8-23.plesk.page\/en\/wp-json\/wp\/v2\/product_tag?post=63673"},{"taxonomy":"edicion","embeddable":true,"href":"https:\/\/wizardly-davinci.82-223-8-23.plesk.page\/en\/wp-json\/wp\/v2\/edicion?post=63673"},{"taxonomy":"editoriales","embeddable":true,"href":"https:\/\/wizardly-davinci.82-223-8-23.plesk.page\/en\/wp-json\/wp\/v2\/editoriales?post=63673"},{"taxonomy":"tienda","embeddable":true,"href":"https:\/\/wizardly-davinci.82-223-8-23.plesk.page\/en\/wp-json\/wp\/v2\/tienda?post=63673"},{"taxonomy":"autor_id","embeddable":true,"href":"https:\/\/wizardly-davinci.82-223-8-23.plesk.page\/en\/wp-json\/wp\/v2\/autor_id?post=63673"},{"taxonomy":"universidades_coeditoras","embeddable":true,"href":"https:\/\/wizardly-davinci.82-223-8-23.plesk.page\/en\/wp-json\/wp\/v2\/universidades_coeditoras?post=63673"},{"taxonomy":"palabras_clave","embeddable":true,"href":"https:\/\/wizardly-davinci.82-223-8-23.plesk.page\/en\/wp-json\/wp\/v2\/palabras_clave?post=63673"},{"taxonomy":"listado_alfabetico","embeddable":true,"href":"https:\/\/wizardly-davinci.82-223-8-23.plesk.page\/en\/wp-json\/wp\/v2\/listado_alfabetico?post=63673"}],"curies":[{"name":"wp","href":"https:\/\/api.w.org\/{rel}","templated":true}]}}