{"id":63726,"date":"2023-04-02T15:31:25","date_gmt":"2023-04-02T13:31:25","guid":{"rendered":"https:\/\/octaedro.com\/?post_type=product&#038;p=63726"},"modified":"2023-05-26T11:02:30","modified_gmt":"2023-05-26T09:02:30","slug":"estructura-modular-metodologias-activas-y-compromiso-social-en-innovacion-educativa-universitaria","status":"publish","type":"product","link":"https:\/\/wizardly-davinci.82-223-8-23.plesk.page\/en\/producto\/estructura-modular-metodologias-activas-y-compromiso-social-en-innovacion-educativa-universitaria\/","title":{"rendered":"Estructura modular, metodolog\u00edas activas y compromiso social en innovaci\u00f3n educativa universitaria"},"content":{"rendered":"","protected":false},"excerpt":{"rendered":"<div>\n<p class=\"Ningnestilodeprrafo\"><span lang=\"ES-TRAD\">Por medio del Congreso Internacional de Innovaci\u00f3n Educativa en Educaci\u00f3n Superior, que se celebr\u00f3 en abril de 2022 en la Facultad de Educaci\u00f3n de Bilbao (UPV\/EHU), se conmemor\u00f3 el d\u00e9cimo aniversario de la implantaci\u00f3n de un modelo de innovaci\u00f3n docente interdisciplinar e integrado en los t\u00edtulos de Educaci\u00f3n de las tres facultades de Educaci\u00f3n de la UPV\/EHU. <\/span><\/p>\n<\/div>\n<div>\n<p class=\"Ningnestilodeprrafo\"><span lang=\"ES-TRAD\">En este contexto, que podemos definir como exitoso, se re\u00fanen en esta monograf\u00eda una serie de trabajos revisados por pares que ejemplifican las l\u00edneas maestras de este proyecto de innovaci\u00f3n docente, cuyos objetivos son difundir las diferentes innovaciones educativas impulsadas dentro y fuera de los m\u00f3dulos en las facultades de Educaci\u00f3n de la UPV\/EHU y poner en valor la colaboraci\u00f3n entre la universidad y los agentes socioeducativos a trav\u00e9s de la innovaci\u00f3n social y educativa basada en una estructura modular e interdisciplinares.<\/span><\/p>\n<\/div>\n","protected":false},"featured_media":63727,"comment_status":"open","ping_status":"closed","template":"","meta":{"_et_pb_use_builder":"","_et_pb_old_content":"","_et_gb_content_width":""},"product_cat":[2606,6936,6674,6675],"product_tag":[2608],"edicion":[1085,1083],"editoriales":[1160],"tienda":[],"autor_id":[23072,23069,23067,23074,23071],"universidades_coeditoras":[],"palabras_clave":[],"listado_alfabetico":[],"acf":[],"_links":{"self":[{"href":"https:\/\/wizardly-davinci.82-223-8-23.plesk.page\/en\/wp-json\/wp\/v2\/product\/63726"}],"collection":[{"href":"https:\/\/wizardly-davinci.82-223-8-23.plesk.page\/en\/wp-json\/wp\/v2\/product"}],"about":[{"href":"https:\/\/wizardly-davinci.82-223-8-23.plesk.page\/en\/wp-json\/wp\/v2\/types\/product"}],"replies":[{"embeddable":true,"href":"https:\/\/wizardly-davinci.82-223-8-23.plesk.page\/en\/wp-json\/wp\/v2\/comments?post=63726"}],"wp:featuredmedia":[{"embeddable":true,"href":"https:\/\/wizardly-davinci.82-223-8-23.plesk.page\/en\/wp-json\/wp\/v2\/media\/63727"}],"wp:attachment":[{"href":"https:\/\/wizardly-davinci.82-223-8-23.plesk.page\/en\/wp-json\/wp\/v2\/media?parent=63726"}],"wp:term":[{"taxonomy":"product_cat","embeddable":true,"href":"https:\/\/wizardly-davinci.82-223-8-23.plesk.page\/en\/wp-json\/wp\/v2\/product_cat?post=63726"},{"taxonomy":"product_tag","embeddable":true,"href":"https:\/\/wizardly-davinci.82-223-8-23.plesk.page\/en\/wp-json\/wp\/v2\/product_tag?post=63726"},{"taxonomy":"edicion","embeddable":true,"href":"https:\/\/wizardly-davinci.82-223-8-23.plesk.page\/en\/wp-json\/wp\/v2\/edicion?post=63726"},{"taxonomy":"editoriales","embeddable":true,"href":"https:\/\/wizardly-davinci.82-223-8-23.plesk.page\/en\/wp-json\/wp\/v2\/editoriales?post=63726"},{"taxonomy":"tienda","embeddable":true,"href":"https:\/\/wizardly-davinci.82-223-8-23.plesk.page\/en\/wp-json\/wp\/v2\/tienda?post=63726"},{"taxonomy":"autor_id","embeddable":true,"href":"https:\/\/wizardly-davinci.82-223-8-23.plesk.page\/en\/wp-json\/wp\/v2\/autor_id?post=63726"},{"taxonomy":"universidades_coeditoras","embeddable":true,"href":"https:\/\/wizardly-davinci.82-223-8-23.plesk.page\/en\/wp-json\/wp\/v2\/universidades_coeditoras?post=63726"},{"taxonomy":"palabras_clave","embeddable":true,"href":"https:\/\/wizardly-davinci.82-223-8-23.plesk.page\/en\/wp-json\/wp\/v2\/palabras_clave?post=63726"},{"taxonomy":"listado_alfabetico","embeddable":true,"href":"https:\/\/wizardly-davinci.82-223-8-23.plesk.page\/en\/wp-json\/wp\/v2\/listado_alfabetico?post=63726"}],"curies":[{"name":"wp","href":"https:\/\/api.w.org\/{rel}","templated":true}]}}