{"id":63776,"date":"2023-04-04T18:16:32","date_gmt":"2023-04-04T16:16:32","guid":{"rendered":"https:\/\/octaedro.com\/?post_type=product&#038;p=63776"},"modified":"2023-04-26T17:46:50","modified_gmt":"2023-04-26T15:46:50","slug":"aprendizaje-informal-en-redes","status":"publish","type":"product","link":"https:\/\/wizardly-davinci.82-223-8-23.plesk.page\/en\/producto\/aprendizaje-informal-en-redes\/","title":{"rendered":"Aprendizaje informal en redes"},"content":{"rendered":"","protected":false},"excerpt":{"rendered":"<p>Este libro, de car\u00e1cter investigativo, pretende arrojar luz sobre las oportunidades reales que nos puede aportar el aprendizaje informal en el \u00e1mbito educativo. Para ello, se divide en tres grandes bloques. El primero se centra en definir qu\u00e9 es el aprendizaje informal, c\u00f3mo se relaciona con las redes sociales y qu\u00e9 posibilidades ofrece para el desarrollo profesional docente. El segundo bloque, m\u00e1s espec\u00edfico, pone el foco en la red social Twitter, revisando lo que dice la literatura acerca de las ventajas e inconvenientes de su uso con fines educativos. Adem\u00e1s, se analizan dos <em>hashtags<\/em> muy populares en esta red, como es el del #claustrovirtual y el de las #Charlas\u00adEducativas, lo cual permite conocer las opiniones de algunos docentes sobre su repercusi\u00f3n y su alcance. El \u00faltimo bloque est\u00e1 dedicado al proyecto de las #CharlasEducativas, describi\u00e9ndolo y repasando todas las iniciativas que lo componen desde hace ya m\u00e1s de tres a\u00f1os, al tiempo que se examina una selecci\u00f3n de tuits que se han publicado en referencia a esta propuesta educativa.<\/p>\n<p>A lo largo de la obra van surgiendo preguntas como: \u00bfse puede medir el aprendizaje informal? \u00bfMedir el aprendizaje informal supone formalizarlo y perder su esencia? \u00bfEl proyecto de las #CharlasEducativas constituye un aprendizaje informal o ha traspasado los l\u00edmites entre la formalidad y la informalidad? En definitiva, \u00bfqu\u00e9 y c\u00f3mo aprenden los docentes en las redes?<\/p>\n","protected":false},"featured_media":63777,"comment_status":"open","ping_status":"closed","template":"","meta":{"_et_pb_use_builder":"","_et_pb_old_content":"","_et_gb_content_width":""},"product_cat":[2606,6936,6675,6673],"product_tag":[2604],"edicion":[1084,1083],"editoriales":[1160],"tienda":[],"autor_id":[23085],"universidades_coeditoras":[16402],"palabras_clave":[],"listado_alfabetico":[],"acf":[],"_links":{"self":[{"href":"https:\/\/wizardly-davinci.82-223-8-23.plesk.page\/en\/wp-json\/wp\/v2\/product\/63776"}],"collection":[{"href":"https:\/\/wizardly-davinci.82-223-8-23.plesk.page\/en\/wp-json\/wp\/v2\/product"}],"about":[{"href":"https:\/\/wizardly-davinci.82-223-8-23.plesk.page\/en\/wp-json\/wp\/v2\/types\/product"}],"replies":[{"embeddable":true,"href":"https:\/\/wizardly-davinci.82-223-8-23.plesk.page\/en\/wp-json\/wp\/v2\/comments?post=63776"}],"wp:featuredmedia":[{"embeddable":true,"href":"https:\/\/wizardly-davinci.82-223-8-23.plesk.page\/en\/wp-json\/wp\/v2\/media\/63777"}],"wp:attachment":[{"href":"https:\/\/wizardly-davinci.82-223-8-23.plesk.page\/en\/wp-json\/wp\/v2\/media?parent=63776"}],"wp:term":[{"taxonomy":"product_cat","embeddable":true,"href":"https:\/\/wizardly-davinci.82-223-8-23.plesk.page\/en\/wp-json\/wp\/v2\/product_cat?post=63776"},{"taxonomy":"product_tag","embeddable":true,"href":"https:\/\/wizardly-davinci.82-223-8-23.plesk.page\/en\/wp-json\/wp\/v2\/product_tag?post=63776"},{"taxonomy":"edicion","embeddable":true,"href":"https:\/\/wizardly-davinci.82-223-8-23.plesk.page\/en\/wp-json\/wp\/v2\/edicion?post=63776"},{"taxonomy":"editoriales","embeddable":true,"href":"https:\/\/wizardly-davinci.82-223-8-23.plesk.page\/en\/wp-json\/wp\/v2\/editoriales?post=63776"},{"taxonomy":"tienda","embeddable":true,"href":"https:\/\/wizardly-davinci.82-223-8-23.plesk.page\/en\/wp-json\/wp\/v2\/tienda?post=63776"},{"taxonomy":"autor_id","embeddable":true,"href":"https:\/\/wizardly-davinci.82-223-8-23.plesk.page\/en\/wp-json\/wp\/v2\/autor_id?post=63776"},{"taxonomy":"universidades_coeditoras","embeddable":true,"href":"https:\/\/wizardly-davinci.82-223-8-23.plesk.page\/en\/wp-json\/wp\/v2\/universidades_coeditoras?post=63776"},{"taxonomy":"palabras_clave","embeddable":true,"href":"https:\/\/wizardly-davinci.82-223-8-23.plesk.page\/en\/wp-json\/wp\/v2\/palabras_clave?post=63776"},{"taxonomy":"listado_alfabetico","embeddable":true,"href":"https:\/\/wizardly-davinci.82-223-8-23.plesk.page\/en\/wp-json\/wp\/v2\/listado_alfabetico?post=63776"}],"curies":[{"name":"wp","href":"https:\/\/api.w.org\/{rel}","templated":true}]}}