{"id":63787,"date":"2023-04-05T18:53:52","date_gmt":"2023-04-05T16:53:52","guid":{"rendered":"https:\/\/octaedro.com\/?post_type=product&#038;p=63787"},"modified":"2023-07-21T13:01:52","modified_gmt":"2023-07-21T11:01:52","slug":"el-valor-de-los-cuidados","status":"publish","type":"product","link":"https:\/\/wizardly-davinci.82-223-8-23.plesk.page\/en\/producto\/el-valor-de-los-cuidados\/","title":{"rendered":"El valor de los cuidados"},"content":{"rendered":"","protected":false},"excerpt":{"rendered":"<p>Frecuentemente nos preguntan, y nos preguntamos nosotros mismos, en qu\u00e9 consiste la supervisi\u00f3n de equipos profesionales. \u00bfQu\u00e9 idea subyace en la pr\u00e1ctica profesional que desarrollamos? \u00bfCu\u00e1les son los pilares epistemol\u00f3gicos que sostienen la conceptualizaci\u00f3n y la pragm\u00e1tica?<\/p>\n<p>Las reflexiones que encontrar\u00e1s en este libro nos direccionan hacia una b\u00fasqueda de la calidad en el qu\u00e9, en el c\u00f3mo y en el cu\u00e1ndo de la supervisi\u00f3n de equipos profesionales. Partiendo del an\u00e1lisis de los diferentes tipos de supervisi\u00f3n y su evoluci\u00f3n, se presenta el modelo de supervisi\u00f3n desarrollado en los m\u00e1s de diez a\u00f1os de experiencia de Barcelona Espai de Supervisi\u00f3 en los \u00e1mbitos social, de la salud mental y de la educaci\u00f3n; as\u00ed como las t\u00e9cnicas y recursos que lo concretan.<\/p>\n<p>El contenido de esta obra pretende facilitar la confecci\u00f3n y revisi\u00f3n de proyectos y pr\u00e1cticas de supervisi\u00f3n en diversas instituciones y marcos profesionales. Encontrar\u00e1s orientaciones e ideas clave para iniciarte en este campo profesional y tambi\u00e9n para la reflexi\u00f3n en profundidad sobre la propia intervenci\u00f3n.<\/p>\n<p>La supervisi\u00f3n de equipos profesionales se erige como recurso b\u00e1sico esencial para el cuidado, para la provenci\u00f3n y la prevenci\u00f3n de riesgos laborales en los contextos profesionales en los que se trabaja con personas. Los beneficios y sus evidencias se detallan para fundamentar y argumentar el valor de la supervisi\u00f3n como dispositivo de cuidado.<\/p>\n","protected":false},"featured_media":63788,"comment_status":"open","ping_status":"closed","template":"","meta":{"_et_pb_use_builder":"","_et_pb_old_content":"","_et_gb_content_width":""},"product_cat":[2606,1512,6674,6675,9825],"product_tag":[2608],"edicion":[1085,1083],"editoriales":[1160],"tienda":[],"autor_id":[23090,23093],"universidades_coeditoras":[],"palabras_clave":[],"listado_alfabetico":[],"acf":[],"_links":{"self":[{"href":"https:\/\/wizardly-davinci.82-223-8-23.plesk.page\/en\/wp-json\/wp\/v2\/product\/63787"}],"collection":[{"href":"https:\/\/wizardly-davinci.82-223-8-23.plesk.page\/en\/wp-json\/wp\/v2\/product"}],"about":[{"href":"https:\/\/wizardly-davinci.82-223-8-23.plesk.page\/en\/wp-json\/wp\/v2\/types\/product"}],"replies":[{"embeddable":true,"href":"https:\/\/wizardly-davinci.82-223-8-23.plesk.page\/en\/wp-json\/wp\/v2\/comments?post=63787"}],"wp:featuredmedia":[{"embeddable":true,"href":"https:\/\/wizardly-davinci.82-223-8-23.plesk.page\/en\/wp-json\/wp\/v2\/media\/63788"}],"wp:attachment":[{"href":"https:\/\/wizardly-davinci.82-223-8-23.plesk.page\/en\/wp-json\/wp\/v2\/media?parent=63787"}],"wp:term":[{"taxonomy":"product_cat","embeddable":true,"href":"https:\/\/wizardly-davinci.82-223-8-23.plesk.page\/en\/wp-json\/wp\/v2\/product_cat?post=63787"},{"taxonomy":"product_tag","embeddable":true,"href":"https:\/\/wizardly-davinci.82-223-8-23.plesk.page\/en\/wp-json\/wp\/v2\/product_tag?post=63787"},{"taxonomy":"edicion","embeddable":true,"href":"https:\/\/wizardly-davinci.82-223-8-23.plesk.page\/en\/wp-json\/wp\/v2\/edicion?post=63787"},{"taxonomy":"editoriales","embeddable":true,"href":"https:\/\/wizardly-davinci.82-223-8-23.plesk.page\/en\/wp-json\/wp\/v2\/editoriales?post=63787"},{"taxonomy":"tienda","embeddable":true,"href":"https:\/\/wizardly-davinci.82-223-8-23.plesk.page\/en\/wp-json\/wp\/v2\/tienda?post=63787"},{"taxonomy":"autor_id","embeddable":true,"href":"https:\/\/wizardly-davinci.82-223-8-23.plesk.page\/en\/wp-json\/wp\/v2\/autor_id?post=63787"},{"taxonomy":"universidades_coeditoras","embeddable":true,"href":"https:\/\/wizardly-davinci.82-223-8-23.plesk.page\/en\/wp-json\/wp\/v2\/universidades_coeditoras?post=63787"},{"taxonomy":"palabras_clave","embeddable":true,"href":"https:\/\/wizardly-davinci.82-223-8-23.plesk.page\/en\/wp-json\/wp\/v2\/palabras_clave?post=63787"},{"taxonomy":"listado_alfabetico","embeddable":true,"href":"https:\/\/wizardly-davinci.82-223-8-23.plesk.page\/en\/wp-json\/wp\/v2\/listado_alfabetico?post=63787"}],"curies":[{"name":"wp","href":"https:\/\/api.w.org\/{rel}","templated":true}]}}