{"id":63803,"date":"2023-03-31T13:55:54","date_gmt":"2023-03-31T11:55:54","guid":{"rendered":"https:\/\/octaedro.com\/?post_type=product&#038;p=63803"},"modified":"2023-03-31T13:58:09","modified_gmt":"2023-03-31T11:58:09","slug":"leer-nos-hace-humanos","status":"publish","type":"product","link":"https:\/\/wizardly-davinci.82-223-8-23.plesk.page\/en\/producto\/leer-nos-hace-humanos\/","title":{"rendered":"Leer nos hace humanos"},"content":{"rendered":"","protected":false},"excerpt":{"rendered":"<p>Al igual que el bipedismo del <em>Homo erectus<\/em> signific\u00f3 un paso trascendental en la historia evolutiva del ser humano -seguramente, el <em>Homo habilis<\/em> (ambos fueron coet\u00e1neos en \u00c1frica, por ejemplo) observ\u00f3 con recelo esa nueva forma de desplazarse por el mero hecho de la habitual resistencia al cambio-, en el acto de la comunicaci\u00f3n, leer (y escribir, como el haz y el env\u00e9s de una hoja, en este caso de la comunicaci\u00f3n escrita) es el salto evolutivo que perfecciona la especie. As\u00ed, leer y escribir, aunque esta \u00faltima acci\u00f3n no sea a\u00a0mano, es la base de las relaciones sociales en la actualidad. Desde documentos legales o acad\u00e9micos, a instrucciones, entender un plano de metro o seguir una receta. Pero tambi\u00e9n el uso de internet ha favorecido que la comunicaci\u00f3n escrita cobre una especial relevancia, ha acelerado ese proceso evolutivo en el que leer y escribir ya forma parte de nuestro ADN existencial.<\/p>\n<p>Leer y escribir, como eje del desarrollo cognitivo con este grado de perfeccionamiento, es lo que nos hace humanos, lo que nos diferencia del resto de los animales y lo que nos evoluciona en la historia de la humanidad.<\/p>\n<p>Esa es la l\u00f3gica, la evoluci\u00f3n del ser humano, pero, adem\u00e1s, en las \u00faltimas directrices sobre la educaci\u00f3n publicadas por la Comisi\u00f3n de Europa, la competencia comunicativa vehicula el aprendizaje como uno de los factores clave a desarrollar por la ciudadan\u00eda dentro y fuera del aula. La educaci\u00f3n lectora como necesidad educativa en una Europa donde la comunicaci\u00f3n, enmarcada en la era de las tecnolog\u00edas, lucha por adaptarse a las necesidades subyacentes a la sociedad: entenderse sin ambig\u00fcedades ni malos entendidos, detectando <em>fake news <\/em>y manipulaciones, comprenderse lo m\u00e1s objetivamente posible<\/p>\n","protected":false},"featured_media":63804,"comment_status":"open","ping_status":"closed","template":"","meta":{"_et_pb_use_builder":"","_et_pb_old_content":"","_et_gb_content_width":""},"product_cat":[6675],"product_tag":[2602],"edicion":[1083],"editoriales":[1160],"tienda":[],"autor_id":[5749],"universidades_coeditoras":[],"palabras_clave":[],"listado_alfabetico":[],"acf":[],"_links":{"self":[{"href":"https:\/\/wizardly-davinci.82-223-8-23.plesk.page\/en\/wp-json\/wp\/v2\/product\/63803"}],"collection":[{"href":"https:\/\/wizardly-davinci.82-223-8-23.plesk.page\/en\/wp-json\/wp\/v2\/product"}],"about":[{"href":"https:\/\/wizardly-davinci.82-223-8-23.plesk.page\/en\/wp-json\/wp\/v2\/types\/product"}],"replies":[{"embeddable":true,"href":"https:\/\/wizardly-davinci.82-223-8-23.plesk.page\/en\/wp-json\/wp\/v2\/comments?post=63803"}],"wp:featuredmedia":[{"embeddable":true,"href":"https:\/\/wizardly-davinci.82-223-8-23.plesk.page\/en\/wp-json\/wp\/v2\/media\/63804"}],"wp:attachment":[{"href":"https:\/\/wizardly-davinci.82-223-8-23.plesk.page\/en\/wp-json\/wp\/v2\/media?parent=63803"}],"wp:term":[{"taxonomy":"product_cat","embeddable":true,"href":"https:\/\/wizardly-davinci.82-223-8-23.plesk.page\/en\/wp-json\/wp\/v2\/product_cat?post=63803"},{"taxonomy":"product_tag","embeddable":true,"href":"https:\/\/wizardly-davinci.82-223-8-23.plesk.page\/en\/wp-json\/wp\/v2\/product_tag?post=63803"},{"taxonomy":"edicion","embeddable":true,"href":"https:\/\/wizardly-davinci.82-223-8-23.plesk.page\/en\/wp-json\/wp\/v2\/edicion?post=63803"},{"taxonomy":"editoriales","embeddable":true,"href":"https:\/\/wizardly-davinci.82-223-8-23.plesk.page\/en\/wp-json\/wp\/v2\/editoriales?post=63803"},{"taxonomy":"tienda","embeddable":true,"href":"https:\/\/wizardly-davinci.82-223-8-23.plesk.page\/en\/wp-json\/wp\/v2\/tienda?post=63803"},{"taxonomy":"autor_id","embeddable":true,"href":"https:\/\/wizardly-davinci.82-223-8-23.plesk.page\/en\/wp-json\/wp\/v2\/autor_id?post=63803"},{"taxonomy":"universidades_coeditoras","embeddable":true,"href":"https:\/\/wizardly-davinci.82-223-8-23.plesk.page\/en\/wp-json\/wp\/v2\/universidades_coeditoras?post=63803"},{"taxonomy":"palabras_clave","embeddable":true,"href":"https:\/\/wizardly-davinci.82-223-8-23.plesk.page\/en\/wp-json\/wp\/v2\/palabras_clave?post=63803"},{"taxonomy":"listado_alfabetico","embeddable":true,"href":"https:\/\/wizardly-davinci.82-223-8-23.plesk.page\/en\/wp-json\/wp\/v2\/listado_alfabetico?post=63803"}],"curies":[{"name":"wp","href":"https:\/\/api.w.org\/{rel}","templated":true}]}}