{"id":63817,"date":"2023-04-02T13:11:19","date_gmt":"2023-04-02T11:11:19","guid":{"rendered":"https:\/\/octaedro.com\/?post_type=product&#038;p=63817"},"modified":"2023-04-12T16:02:23","modified_gmt":"2023-04-12T14:02:23","slug":"construir-culturas-de-datos-justas-en-la-universidad","status":"publish","type":"product","link":"https:\/\/wizardly-davinci.82-223-8-23.plesk.page\/en\/producto\/construir-culturas-de-datos-justas-en-la-universidad\/","title":{"rendered":"Construir culturas de datos justas en la universidad"},"content":{"rendered":"","protected":false},"excerpt":{"rendered":"<p>La obra pretende contribuir al creciente corpus de investigaci\u00f3n que explora las problem\u00e1ticas del inminente cambio tecnol\u00f3gico ocurrido en los \u00faltimos diez a\u00f1os: el gobierno de nuestras interacciones digitales a trav\u00e9s de plataformas <em>big tech<\/em>, que conlleva a una masiva extracci\u00f3n de datos y su elaboraci\u00f3n con distintos fines.<\/p>\n<p>Debemos preguntarnos: \u00bfc\u00f3mo se van a posicionar las universidades en este contexto?, \u00bfc\u00f3mo van a contribuir a generar nuevos equilibrios positivos, transformadores, emancipadores, en lugar de sostener las pr\u00e1cticas abusivas de una red oscura en cuyos hilos nos encontramos atrapados?<\/p>\n<p>El libro no solo presenta la universidad como una instituci\u00f3n social importante por sus propias pr\u00e1cticas pedag\u00f3gicas y su riqueza interdisciplinar, sino tambi\u00e9n por su capacidad de di\u00e1logo con la sociedad. A trav\u00e9s de estos espacios se considera que se puede dar forma a una agenda m\u00e1s amplia y justa de la dataficaci\u00f3n y sus desarrollos.<\/p>\n<p>Los cap\u00edtulos aportan una llave de lectura epistemol\u00f3gica del por qu\u00e9 amamos la datificaci\u00f3n y los automatismos que esta conlleva. Y por qu\u00e9 no podemos dejar de leer estos procesos desde un enfoque complejo que encierra una mirada cr\u00edtica, pero no inmovilizadora. Supone el an\u00e1lisis de pr\u00e1cticas y enfoques para comprender c\u00f3mo est\u00e1n trabajando \u00e1reas que contribuyen al desarrollo de estas tecnolog\u00edas posdigitales e inteligentes. Pero, sobre todo, se trata de ofrecer un marco a quien educa y a quienes forman educadores, es decir, unas herramientas conceptuales y de trabajo para enfrentar, desde el aula y desde los espacios de aprendizaje no formal e informal, ese \u00abmonstruo sin cara ni ojos\u00bb que es la datificaci\u00f3n. El propio t\u00edtulo <em>Construir culturas de datos justas<\/em> apunta a un esfuerzo de comprensi\u00f3n y di\u00e1logo alrededor de elecciones tecnol\u00f3gicas y su impacto \u00e9tico y social.<\/p>\n","protected":false},"featured_media":63818,"comment_status":"open","ping_status":"closed","template":"","meta":{"_et_pb_use_builder":"","_et_pb_old_content":"","_et_gb_content_width":""},"product_cat":[2606,6673],"product_tag":[7559],"edicion":[1084],"editoriales":[1160,8810],"tienda":[],"autor_id":[23102],"universidades_coeditoras":[],"palabras_clave":[],"listado_alfabetico":[],"acf":[],"_links":{"self":[{"href":"https:\/\/wizardly-davinci.82-223-8-23.plesk.page\/en\/wp-json\/wp\/v2\/product\/63817"}],"collection":[{"href":"https:\/\/wizardly-davinci.82-223-8-23.plesk.page\/en\/wp-json\/wp\/v2\/product"}],"about":[{"href":"https:\/\/wizardly-davinci.82-223-8-23.plesk.page\/en\/wp-json\/wp\/v2\/types\/product"}],"replies":[{"embeddable":true,"href":"https:\/\/wizardly-davinci.82-223-8-23.plesk.page\/en\/wp-json\/wp\/v2\/comments?post=63817"}],"wp:featuredmedia":[{"embeddable":true,"href":"https:\/\/wizardly-davinci.82-223-8-23.plesk.page\/en\/wp-json\/wp\/v2\/media\/63818"}],"wp:attachment":[{"href":"https:\/\/wizardly-davinci.82-223-8-23.plesk.page\/en\/wp-json\/wp\/v2\/media?parent=63817"}],"wp:term":[{"taxonomy":"product_cat","embeddable":true,"href":"https:\/\/wizardly-davinci.82-223-8-23.plesk.page\/en\/wp-json\/wp\/v2\/product_cat?post=63817"},{"taxonomy":"product_tag","embeddable":true,"href":"https:\/\/wizardly-davinci.82-223-8-23.plesk.page\/en\/wp-json\/wp\/v2\/product_tag?post=63817"},{"taxonomy":"edicion","embeddable":true,"href":"https:\/\/wizardly-davinci.82-223-8-23.plesk.page\/en\/wp-json\/wp\/v2\/edicion?post=63817"},{"taxonomy":"editoriales","embeddable":true,"href":"https:\/\/wizardly-davinci.82-223-8-23.plesk.page\/en\/wp-json\/wp\/v2\/editoriales?post=63817"},{"taxonomy":"tienda","embeddable":true,"href":"https:\/\/wizardly-davinci.82-223-8-23.plesk.page\/en\/wp-json\/wp\/v2\/tienda?post=63817"},{"taxonomy":"autor_id","embeddable":true,"href":"https:\/\/wizardly-davinci.82-223-8-23.plesk.page\/en\/wp-json\/wp\/v2\/autor_id?post=63817"},{"taxonomy":"universidades_coeditoras","embeddable":true,"href":"https:\/\/wizardly-davinci.82-223-8-23.plesk.page\/en\/wp-json\/wp\/v2\/universidades_coeditoras?post=63817"},{"taxonomy":"palabras_clave","embeddable":true,"href":"https:\/\/wizardly-davinci.82-223-8-23.plesk.page\/en\/wp-json\/wp\/v2\/palabras_clave?post=63817"},{"taxonomy":"listado_alfabetico","embeddable":true,"href":"https:\/\/wizardly-davinci.82-223-8-23.plesk.page\/en\/wp-json\/wp\/v2\/listado_alfabetico?post=63817"}],"curies":[{"name":"wp","href":"https:\/\/api.w.org\/{rel}","templated":true}]}}