{"id":63833,"date":"2023-04-06T16:46:00","date_gmt":"2023-04-06T14:46:00","guid":{"rendered":"https:\/\/octaedro.com\/?post_type=product&#038;p=63833"},"modified":"2023-04-26T17:49:39","modified_gmt":"2023-04-26T15:49:39","slug":"incluirte-programa-dirigido-a-jovenes-con-discapacidad-en-la-universidad","status":"publish","type":"product","link":"https:\/\/wizardly-davinci.82-223-8-23.plesk.page\/en\/producto\/incluirte-programa-dirigido-a-jovenes-con-discapacidad-en-la-universidad\/","title":{"rendered":"InclUiRte: programa dirigido a j\u00f3venes con discapacidad en la universidad"},"content":{"rendered":"","protected":false},"excerpt":{"rendered":"<p>Este libro recoge el programa did\u00e1ctico de algunas de las asignaturas del proyecto InclUiRte, dirigido a j\u00f3venes con discapacidad intelectual e impartido en la Universidad de La Rioja, enmarcado en el programa Unidiversidad, financiado por el Fondo Social Europeo y la Fundaci\u00f3n ONCE.<\/p>\n<p>Vistos los resultados y la satisfacci\u00f3n que se obtuvieron con el proyecto InclUiRte, el equipo docente consider\u00f3 oportuno compartir su experiencia, as\u00ed que este volumen est\u00e1 dirigido a todo docente interesado en la formaci\u00f3n de las personas con discapacidad intelectual. En estas p\u00e1ginas se pueden encontrar actividades, pautas e indicaciones sobre la ense\u00f1anza en contextos inclusivos.<\/p>\n<p>Tras una breve introducci\u00f3n al proyecto y a su plan de estudio, se presentan nueve cap\u00edtulos, que recogen algunas de las asignaturas impartidas en el curso InclUiRte. Los docentes responsables exponen sus objetivos, actividades, metodolog\u00eda y conclusiones con el objetivo de servir de gu\u00eda para profesionales que imparten docencia en proyectos similares, as\u00ed como de palanca de transformaci\u00f3n hacia campus m\u00e1s inclusivos.<\/p>\n<p>Son notables los beneficios que InclUiRte ha reportado tanto al alumnado como al profesorado de la Universidad de La Rioja. Por ello, se hace imprescindible transferir nuestra experiencia para sensibilizar sobre la inclusi\u00f3n de las personas con discapacidad intelectual en el entorno universitario.<\/p>\n","protected":false},"featured_media":63834,"comment_status":"open","ping_status":"closed","template":"","meta":{"_et_pb_use_builder":"","_et_pb_old_content":"","_et_gb_content_width":""},"product_cat":[2606,6936,6674,6675],"product_tag":[2608],"edicion":[1085,1083],"editoriales":[1160],"tienda":[],"autor_id":[23109,23107],"universidades_coeditoras":[16402],"palabras_clave":[],"listado_alfabetico":[],"acf":[],"_links":{"self":[{"href":"https:\/\/wizardly-davinci.82-223-8-23.plesk.page\/en\/wp-json\/wp\/v2\/product\/63833"}],"collection":[{"href":"https:\/\/wizardly-davinci.82-223-8-23.plesk.page\/en\/wp-json\/wp\/v2\/product"}],"about":[{"href":"https:\/\/wizardly-davinci.82-223-8-23.plesk.page\/en\/wp-json\/wp\/v2\/types\/product"}],"replies":[{"embeddable":true,"href":"https:\/\/wizardly-davinci.82-223-8-23.plesk.page\/en\/wp-json\/wp\/v2\/comments?post=63833"}],"wp:featuredmedia":[{"embeddable":true,"href":"https:\/\/wizardly-davinci.82-223-8-23.plesk.page\/en\/wp-json\/wp\/v2\/media\/63834"}],"wp:attachment":[{"href":"https:\/\/wizardly-davinci.82-223-8-23.plesk.page\/en\/wp-json\/wp\/v2\/media?parent=63833"}],"wp:term":[{"taxonomy":"product_cat","embeddable":true,"href":"https:\/\/wizardly-davinci.82-223-8-23.plesk.page\/en\/wp-json\/wp\/v2\/product_cat?post=63833"},{"taxonomy":"product_tag","embeddable":true,"href":"https:\/\/wizardly-davinci.82-223-8-23.plesk.page\/en\/wp-json\/wp\/v2\/product_tag?post=63833"},{"taxonomy":"edicion","embeddable":true,"href":"https:\/\/wizardly-davinci.82-223-8-23.plesk.page\/en\/wp-json\/wp\/v2\/edicion?post=63833"},{"taxonomy":"editoriales","embeddable":true,"href":"https:\/\/wizardly-davinci.82-223-8-23.plesk.page\/en\/wp-json\/wp\/v2\/editoriales?post=63833"},{"taxonomy":"tienda","embeddable":true,"href":"https:\/\/wizardly-davinci.82-223-8-23.plesk.page\/en\/wp-json\/wp\/v2\/tienda?post=63833"},{"taxonomy":"autor_id","embeddable":true,"href":"https:\/\/wizardly-davinci.82-223-8-23.plesk.page\/en\/wp-json\/wp\/v2\/autor_id?post=63833"},{"taxonomy":"universidades_coeditoras","embeddable":true,"href":"https:\/\/wizardly-davinci.82-223-8-23.plesk.page\/en\/wp-json\/wp\/v2\/universidades_coeditoras?post=63833"},{"taxonomy":"palabras_clave","embeddable":true,"href":"https:\/\/wizardly-davinci.82-223-8-23.plesk.page\/en\/wp-json\/wp\/v2\/palabras_clave?post=63833"},{"taxonomy":"listado_alfabetico","embeddable":true,"href":"https:\/\/wizardly-davinci.82-223-8-23.plesk.page\/en\/wp-json\/wp\/v2\/listado_alfabetico?post=63833"}],"curies":[{"name":"wp","href":"https:\/\/api.w.org\/{rel}","templated":true}]}}