{"id":63853,"date":"2023-04-04T17:15:37","date_gmt":"2023-04-04T15:15:37","guid":{"rendered":"https:\/\/octaedro.com\/?post_type=product&#038;p=63853"},"modified":"2023-04-04T17:18:22","modified_gmt":"2023-04-04T15:18:22","slug":"creatividad-verbal-como-dominio","status":"publish","type":"product","link":"https:\/\/wizardly-davinci.82-223-8-23.plesk.page\/en\/producto\/creatividad-verbal-como-dominio\/","title":{"rendered":"Creatividad verbal como dominio"},"content":{"rendered":"","protected":false},"excerpt":{"rendered":"<p>El presente libro se enmarca en el seno del proyecto de I+D+i \u00abCreatividad verbal como dominio: dise\u00f1o, validaci\u00f3n y aplicaci\u00f3n de una prueba fundamentada en la comprensi\u00f3n de textos\u00bb (PID2020-113731GB-I00). La creatividad es una de las exigencias sociales del siglo XXI. En este sentido, debe destacarse la reciente inclusi\u00f3n en PISA del pensamiento creativo como nueva competencia evaluable (OCDE, 2019). Por otra parte, al igual que no existe una sola manera de ser inteligente, no existe una sola manera de ser creativo. As\u00ed, a lo largo de los diez cap\u00edtulos de este libro, se realiza un recorrido por el proceso de investigaci\u00f3n de la creatividad verbal como dominio espec\u00edfico. Este dominio de la creatividad verbal posee el valor del pensamiento divergente en la resoluci\u00f3n de problemas, producci\u00f3n y creaci\u00f3n de ideas de contenido verbal. La creatividad verbal favorece anticipar y entender los matices de un texto, aplicar el conocimiento adquirido a la realidad e, incluso, crear significado de manera conjunta con el texto ya escrito por un autor. Tomando como punto de partida los fundamentos te\u00f3ricos y metodol\u00f3gicos que sustentan el estudio de la creatividad en Psicolog\u00eda, se ofrece una panor\u00e1mica completa y detallada de las distintas investigaciones te\u00f3rico-pr\u00e1cticas realizadas.<\/p>\n","protected":false},"featured_media":63854,"comment_status":"open","ping_status":"closed","template":"","meta":{"_et_pb_use_builder":"","_et_pb_old_content":"","_et_gb_content_width":""},"product_cat":[6675],"product_tag":[2602],"edicion":[1083],"editoriales":[1160],"tienda":[],"autor_id":[23113],"universidades_coeditoras":[],"palabras_clave":[],"listado_alfabetico":[],"acf":[],"_links":{"self":[{"href":"https:\/\/wizardly-davinci.82-223-8-23.plesk.page\/en\/wp-json\/wp\/v2\/product\/63853"}],"collection":[{"href":"https:\/\/wizardly-davinci.82-223-8-23.plesk.page\/en\/wp-json\/wp\/v2\/product"}],"about":[{"href":"https:\/\/wizardly-davinci.82-223-8-23.plesk.page\/en\/wp-json\/wp\/v2\/types\/product"}],"replies":[{"embeddable":true,"href":"https:\/\/wizardly-davinci.82-223-8-23.plesk.page\/en\/wp-json\/wp\/v2\/comments?post=63853"}],"wp:featuredmedia":[{"embeddable":true,"href":"https:\/\/wizardly-davinci.82-223-8-23.plesk.page\/en\/wp-json\/wp\/v2\/media\/63854"}],"wp:attachment":[{"href":"https:\/\/wizardly-davinci.82-223-8-23.plesk.page\/en\/wp-json\/wp\/v2\/media?parent=63853"}],"wp:term":[{"taxonomy":"product_cat","embeddable":true,"href":"https:\/\/wizardly-davinci.82-223-8-23.plesk.page\/en\/wp-json\/wp\/v2\/product_cat?post=63853"},{"taxonomy":"product_tag","embeddable":true,"href":"https:\/\/wizardly-davinci.82-223-8-23.plesk.page\/en\/wp-json\/wp\/v2\/product_tag?post=63853"},{"taxonomy":"edicion","embeddable":true,"href":"https:\/\/wizardly-davinci.82-223-8-23.plesk.page\/en\/wp-json\/wp\/v2\/edicion?post=63853"},{"taxonomy":"editoriales","embeddable":true,"href":"https:\/\/wizardly-davinci.82-223-8-23.plesk.page\/en\/wp-json\/wp\/v2\/editoriales?post=63853"},{"taxonomy":"tienda","embeddable":true,"href":"https:\/\/wizardly-davinci.82-223-8-23.plesk.page\/en\/wp-json\/wp\/v2\/tienda?post=63853"},{"taxonomy":"autor_id","embeddable":true,"href":"https:\/\/wizardly-davinci.82-223-8-23.plesk.page\/en\/wp-json\/wp\/v2\/autor_id?post=63853"},{"taxonomy":"universidades_coeditoras","embeddable":true,"href":"https:\/\/wizardly-davinci.82-223-8-23.plesk.page\/en\/wp-json\/wp\/v2\/universidades_coeditoras?post=63853"},{"taxonomy":"palabras_clave","embeddable":true,"href":"https:\/\/wizardly-davinci.82-223-8-23.plesk.page\/en\/wp-json\/wp\/v2\/palabras_clave?post=63853"},{"taxonomy":"listado_alfabetico","embeddable":true,"href":"https:\/\/wizardly-davinci.82-223-8-23.plesk.page\/en\/wp-json\/wp\/v2\/listado_alfabetico?post=63853"}],"curies":[{"name":"wp","href":"https:\/\/api.w.org\/{rel}","templated":true}]}}