{"id":64002,"date":"2023-04-18T19:03:05","date_gmt":"2023-04-18T17:03:05","guid":{"rendered":"https:\/\/octaedro.com\/?post_type=product&#038;p=64002"},"modified":"2023-05-16T17:36:55","modified_gmt":"2023-05-16T15:36:55","slug":"retos-en-el-sistema-educativo-ante-la-multiculturalidad-y-el-plurilinguismo","status":"publish","type":"product","link":"https:\/\/wizardly-davinci.82-223-8-23.plesk.page\/en\/producto\/retos-en-el-sistema-educativo-ante-la-multiculturalidad-y-el-plurilinguismo\/","title":{"rendered":"Retos en el sistema educativo ante la multiculturalidad y el pluriling\u00fcismo"},"content":{"rendered":"","protected":false},"excerpt":{"rendered":"<p>Los contextos educativos y las necesidades formativas del profesorado en un mundo global y en movilidad presentan muchas coincidencias. Multiculturalidad y multiling\u00fcismo aparecen en casi todos los pa\u00edses. La primera est\u00e1 m\u00e1s asumida; donde no es as\u00ed surgen problemas.<\/p>\n<p>Esta obra ofrece una visi\u00f3n de cuestiones educativas desde los cinco continentes que muestra que sus intereses y motivaciones en la ense\u00f1anza de lenguas tienen muchos puntos en com\u00fan. Se presenta un balance sobre necesidades derivadas de la globalidad, la internacionalizaci\u00f3n y la movilidad, as\u00ed como cuestiones espec\u00edficas de cada zona geogr\u00e1fica o cultural. Y se tratan aspectos fundamentales para la did\u00e1ctica de las lenguas en las etapas de Educaci\u00f3n Primaria y Secundaria; cuestiones clave, desde puntos geogr\u00e1ficos y culturales muy diversos, que podr\u00e1n considerar los profesionales de la ense\u00f1anza de lenguas y de la educaci\u00f3n en general.<\/p>\n","protected":false},"featured_media":64003,"comment_status":"open","ping_status":"closed","template":"","meta":{"_et_pb_use_builder":"","_et_pb_old_content":"","_et_gb_content_width":""},"product_cat":[2873,6673],"product_tag":[7559],"edicion":[1084],"editoriales":[1160],"tienda":[],"autor_id":[23137,23135,23133],"universidades_coeditoras":[],"palabras_clave":[],"listado_alfabetico":[],"acf":[],"_links":{"self":[{"href":"https:\/\/wizardly-davinci.82-223-8-23.plesk.page\/en\/wp-json\/wp\/v2\/product\/64002"}],"collection":[{"href":"https:\/\/wizardly-davinci.82-223-8-23.plesk.page\/en\/wp-json\/wp\/v2\/product"}],"about":[{"href":"https:\/\/wizardly-davinci.82-223-8-23.plesk.page\/en\/wp-json\/wp\/v2\/types\/product"}],"replies":[{"embeddable":true,"href":"https:\/\/wizardly-davinci.82-223-8-23.plesk.page\/en\/wp-json\/wp\/v2\/comments?post=64002"}],"wp:featuredmedia":[{"embeddable":true,"href":"https:\/\/wizardly-davinci.82-223-8-23.plesk.page\/en\/wp-json\/wp\/v2\/media\/64003"}],"wp:attachment":[{"href":"https:\/\/wizardly-davinci.82-223-8-23.plesk.page\/en\/wp-json\/wp\/v2\/media?parent=64002"}],"wp:term":[{"taxonomy":"product_cat","embeddable":true,"href":"https:\/\/wizardly-davinci.82-223-8-23.plesk.page\/en\/wp-json\/wp\/v2\/product_cat?post=64002"},{"taxonomy":"product_tag","embeddable":true,"href":"https:\/\/wizardly-davinci.82-223-8-23.plesk.page\/en\/wp-json\/wp\/v2\/product_tag?post=64002"},{"taxonomy":"edicion","embeddable":true,"href":"https:\/\/wizardly-davinci.82-223-8-23.plesk.page\/en\/wp-json\/wp\/v2\/edicion?post=64002"},{"taxonomy":"editoriales","embeddable":true,"href":"https:\/\/wizardly-davinci.82-223-8-23.plesk.page\/en\/wp-json\/wp\/v2\/editoriales?post=64002"},{"taxonomy":"tienda","embeddable":true,"href":"https:\/\/wizardly-davinci.82-223-8-23.plesk.page\/en\/wp-json\/wp\/v2\/tienda?post=64002"},{"taxonomy":"autor_id","embeddable":true,"href":"https:\/\/wizardly-davinci.82-223-8-23.plesk.page\/en\/wp-json\/wp\/v2\/autor_id?post=64002"},{"taxonomy":"universidades_coeditoras","embeddable":true,"href":"https:\/\/wizardly-davinci.82-223-8-23.plesk.page\/en\/wp-json\/wp\/v2\/universidades_coeditoras?post=64002"},{"taxonomy":"palabras_clave","embeddable":true,"href":"https:\/\/wizardly-davinci.82-223-8-23.plesk.page\/en\/wp-json\/wp\/v2\/palabras_clave?post=64002"},{"taxonomy":"listado_alfabetico","embeddable":true,"href":"https:\/\/wizardly-davinci.82-223-8-23.plesk.page\/en\/wp-json\/wp\/v2\/listado_alfabetico?post=64002"}],"curies":[{"name":"wp","href":"https:\/\/api.w.org\/{rel}","templated":true}]}}