{"id":64039,"date":"2023-04-19T17:45:41","date_gmt":"2023-04-19T15:45:41","guid":{"rendered":"https:\/\/octaedro.com\/?post_type=product&#038;p=64039"},"modified":"2023-05-16T17:24:13","modified_gmt":"2023-05-16T15:24:13","slug":"clasicos-modernos","status":"publish","type":"product","link":"https:\/\/wizardly-davinci.82-223-8-23.plesk.page\/en\/producto\/clasicos-modernos\/","title":{"rendered":"Cl\u00e1sicos modernos"},"content":{"rendered":"","protected":false},"excerpt":{"rendered":"<p><em>Cl\u00e1sicos modernos<\/em> es una monograf\u00eda cient\u00edfica \u2013vinculada al proyecto I+D+i PGC2018-101457-B-I00\u2013 que interesa a todo educador persuadido de la autenticidad formadora de la literatura cl\u00e1sica para cualquier edad y disciplina. Su clave es la reflexi\u00f3n inventiva que parte de la argumentaci\u00f3n del comentarista capaz de idear teor\u00eda original sobre la pr\u00e1ctica fenom\u00e9nica de su lectura significativa y que se expande en el mundo educativo con proyectos de investigaci\u00f3n-acci\u00f3n que renuevan el enfoque de la Instituci\u00f3n Libre de Ense\u00f1anza en el siglo XXI.<\/p>\n<p>Ello da un giro innovador al humanismo literario en los escenarios democr\u00e1ticos donde el desarrollo integrado de competencias implica la emancipaci\u00f3n de cada persona que aprende pensando libremente con discursos de acci\u00f3n social. Frente al vacuo consumo de artefactos y modas triviales, los cl\u00e1sicos nos llaman con sinergias \u00edntimas y perdurables donde nace su modernidad. Obras como <em>La Celestina <\/em>arden en las pupilas de los lectores que las reinventan hoy enamorados de su verdad y su misterio. No es el canon impuesto, sino el hipertexto cr\u00edtico y creativo el que las romantiza en las aulas, pues, en palabras de Azor\u00edn: \u00abNo han escrito las obras cl\u00e1sicas sus autores. Las va escribiendo la posteridad\u00bb.<\/p>\n","protected":false},"featured_media":64040,"comment_status":"open","ping_status":"closed","template":"","meta":{"_et_pb_use_builder":"","_et_pb_old_content":"","_et_gb_content_width":""},"product_cat":[2606,6673],"product_tag":[2605],"edicion":[1084],"editoriales":[1160],"tienda":[],"autor_id":[23139],"universidades_coeditoras":[],"palabras_clave":[],"listado_alfabetico":[],"acf":[],"_links":{"self":[{"href":"https:\/\/wizardly-davinci.82-223-8-23.plesk.page\/en\/wp-json\/wp\/v2\/product\/64039"}],"collection":[{"href":"https:\/\/wizardly-davinci.82-223-8-23.plesk.page\/en\/wp-json\/wp\/v2\/product"}],"about":[{"href":"https:\/\/wizardly-davinci.82-223-8-23.plesk.page\/en\/wp-json\/wp\/v2\/types\/product"}],"replies":[{"embeddable":true,"href":"https:\/\/wizardly-davinci.82-223-8-23.plesk.page\/en\/wp-json\/wp\/v2\/comments?post=64039"}],"wp:featuredmedia":[{"embeddable":true,"href":"https:\/\/wizardly-davinci.82-223-8-23.plesk.page\/en\/wp-json\/wp\/v2\/media\/64040"}],"wp:attachment":[{"href":"https:\/\/wizardly-davinci.82-223-8-23.plesk.page\/en\/wp-json\/wp\/v2\/media?parent=64039"}],"wp:term":[{"taxonomy":"product_cat","embeddable":true,"href":"https:\/\/wizardly-davinci.82-223-8-23.plesk.page\/en\/wp-json\/wp\/v2\/product_cat?post=64039"},{"taxonomy":"product_tag","embeddable":true,"href":"https:\/\/wizardly-davinci.82-223-8-23.plesk.page\/en\/wp-json\/wp\/v2\/product_tag?post=64039"},{"taxonomy":"edicion","embeddable":true,"href":"https:\/\/wizardly-davinci.82-223-8-23.plesk.page\/en\/wp-json\/wp\/v2\/edicion?post=64039"},{"taxonomy":"editoriales","embeddable":true,"href":"https:\/\/wizardly-davinci.82-223-8-23.plesk.page\/en\/wp-json\/wp\/v2\/editoriales?post=64039"},{"taxonomy":"tienda","embeddable":true,"href":"https:\/\/wizardly-davinci.82-223-8-23.plesk.page\/en\/wp-json\/wp\/v2\/tienda?post=64039"},{"taxonomy":"autor_id","embeddable":true,"href":"https:\/\/wizardly-davinci.82-223-8-23.plesk.page\/en\/wp-json\/wp\/v2\/autor_id?post=64039"},{"taxonomy":"universidades_coeditoras","embeddable":true,"href":"https:\/\/wizardly-davinci.82-223-8-23.plesk.page\/en\/wp-json\/wp\/v2\/universidades_coeditoras?post=64039"},{"taxonomy":"palabras_clave","embeddable":true,"href":"https:\/\/wizardly-davinci.82-223-8-23.plesk.page\/en\/wp-json\/wp\/v2\/palabras_clave?post=64039"},{"taxonomy":"listado_alfabetico","embeddable":true,"href":"https:\/\/wizardly-davinci.82-223-8-23.plesk.page\/en\/wp-json\/wp\/v2\/listado_alfabetico?post=64039"}],"curies":[{"name":"wp","href":"https:\/\/api.w.org\/{rel}","templated":true}]}}