{"id":64085,"date":"2023-04-21T17:42:49","date_gmt":"2023-04-21T15:42:49","guid":{"rendered":"https:\/\/octaedro.com\/?post_type=product&#038;p=64085"},"modified":"2023-05-16T17:37:10","modified_gmt":"2023-05-16T15:37:10","slug":"sonar-grande-es-sonar-juntas","status":"publish","type":"product","link":"https:\/\/wizardly-davinci.82-223-8-23.plesk.page\/en\/producto\/sonar-grande-es-sonar-juntas\/","title":{"rendered":"Son\u0303ar grande es son\u0303ar juntas"},"content":{"rendered":"","protected":false},"excerpt":{"rendered":"<p>La educaci\u00f3n inclusiva, cr\u00edtica y transformadora no puede imaginarse de forma individual, ha de pensarse de forma colectiva y compartida. En el libro <em>So\u00f1ar grande es so\u00f1ar juntas. En busca de una educaci\u00f3n cr\u00edtica e inclusiva<\/em> presentamos investigaciones, experiencias y reflexiones que un amplio grupo de personas han reflexionado y repensado de forma colectiva.<\/p>\n<p>El texto utiliza la inspiraci\u00f3n de Freire para defender que la toma de conciencia no se da en los seres humanos de forma aislada, sino que se da cuando se tejen redes de colaboraci\u00f3n. Estas redes construyen relaciones humanas que nos permiten emprender un camino conjunto hacia la transformaci\u00f3n educativa. Asimismo, el libro defiende el ideal pedag\u00f3gico de no separar el tipo de escuela, de universidades o de centros educativos del tipo de sociedad que deseamos alcanzar.<\/p>\n<p><em>So\u00f1ar grande es so\u00f1ar juntas<\/em> refleja la necesidad de construir espacios de encuentro entre todos los agentes educativos con car\u00e1cter abierto, democr\u00e1tico y propiciador del di\u00e1logo. Esos espacios son los que ampl\u00edan el repertorio de oportunidades para el ejercicio de la ciudadan\u00eda, nos devuelven la dimensi\u00f3n pol\u00edtica de la educaci\u00f3n, nos ayudan a aproximarnos a la educaci\u00f3n deseada, nos alimentan la conciencia y el pensamiento cr\u00edtico e instalan el brillo de la utop\u00eda educativa, tan necesaria, en nuestra mirada pedag\u00f3gica.<\/p>\n","protected":false},"featured_media":64086,"comment_status":"open","ping_status":"closed","template":"","meta":{"_et_pb_use_builder":"","_et_pb_old_content":"","_et_gb_content_width":""},"product_cat":[2873,6673],"product_tag":[7559],"edicion":[1084],"editoriales":[1160],"tienda":[],"autor_id":[23146,23147],"universidades_coeditoras":[],"palabras_clave":[],"listado_alfabetico":[],"acf":[],"_links":{"self":[{"href":"https:\/\/wizardly-davinci.82-223-8-23.plesk.page\/en\/wp-json\/wp\/v2\/product\/64085"}],"collection":[{"href":"https:\/\/wizardly-davinci.82-223-8-23.plesk.page\/en\/wp-json\/wp\/v2\/product"}],"about":[{"href":"https:\/\/wizardly-davinci.82-223-8-23.plesk.page\/en\/wp-json\/wp\/v2\/types\/product"}],"replies":[{"embeddable":true,"href":"https:\/\/wizardly-davinci.82-223-8-23.plesk.page\/en\/wp-json\/wp\/v2\/comments?post=64085"}],"wp:featuredmedia":[{"embeddable":true,"href":"https:\/\/wizardly-davinci.82-223-8-23.plesk.page\/en\/wp-json\/wp\/v2\/media\/64086"}],"wp:attachment":[{"href":"https:\/\/wizardly-davinci.82-223-8-23.plesk.page\/en\/wp-json\/wp\/v2\/media?parent=64085"}],"wp:term":[{"taxonomy":"product_cat","embeddable":true,"href":"https:\/\/wizardly-davinci.82-223-8-23.plesk.page\/en\/wp-json\/wp\/v2\/product_cat?post=64085"},{"taxonomy":"product_tag","embeddable":true,"href":"https:\/\/wizardly-davinci.82-223-8-23.plesk.page\/en\/wp-json\/wp\/v2\/product_tag?post=64085"},{"taxonomy":"edicion","embeddable":true,"href":"https:\/\/wizardly-davinci.82-223-8-23.plesk.page\/en\/wp-json\/wp\/v2\/edicion?post=64085"},{"taxonomy":"editoriales","embeddable":true,"href":"https:\/\/wizardly-davinci.82-223-8-23.plesk.page\/en\/wp-json\/wp\/v2\/editoriales?post=64085"},{"taxonomy":"tienda","embeddable":true,"href":"https:\/\/wizardly-davinci.82-223-8-23.plesk.page\/en\/wp-json\/wp\/v2\/tienda?post=64085"},{"taxonomy":"autor_id","embeddable":true,"href":"https:\/\/wizardly-davinci.82-223-8-23.plesk.page\/en\/wp-json\/wp\/v2\/autor_id?post=64085"},{"taxonomy":"universidades_coeditoras","embeddable":true,"href":"https:\/\/wizardly-davinci.82-223-8-23.plesk.page\/en\/wp-json\/wp\/v2\/universidades_coeditoras?post=64085"},{"taxonomy":"palabras_clave","embeddable":true,"href":"https:\/\/wizardly-davinci.82-223-8-23.plesk.page\/en\/wp-json\/wp\/v2\/palabras_clave?post=64085"},{"taxonomy":"listado_alfabetico","embeddable":true,"href":"https:\/\/wizardly-davinci.82-223-8-23.plesk.page\/en\/wp-json\/wp\/v2\/listado_alfabetico?post=64085"}],"curies":[{"name":"wp","href":"https:\/\/api.w.org\/{rel}","templated":true}]}}