{"id":64120,"date":"2023-05-02T12:38:37","date_gmt":"2023-05-02T10:38:37","guid":{"rendered":"https:\/\/octaedro.com\/?post_type=product&#038;p=64120"},"modified":"2023-05-26T11:34:00","modified_gmt":"2023-05-26T09:34:00","slug":"ensenar-a-ensonar","status":"publish","type":"product","link":"https:\/\/wizardly-davinci.82-223-8-23.plesk.page\/en\/producto\/ensenar-a-ensonar\/","title":{"rendered":"Ense\u00f1ar a enso\u00f1ar"},"content":{"rendered":"","protected":false},"excerpt":{"rendered":"<p>Esta obra es un estudio epist\u00e9mico derivado de un proyecto I+D+i financiado por el Ministerio de Ciencia e Innovaci\u00f3n espa\u00f1ol que reivindica la \u00abenso\u00f1aci\u00f3n\u00bb rom\u00e1ntica para educar el ingenio lector en el siglo XXI.<\/p>\n<p>Cualquier profesional con inter\u00e9s por fortalecer la competencia ling\u00fc\u00edstica y literaria de sus estudiantes hallar\u00e1 aqu\u00ed razones investigadoras sostenibles para trabajar la sinergia inventiva que nace de cada int\u00e9rprete en busca de coherencia intertextual para proferir y escribir hipertextos con sentido. Por ello, se aprecia, con ojos nuevos, el papel argumentativo del comentarista como mediador indispensable para la asunci\u00f3n de tales discursos creativos y cr\u00edticos.<\/p>\n<p>Esta monograf\u00eda investiga, con alcance amplio y minucioso, los enfoques integrados, los horizontes coalescentes y los procesos comunicativos inherentes a dicho planteamiento epist\u00e9mico del \u00e1rea en l\u00ednea con los retos profesionalizadores de la OCDE en discursos multimodales para la emancipaci\u00f3n social.<\/p>\n","protected":false},"featured_media":64121,"comment_status":"open","ping_status":"closed","template":"","meta":{"_et_pb_use_builder":"","_et_pb_old_content":"","_et_gb_content_width":""},"product_cat":[2606,6936,6675,6673],"product_tag":[2604],"edicion":[1084,1083],"editoriales":[1160],"tienda":[],"autor_id":[23139],"universidades_coeditoras":[],"palabras_clave":[],"listado_alfabetico":[],"acf":[],"_links":{"self":[{"href":"https:\/\/wizardly-davinci.82-223-8-23.plesk.page\/en\/wp-json\/wp\/v2\/product\/64120"}],"collection":[{"href":"https:\/\/wizardly-davinci.82-223-8-23.plesk.page\/en\/wp-json\/wp\/v2\/product"}],"about":[{"href":"https:\/\/wizardly-davinci.82-223-8-23.plesk.page\/en\/wp-json\/wp\/v2\/types\/product"}],"replies":[{"embeddable":true,"href":"https:\/\/wizardly-davinci.82-223-8-23.plesk.page\/en\/wp-json\/wp\/v2\/comments?post=64120"}],"wp:featuredmedia":[{"embeddable":true,"href":"https:\/\/wizardly-davinci.82-223-8-23.plesk.page\/en\/wp-json\/wp\/v2\/media\/64121"}],"wp:attachment":[{"href":"https:\/\/wizardly-davinci.82-223-8-23.plesk.page\/en\/wp-json\/wp\/v2\/media?parent=64120"}],"wp:term":[{"taxonomy":"product_cat","embeddable":true,"href":"https:\/\/wizardly-davinci.82-223-8-23.plesk.page\/en\/wp-json\/wp\/v2\/product_cat?post=64120"},{"taxonomy":"product_tag","embeddable":true,"href":"https:\/\/wizardly-davinci.82-223-8-23.plesk.page\/en\/wp-json\/wp\/v2\/product_tag?post=64120"},{"taxonomy":"edicion","embeddable":true,"href":"https:\/\/wizardly-davinci.82-223-8-23.plesk.page\/en\/wp-json\/wp\/v2\/edicion?post=64120"},{"taxonomy":"editoriales","embeddable":true,"href":"https:\/\/wizardly-davinci.82-223-8-23.plesk.page\/en\/wp-json\/wp\/v2\/editoriales?post=64120"},{"taxonomy":"tienda","embeddable":true,"href":"https:\/\/wizardly-davinci.82-223-8-23.plesk.page\/en\/wp-json\/wp\/v2\/tienda?post=64120"},{"taxonomy":"autor_id","embeddable":true,"href":"https:\/\/wizardly-davinci.82-223-8-23.plesk.page\/en\/wp-json\/wp\/v2\/autor_id?post=64120"},{"taxonomy":"universidades_coeditoras","embeddable":true,"href":"https:\/\/wizardly-davinci.82-223-8-23.plesk.page\/en\/wp-json\/wp\/v2\/universidades_coeditoras?post=64120"},{"taxonomy":"palabras_clave","embeddable":true,"href":"https:\/\/wizardly-davinci.82-223-8-23.plesk.page\/en\/wp-json\/wp\/v2\/palabras_clave?post=64120"},{"taxonomy":"listado_alfabetico","embeddable":true,"href":"https:\/\/wizardly-davinci.82-223-8-23.plesk.page\/en\/wp-json\/wp\/v2\/listado_alfabetico?post=64120"}],"curies":[{"name":"wp","href":"https:\/\/api.w.org\/{rel}","templated":true}]}}