{"id":64171,"date":"2023-05-06T15:40:54","date_gmt":"2023-05-06T13:40:54","guid":{"rendered":"https:\/\/octaedro.com\/?post_type=product&#038;p=64171"},"modified":"2023-05-12T15:53:21","modified_gmt":"2023-05-12T13:53:21","slug":"pedagogias-corporales-una-mirada-interdisciplinar","status":"publish","type":"product","link":"https:\/\/wizardly-davinci.82-223-8-23.plesk.page\/en\/producto\/pedagogias-corporales-una-mirada-interdisciplinar\/","title":{"rendered":"Pedagog\u00edas corporales: una mirada interdisciplinar"},"content":{"rendered":"","protected":false},"excerpt":{"rendered":"<p style=\"font-weight: 400;\">En los \u00faltimos 20 a\u00f1os el tema del cuerpo ocupa un espacio de centralidad en las investigaciones en torno a las Ciencias Sociales, as\u00ed como en la educaci\u00f3n en general. En esta obra hemos partido de la idea radical de que sin cuerpo no hay educaci\u00f3n. No tenemos ninguna duda de que autores como Plat\u00f3n (\u00abEl cuerpo es una prisi\u00f3n para el alma\u00bb), Descartes (\u00abPienso, luego existo\u00bb) o todo el sustrato cultural que sostiene la moral descorporeizada del cristianismo se revelar\u00edan frente a tal afirmaci\u00f3n.<\/p>\n<p style=\"font-weight: 400;\">Contrariamente, el proyecto del libro, escrito por un conjunto de autores y autoras de diferentes geograf\u00edas y disciplinas acad\u00e9micas, pretende ofrecer una panor\u00e1mica que cartografiara los saberes, las pr\u00e1cticas, las experiencias y los sentires que vinculan el cuerpo con la educaci\u00f3n, as\u00ed se tratan aspectos como el trans-humanismo corporal, el cuerpo y la vejez, la innovaci\u00f3n en la educaci\u00f3n f\u00edsica, el cuerpo emotivo-creativo, el cuerpo imaginado, las etnograf\u00edas corporales, las cartograf\u00edas pedag\u00f3gico-literarias, los cuerpos perif\u00e9ricos, la expresi\u00f3n corporal o la po\u00e9tica del cuerpo y las pedagog\u00edas corporales.<\/p>\n","protected":false},"featured_media":64174,"comment_status":"open","ping_status":"closed","template":"","meta":{"_et_pb_use_builder":"","_et_pb_old_content":"","_et_gb_content_width":""},"product_cat":[6936,6675],"product_tag":[2602],"edicion":[1083],"editoriales":[1160],"tienda":[],"autor_id":[20290,20298,23163],"universidades_coeditoras":[],"palabras_clave":[],"listado_alfabetico":[],"acf":[],"_links":{"self":[{"href":"https:\/\/wizardly-davinci.82-223-8-23.plesk.page\/en\/wp-json\/wp\/v2\/product\/64171"}],"collection":[{"href":"https:\/\/wizardly-davinci.82-223-8-23.plesk.page\/en\/wp-json\/wp\/v2\/product"}],"about":[{"href":"https:\/\/wizardly-davinci.82-223-8-23.plesk.page\/en\/wp-json\/wp\/v2\/types\/product"}],"replies":[{"embeddable":true,"href":"https:\/\/wizardly-davinci.82-223-8-23.plesk.page\/en\/wp-json\/wp\/v2\/comments?post=64171"}],"wp:featuredmedia":[{"embeddable":true,"href":"https:\/\/wizardly-davinci.82-223-8-23.plesk.page\/en\/wp-json\/wp\/v2\/media\/64174"}],"wp:attachment":[{"href":"https:\/\/wizardly-davinci.82-223-8-23.plesk.page\/en\/wp-json\/wp\/v2\/media?parent=64171"}],"wp:term":[{"taxonomy":"product_cat","embeddable":true,"href":"https:\/\/wizardly-davinci.82-223-8-23.plesk.page\/en\/wp-json\/wp\/v2\/product_cat?post=64171"},{"taxonomy":"product_tag","embeddable":true,"href":"https:\/\/wizardly-davinci.82-223-8-23.plesk.page\/en\/wp-json\/wp\/v2\/product_tag?post=64171"},{"taxonomy":"edicion","embeddable":true,"href":"https:\/\/wizardly-davinci.82-223-8-23.plesk.page\/en\/wp-json\/wp\/v2\/edicion?post=64171"},{"taxonomy":"editoriales","embeddable":true,"href":"https:\/\/wizardly-davinci.82-223-8-23.plesk.page\/en\/wp-json\/wp\/v2\/editoriales?post=64171"},{"taxonomy":"tienda","embeddable":true,"href":"https:\/\/wizardly-davinci.82-223-8-23.plesk.page\/en\/wp-json\/wp\/v2\/tienda?post=64171"},{"taxonomy":"autor_id","embeddable":true,"href":"https:\/\/wizardly-davinci.82-223-8-23.plesk.page\/en\/wp-json\/wp\/v2\/autor_id?post=64171"},{"taxonomy":"universidades_coeditoras","embeddable":true,"href":"https:\/\/wizardly-davinci.82-223-8-23.plesk.page\/en\/wp-json\/wp\/v2\/universidades_coeditoras?post=64171"},{"taxonomy":"palabras_clave","embeddable":true,"href":"https:\/\/wizardly-davinci.82-223-8-23.plesk.page\/en\/wp-json\/wp\/v2\/palabras_clave?post=64171"},{"taxonomy":"listado_alfabetico","embeddable":true,"href":"https:\/\/wizardly-davinci.82-223-8-23.plesk.page\/en\/wp-json\/wp\/v2\/listado_alfabetico?post=64171"}],"curies":[{"name":"wp","href":"https:\/\/api.w.org\/{rel}","templated":true}]}}