{"id":64183,"date":"2023-05-05T16:48:23","date_gmt":"2023-05-05T14:48:23","guid":{"rendered":"https:\/\/octaedro.com\/?post_type=product&#038;p=64183"},"modified":"2023-06-13T18:09:55","modified_gmt":"2023-06-13T16:09:55","slug":"analisis-evaluacion-y-mejora-de-los-procesos-de-intervencion-para-la-emancipacion-de-jovenes-en-dificultad-y-o-riesgo","status":"publish","type":"product","link":"https:\/\/wizardly-davinci.82-223-8-23.plesk.page\/en\/producto\/analisis-evaluacion-y-mejora-de-los-procesos-de-intervencion-para-la-emancipacion-de-jovenes-en-dificultad-y-o-riesgo\/","title":{"rendered":"An\u00e1lisis, evaluaci\u00f3n y mejora de los procesos de intervenci\u00f3n para la emancipaci\u00f3n de j\u00f3venes en dificultad y\/o riesgo"},"content":{"rendered":"","protected":false},"excerpt":{"rendered":"<div>\n<p class=\"Ningnestilodeprrafo\"><span lang=\"ES-TRAD\">En las sociedades occidentales actuales, el paso de la infancia a la edad adulta se ha retrasado y, en muchos casos, ha dejado de ser un proceso lineal. Una vez completada la educaci\u00f3n secundaria, las posibilidades de inclusi\u00f3n social plena o de incorporarse al mercado de trabajo en buenas condiciones son reducidas y se espera que los j\u00f3venes contin\u00faen estudiando a fin de que aumenten su capital social y sus oportunidades laborales. El acceso a una vivienda resulta tambi\u00e9n muy complicado y la formaci\u00f3n de un n\u00facleo de convivencia se pospone. En este contexto, la familia de origen, con la que los j\u00f3venes suelen tener una relaci\u00f3n aceptable, desempe\u00f1a funciones clave de sost\u00e9n econ\u00f3mico y emocional. Sin embargo, las chicas y chicos en acogida institucional, en el sistema de protecci\u00f3n, cuando cumplen la mayor\u00eda de edad, acostumbran a afrontar el reto de la emancipaci\u00f3n sin ese apoyo familiar y con algunas dificultades a\u00f1adidas, por lo que sus opciones disminuyen y sus riesgos aumentan. <\/span><\/p>\n<\/div>\n<div>\n<p class=\"Ningnestilodeprrafo\"><span lang=\"ES-TRAD\">Este estudio ofrece un an\u00e1lisis detallado sobre los procesos experimentados por chicos y chicas acogidos en el sistema de protecci\u00f3n de Andaluc\u00eda en transici\u00f3n a la vida adulta, as\u00ed como un an\u00e1lisis sobre las ofertas de apoyo, el marco legal vigente y otras cuestiones relevantes. El estudio tambi\u00e9n proporciona un an\u00e1lisis espec\u00edfico sobre los procesos de transici\u00f3n e inclusi\u00f3n social espec\u00edficos de los chicos y chicas que han estado acogidos, imprescindibles para comprender y acompa\u00f1ar la emancipaci\u00f3n de estas personas. <\/span><\/p>\n<\/div>\n","protected":false},"featured_media":64192,"comment_status":"open","ping_status":"closed","template":"","meta":{"_et_pb_use_builder":"","_et_pb_old_content":"","_et_gb_content_width":""},"product_cat":[2606,6936,6674,6675],"product_tag":[2608],"edicion":[1085,1083],"editoriales":[1160],"tienda":[],"autor_id":[5107,23169,23173,23168,23172],"universidades_coeditoras":[],"palabras_clave":[],"listado_alfabetico":[],"acf":[],"_links":{"self":[{"href":"https:\/\/wizardly-davinci.82-223-8-23.plesk.page\/en\/wp-json\/wp\/v2\/product\/64183"}],"collection":[{"href":"https:\/\/wizardly-davinci.82-223-8-23.plesk.page\/en\/wp-json\/wp\/v2\/product"}],"about":[{"href":"https:\/\/wizardly-davinci.82-223-8-23.plesk.page\/en\/wp-json\/wp\/v2\/types\/product"}],"replies":[{"embeddable":true,"href":"https:\/\/wizardly-davinci.82-223-8-23.plesk.page\/en\/wp-json\/wp\/v2\/comments?post=64183"}],"wp:featuredmedia":[{"embeddable":true,"href":"https:\/\/wizardly-davinci.82-223-8-23.plesk.page\/en\/wp-json\/wp\/v2\/media\/64192"}],"wp:attachment":[{"href":"https:\/\/wizardly-davinci.82-223-8-23.plesk.page\/en\/wp-json\/wp\/v2\/media?parent=64183"}],"wp:term":[{"taxonomy":"product_cat","embeddable":true,"href":"https:\/\/wizardly-davinci.82-223-8-23.plesk.page\/en\/wp-json\/wp\/v2\/product_cat?post=64183"},{"taxonomy":"product_tag","embeddable":true,"href":"https:\/\/wizardly-davinci.82-223-8-23.plesk.page\/en\/wp-json\/wp\/v2\/product_tag?post=64183"},{"taxonomy":"edicion","embeddable":true,"href":"https:\/\/wizardly-davinci.82-223-8-23.plesk.page\/en\/wp-json\/wp\/v2\/edicion?post=64183"},{"taxonomy":"editoriales","embeddable":true,"href":"https:\/\/wizardly-davinci.82-223-8-23.plesk.page\/en\/wp-json\/wp\/v2\/editoriales?post=64183"},{"taxonomy":"tienda","embeddable":true,"href":"https:\/\/wizardly-davinci.82-223-8-23.plesk.page\/en\/wp-json\/wp\/v2\/tienda?post=64183"},{"taxonomy":"autor_id","embeddable":true,"href":"https:\/\/wizardly-davinci.82-223-8-23.plesk.page\/en\/wp-json\/wp\/v2\/autor_id?post=64183"},{"taxonomy":"universidades_coeditoras","embeddable":true,"href":"https:\/\/wizardly-davinci.82-223-8-23.plesk.page\/en\/wp-json\/wp\/v2\/universidades_coeditoras?post=64183"},{"taxonomy":"palabras_clave","embeddable":true,"href":"https:\/\/wizardly-davinci.82-223-8-23.plesk.page\/en\/wp-json\/wp\/v2\/palabras_clave?post=64183"},{"taxonomy":"listado_alfabetico","embeddable":true,"href":"https:\/\/wizardly-davinci.82-223-8-23.plesk.page\/en\/wp-json\/wp\/v2\/listado_alfabetico?post=64183"}],"curies":[{"name":"wp","href":"https:\/\/api.w.org\/{rel}","templated":true}]}}