{"id":64206,"date":"2023-05-05T18:34:04","date_gmt":"2023-05-05T16:34:04","guid":{"rendered":"https:\/\/octaedro.com\/?post_type=product&#038;p=64206"},"modified":"2023-06-20T09:32:12","modified_gmt":"2023-06-20T07:32:12","slug":"itsosupeteko-ondarea-pildoras-historico-etnograficas-sobre-bermeo","status":"publish","type":"product","link":"https:\/\/wizardly-davinci.82-223-8-23.plesk.page\/en\/producto\/itsosupeteko-ondarea-pildoras-historico-etnograficas-sobre-bermeo\/","title":{"rendered":"Itsosupeteko ondarea: p\u00edldoras hist\u00f3rico-etnogr\u00e1ficas sobre Bermeo"},"content":{"rendered":"","protected":false},"excerpt":{"rendered":"<div>\n<p class=\"Ningnestilodeprrafo\"><span lang=\"ES-TRAD\">Este libro recoge, en cerca de noventa p\u00edldoras, peque\u00f1as historias sobre el patrimonio monumental, hist\u00f3rico y etnogr\u00e1fico de Bermeo. Estas historias se han ido publicando desde mayo de 2018 en el blog Itsosupeteko Ondarea. <\/span><\/p>\n<\/div>\n<div>\n<p class=\"Ningnestilodeprrafo\"><span lang=\"ES-TRAD\">Sin duda, Bermeo es una de las poblaciones de nuestro entorno que mejor ha sido investigada desde diferentes \u00e1mbitos tem\u00e1ticos: ling\u00fc\u00edstico, hist\u00f3rico, pol\u00edtico, etnogr\u00e1fico o cultural, pero, como sab\u00e9is, en la mayor parte de los casos estos interesantes libros, monograf\u00edas o art\u00edculos se quedan en las estanter\u00edas de las bibliotecas y no llegan a ser consultados. L\u00f3gicamente, y sin pretender restar protagonismo a estos estudios, el objetivo del proyecto ha consistido en difundir de forma amena y divulgativa diferentes historias de nuestro pueblo mediante la ayuda de las redes sociales.<\/span><\/p>\n<\/div>\n<div>\n<p class=\"Ningnestilodeprrafo\"><span lang=\"ES-TRAD\">Como os imaginar\u00e9is, dar forma a este proyecto no ha sido una tarea nada f\u00e1cil, pero el formato de p\u00edldora y con una lectura no superior a los cuatro minutos ha logrado atraer la atenci\u00f3n de todas y todos vosotros. Este volumen os permite hacer una lectura global y por apartados de la mayor parte de las p\u00edldoras publicadas en el blog.<\/span><\/p>\n<\/div>\n","protected":false},"featured_media":64209,"comment_status":"open","ping_status":"closed","template":"","meta":{"_et_pb_use_builder":"","_et_pb_old_content":"","_et_gb_content_width":""},"product_cat":[6675],"product_tag":[2602],"edicion":[1083],"editoriales":[1160],"tienda":[],"autor_id":[23181],"universidades_coeditoras":[],"palabras_clave":[],"listado_alfabetico":[],"acf":[],"_links":{"self":[{"href":"https:\/\/wizardly-davinci.82-223-8-23.plesk.page\/en\/wp-json\/wp\/v2\/product\/64206"}],"collection":[{"href":"https:\/\/wizardly-davinci.82-223-8-23.plesk.page\/en\/wp-json\/wp\/v2\/product"}],"about":[{"href":"https:\/\/wizardly-davinci.82-223-8-23.plesk.page\/en\/wp-json\/wp\/v2\/types\/product"}],"replies":[{"embeddable":true,"href":"https:\/\/wizardly-davinci.82-223-8-23.plesk.page\/en\/wp-json\/wp\/v2\/comments?post=64206"}],"wp:featuredmedia":[{"embeddable":true,"href":"https:\/\/wizardly-davinci.82-223-8-23.plesk.page\/en\/wp-json\/wp\/v2\/media\/64209"}],"wp:attachment":[{"href":"https:\/\/wizardly-davinci.82-223-8-23.plesk.page\/en\/wp-json\/wp\/v2\/media?parent=64206"}],"wp:term":[{"taxonomy":"product_cat","embeddable":true,"href":"https:\/\/wizardly-davinci.82-223-8-23.plesk.page\/en\/wp-json\/wp\/v2\/product_cat?post=64206"},{"taxonomy":"product_tag","embeddable":true,"href":"https:\/\/wizardly-davinci.82-223-8-23.plesk.page\/en\/wp-json\/wp\/v2\/product_tag?post=64206"},{"taxonomy":"edicion","embeddable":true,"href":"https:\/\/wizardly-davinci.82-223-8-23.plesk.page\/en\/wp-json\/wp\/v2\/edicion?post=64206"},{"taxonomy":"editoriales","embeddable":true,"href":"https:\/\/wizardly-davinci.82-223-8-23.plesk.page\/en\/wp-json\/wp\/v2\/editoriales?post=64206"},{"taxonomy":"tienda","embeddable":true,"href":"https:\/\/wizardly-davinci.82-223-8-23.plesk.page\/en\/wp-json\/wp\/v2\/tienda?post=64206"},{"taxonomy":"autor_id","embeddable":true,"href":"https:\/\/wizardly-davinci.82-223-8-23.plesk.page\/en\/wp-json\/wp\/v2\/autor_id?post=64206"},{"taxonomy":"universidades_coeditoras","embeddable":true,"href":"https:\/\/wizardly-davinci.82-223-8-23.plesk.page\/en\/wp-json\/wp\/v2\/universidades_coeditoras?post=64206"},{"taxonomy":"palabras_clave","embeddable":true,"href":"https:\/\/wizardly-davinci.82-223-8-23.plesk.page\/en\/wp-json\/wp\/v2\/palabras_clave?post=64206"},{"taxonomy":"listado_alfabetico","embeddable":true,"href":"https:\/\/wizardly-davinci.82-223-8-23.plesk.page\/en\/wp-json\/wp\/v2\/listado_alfabetico?post=64206"}],"curies":[{"name":"wp","href":"https:\/\/api.w.org\/{rel}","templated":true}]}}