{"id":64248,"date":"2023-05-08T17:00:31","date_gmt":"2023-05-08T15:00:31","guid":{"rendered":"https:\/\/octaedro.com\/?post_type=product&#038;p=64248"},"modified":"2023-05-16T17:34:46","modified_gmt":"2023-05-16T15:34:46","slug":"como-investigar-en-didactica-de-las-ciencias-sociales","status":"publish","type":"product","link":"https:\/\/wizardly-davinci.82-223-8-23.plesk.page\/en\/producto\/como-investigar-en-didactica-de-las-ciencias-sociales\/","title":{"rendered":"\u00bfC\u00f3mo investigar en Did\u00e1ctica de las Ciencias Sociales?"},"content":{"rendered":"","protected":false},"excerpt":{"rendered":"<div>\n<p class=\"Ningnestilodeprrafo\"><span lang=\"ES-TRAD\">La naturaleza compleja y m\u00faltiple de la investigaci\u00f3n educativa exige la aplicaci\u00f3n minuciosa de m\u00e9todos, t\u00e9cnicas e instrumentos de recolecci\u00f3n de datos con evidencias emp\u00edricas de validez y fiabilidad suficientes para garantizar la solidez de los resultados, sostener las conclusiones alcanzadas y, a partir de ah\u00ed, verificar implicaciones educativas aut\u00e9nticas. En este sentido, se atiene al seguimiento de procedimientos objetivos, precisos y sistem\u00e1ticos, busca la descripci\u00f3n e inferencia de los datos cualitativos y cuantitativos obtenidos, tiende a la interdisciplinariedad en la resoluci\u00f3n de los problemas formulados y utiliza el aula o la escuela como laboratorio para abordar sus problemas de investigaci\u00f3n.<\/span><\/p>\n<\/div>\n<div>\n<p class=\"Ningnestilodeprrafo\"><span lang=\"ES-TRAD\">El presente libro busca ofrecer los fundamentos metodol\u00f3gicos imprescindibles para abordar una investigaci\u00f3n rigurosa en el \u00e1mbito cient\u00edfico de la Did\u00e1ctica de las Ciencias Sociales. Con este fin, se divide en cinco completos cap\u00edtulos sobre los principios te\u00f3rico-metodol\u00f3gicos de la investigaci\u00f3n cualitativa, la investigaci\u00f3n cuantitativa y los m\u00e9todos mixtos aplicados al conjunto de las preocupaciones investigadoras de esta \u00e1rea de conocimiento. Igualmente, presenta y describe las cuestiones y protocolos \u00e9ticos, las secciones y subsecciones de un informe de investigaci\u00f3n, y las bases de redacci\u00f3n cient\u00edfica adecuadas para un trabajo fin de grado, un trabajo fin de m\u00e1ster, una tesis doctoral o un art\u00edculo cient\u00edfico de calidad.<\/span><\/p>\n<\/div>\n","protected":false},"featured_media":64249,"comment_status":"open","ping_status":"closed","template":"","meta":{"_et_pb_use_builder":"","_et_pb_old_content":"","_et_gb_content_width":""},"product_cat":[2873,6673],"product_tag":[7559],"edicion":[1084],"editoriales":[1160],"tienda":[],"autor_id":[20711],"universidades_coeditoras":[],"palabras_clave":[],"listado_alfabetico":[],"acf":[],"_links":{"self":[{"href":"https:\/\/wizardly-davinci.82-223-8-23.plesk.page\/en\/wp-json\/wp\/v2\/product\/64248"}],"collection":[{"href":"https:\/\/wizardly-davinci.82-223-8-23.plesk.page\/en\/wp-json\/wp\/v2\/product"}],"about":[{"href":"https:\/\/wizardly-davinci.82-223-8-23.plesk.page\/en\/wp-json\/wp\/v2\/types\/product"}],"replies":[{"embeddable":true,"href":"https:\/\/wizardly-davinci.82-223-8-23.plesk.page\/en\/wp-json\/wp\/v2\/comments?post=64248"}],"wp:featuredmedia":[{"embeddable":true,"href":"https:\/\/wizardly-davinci.82-223-8-23.plesk.page\/en\/wp-json\/wp\/v2\/media\/64249"}],"wp:attachment":[{"href":"https:\/\/wizardly-davinci.82-223-8-23.plesk.page\/en\/wp-json\/wp\/v2\/media?parent=64248"}],"wp:term":[{"taxonomy":"product_cat","embeddable":true,"href":"https:\/\/wizardly-davinci.82-223-8-23.plesk.page\/en\/wp-json\/wp\/v2\/product_cat?post=64248"},{"taxonomy":"product_tag","embeddable":true,"href":"https:\/\/wizardly-davinci.82-223-8-23.plesk.page\/en\/wp-json\/wp\/v2\/product_tag?post=64248"},{"taxonomy":"edicion","embeddable":true,"href":"https:\/\/wizardly-davinci.82-223-8-23.plesk.page\/en\/wp-json\/wp\/v2\/edicion?post=64248"},{"taxonomy":"editoriales","embeddable":true,"href":"https:\/\/wizardly-davinci.82-223-8-23.plesk.page\/en\/wp-json\/wp\/v2\/editoriales?post=64248"},{"taxonomy":"tienda","embeddable":true,"href":"https:\/\/wizardly-davinci.82-223-8-23.plesk.page\/en\/wp-json\/wp\/v2\/tienda?post=64248"},{"taxonomy":"autor_id","embeddable":true,"href":"https:\/\/wizardly-davinci.82-223-8-23.plesk.page\/en\/wp-json\/wp\/v2\/autor_id?post=64248"},{"taxonomy":"universidades_coeditoras","embeddable":true,"href":"https:\/\/wizardly-davinci.82-223-8-23.plesk.page\/en\/wp-json\/wp\/v2\/universidades_coeditoras?post=64248"},{"taxonomy":"palabras_clave","embeddable":true,"href":"https:\/\/wizardly-davinci.82-223-8-23.plesk.page\/en\/wp-json\/wp\/v2\/palabras_clave?post=64248"},{"taxonomy":"listado_alfabetico","embeddable":true,"href":"https:\/\/wizardly-davinci.82-223-8-23.plesk.page\/en\/wp-json\/wp\/v2\/listado_alfabetico?post=64248"}],"curies":[{"name":"wp","href":"https:\/\/api.w.org\/{rel}","templated":true}]}}