{"id":64284,"date":"2023-05-10T16:37:06","date_gmt":"2023-05-10T14:37:06","guid":{"rendered":"https:\/\/octaedro.com\/?post_type=product&#038;p=64284"},"modified":"2023-05-16T17:34:59","modified_gmt":"2023-05-16T15:34:59","slug":"perpetuum-mobile-conocimiento-investigacion-e-innovacion-en-la-sociedad-actual","status":"publish","type":"product","link":"https:\/\/wizardly-davinci.82-223-8-23.plesk.page\/en\/producto\/perpetuum-mobile-conocimiento-investigacion-e-innovacion-en-la-sociedad-actual\/","title":{"rendered":"Perpetuum mobile: conocimiento, investigaci\u00f3n e innovaci\u00f3n en la sociedad actual"},"content":{"rendered":"","protected":false},"excerpt":{"rendered":"<p style=\"font-weight: 400;\">La Educaci\u00f3n se ha erigido como uno de los ejes fundamentales para la vertebraci\u00f3n de la Cultura, tanto en Oriente como en Occidente. Disciplinas cl\u00e1sicas como la antropolog\u00eda y, m\u00e1s concretamente, la filosof\u00eda, la m\u00fasica, las matem\u00e1ticas, el ejercicio f\u00edsico y mental, la nutrici\u00f3n, la geograf\u00eda, la historia o la tecnolog\u00eda, entre otras materias impregnadas por el Humanismo, se nos presentan como campos de investigaci\u00f3n, de formaci\u00f3n pedag\u00f3gica y, en definitiva, de difusi\u00f3n del conocimiento.<\/p>\n<p style=\"font-weight: 400;\">A este respecto, las aportaciones, aproximaciones, propuestas, an\u00e1lisis e investigaciones que conforman la presente edici\u00f3n cr\u00edtica comparten la voluntad human\u00edstica de experimentar, conocer y compartir las diferentes disciplinas. Les invitamos, as\u00ed pues, a leer, disfrutar y descubrir en los 13 cap\u00edtulos que conforman este volumen el provecho de estas reminiscencias human\u00edsticas en la Educaci\u00f3n.<\/p>\n","protected":false},"featured_media":64285,"comment_status":"open","ping_status":"closed","template":"","meta":{"_et_pb_use_builder":"","_et_pb_old_content":"","_et_gb_content_width":""},"product_cat":[2873,6673],"product_tag":[7559],"edicion":[1084],"editoriales":[1160],"tienda":[],"autor_id":[23190,23188],"universidades_coeditoras":[],"palabras_clave":[],"listado_alfabetico":[],"acf":[],"_links":{"self":[{"href":"https:\/\/wizardly-davinci.82-223-8-23.plesk.page\/en\/wp-json\/wp\/v2\/product\/64284"}],"collection":[{"href":"https:\/\/wizardly-davinci.82-223-8-23.plesk.page\/en\/wp-json\/wp\/v2\/product"}],"about":[{"href":"https:\/\/wizardly-davinci.82-223-8-23.plesk.page\/en\/wp-json\/wp\/v2\/types\/product"}],"replies":[{"embeddable":true,"href":"https:\/\/wizardly-davinci.82-223-8-23.plesk.page\/en\/wp-json\/wp\/v2\/comments?post=64284"}],"wp:featuredmedia":[{"embeddable":true,"href":"https:\/\/wizardly-davinci.82-223-8-23.plesk.page\/en\/wp-json\/wp\/v2\/media\/64285"}],"wp:attachment":[{"href":"https:\/\/wizardly-davinci.82-223-8-23.plesk.page\/en\/wp-json\/wp\/v2\/media?parent=64284"}],"wp:term":[{"taxonomy":"product_cat","embeddable":true,"href":"https:\/\/wizardly-davinci.82-223-8-23.plesk.page\/en\/wp-json\/wp\/v2\/product_cat?post=64284"},{"taxonomy":"product_tag","embeddable":true,"href":"https:\/\/wizardly-davinci.82-223-8-23.plesk.page\/en\/wp-json\/wp\/v2\/product_tag?post=64284"},{"taxonomy":"edicion","embeddable":true,"href":"https:\/\/wizardly-davinci.82-223-8-23.plesk.page\/en\/wp-json\/wp\/v2\/edicion?post=64284"},{"taxonomy":"editoriales","embeddable":true,"href":"https:\/\/wizardly-davinci.82-223-8-23.plesk.page\/en\/wp-json\/wp\/v2\/editoriales?post=64284"},{"taxonomy":"tienda","embeddable":true,"href":"https:\/\/wizardly-davinci.82-223-8-23.plesk.page\/en\/wp-json\/wp\/v2\/tienda?post=64284"},{"taxonomy":"autor_id","embeddable":true,"href":"https:\/\/wizardly-davinci.82-223-8-23.plesk.page\/en\/wp-json\/wp\/v2\/autor_id?post=64284"},{"taxonomy":"universidades_coeditoras","embeddable":true,"href":"https:\/\/wizardly-davinci.82-223-8-23.plesk.page\/en\/wp-json\/wp\/v2\/universidades_coeditoras?post=64284"},{"taxonomy":"palabras_clave","embeddable":true,"href":"https:\/\/wizardly-davinci.82-223-8-23.plesk.page\/en\/wp-json\/wp\/v2\/palabras_clave?post=64284"},{"taxonomy":"listado_alfabetico","embeddable":true,"href":"https:\/\/wizardly-davinci.82-223-8-23.plesk.page\/en\/wp-json\/wp\/v2\/listado_alfabetico?post=64284"}],"curies":[{"name":"wp","href":"https:\/\/api.w.org\/{rel}","templated":true}]}}