{"id":64360,"date":"2023-05-15T13:15:14","date_gmt":"2023-05-15T11:15:14","guid":{"rendered":"https:\/\/octaedro.com\/?post_type=product&#038;p=64360"},"modified":"2023-05-18T16:47:42","modified_gmt":"2023-05-18T14:47:42","slug":"revista-derechos-ed-la-revista-de-el-diario-de-la-educacion-num-14","status":"publish","type":"product","link":"https:\/\/wizardly-davinci.82-223-8-23.plesk.page\/en\/producto\/revista-derechos-ed-la-revista-de-el-diario-de-la-educacion-num-14\/","title":{"rendered":"Revista Derechos: Ed \u2013 La Revista de El Diario de la Educaci\u00f3n. N\u00fam. 14"},"content":{"rendered":"","protected":false},"excerpt":{"rendered":"<p><strong>Editorial: Nos necesitamos<\/strong><\/p>\n<p>El Diario de la Educaci\u00f3n cumple siete a\u00f1os. Nacimos en 2016. Hemos vivido este tiempo juntos. Docentes y periodistas. Para nosotros ha sido una maravillosa experiencia. Hemos aprendido mucho a vuestro lado, siendo testigos de vuestro compromiso con la educaci\u00f3n en tiempos dif\u00edciles. Tiempos complejos. De crisis econ\u00f3mica y social; de pandemia, de polarizaci\u00f3n pol\u00edtica. Cuando parec\u00eda que todo se hund\u00eda, hab\u00e9is resistido. Hab\u00e9is ido mucho m\u00e1s all\u00e1 de lo que era vuestro estricto deber profesional. En la anterior Revista\u00a0ED\u00a0lo resum\u00edamos en el titular \u201cProeza\u201d.<\/p>\n<p>Las madres y padres, ni\u00f1os y ni\u00f1as, chicas y chicos&#8230; la sociedad en su conjunto somos muy conscientes de vuestra proeza. Y del malestar por las condiciones con las que a menudo hab\u00e9is tenido que hacer vuestro trabajo, una inquietud que viene de lejos y que se ha visto claramente expresada durante los \u00faltimos tiempos. El Diario de la Educaci\u00f3n, que tiene la vocaci\u00f3n de ser la plaza p\u00fablica donde vosotros, los docentes, os encontr\u00e1is para expresaros, para debatir, hemos intentado escuchar todas las voces. Todos los argumentos.<\/p>\n<p>La educaci\u00f3n, lo sab\u00e9is mejor que nadie, es un aprendizaje constante. Ahora, quiz\u00e1s m\u00e1s que nunca, con el reto de transmitir conocimientos, competencias y valores en una \u00e9poca en la que las transformaciones y los cambios se viven de forma acelerada. Una \u00e9poca en la que los riesgos de segregaci\u00f3n, pobreza, marginaci\u00f3n social y exclusi\u00f3n son extremadamente elevados. Especialmente graves en el caso de ni\u00f1os, adolescentes y j\u00f3venes. Lo sab\u00e9is mejor que nadie porque ve, cada d\u00eda, las situaciones de vulnerabilidad que sufren muchos de sus alumnos.<\/p>\n<p>Est\u00e1is en primera l\u00ednea, pero nosotros, periodistas, tambi\u00e9n nos sentimos interpelados. Siempre lo hemos dicho: &#8220;La educaci\u00f3n es cosa de todos&#8221;. Del periodismo tambi\u00e9n. Entendemos El Diario de la Educaci\u00f3n como un compromiso compartido con vosotros, maestros, profesoras, educadoras, especialistas de los diferentes servicios educativos. Nacimos para estar a vuestro servicio. Para intentar contribuir a una tarea tan esencial como la vuestra.<\/p>\n<p>Intentamos responder al deber que tiene el periodismo como servicio p\u00fablico. A la responsabilidad de contribuir al bien com\u00fan. A los valores \u00e9ticos y democr\u00e1ticos. A los derechos humanos. De los que vosotros los docentes sois una pieza clave, y a los que dedicamos esta revista. Para lograr este objetivo compartido debemos ayudarnos mutuamente. Nosotros, periodistas, intentamos hacer el mejor Diario de la Educaci\u00f3n posible. Pero esto \u00fanicamente lo podemos\u00a0conseguir con vuestro apoyo. Con vuestras suscripciones.<\/p>\n<p>Cumplimos siete a\u00f1os y queremos cumplir muchos m\u00e1s. Pero debemos celebrarlos juntos. Con vosotros al lado. Como lectores. Como comunidad de la que nos sentimos parte. Y tambi\u00e9n como suscriptores. Nos necesitamos.<\/p>\n","protected":false},"featured_media":64361,"comment_status":"open","ping_status":"closed","template":"","meta":{"_et_pb_use_builder":"","_et_pb_old_content":"","_et_gb_content_width":""},"product_cat":[6675,6673],"product_tag":[2604],"edicion":[1084,1083],"editoriales":[8960],"tienda":[],"autor_id":[],"universidades_coeditoras":[],"palabras_clave":[],"listado_alfabetico":[],"acf":[],"_links":{"self":[{"href":"https:\/\/wizardly-davinci.82-223-8-23.plesk.page\/en\/wp-json\/wp\/v2\/product\/64360"}],"collection":[{"href":"https:\/\/wizardly-davinci.82-223-8-23.plesk.page\/en\/wp-json\/wp\/v2\/product"}],"about":[{"href":"https:\/\/wizardly-davinci.82-223-8-23.plesk.page\/en\/wp-json\/wp\/v2\/types\/product"}],"replies":[{"embeddable":true,"href":"https:\/\/wizardly-davinci.82-223-8-23.plesk.page\/en\/wp-json\/wp\/v2\/comments?post=64360"}],"wp:featuredmedia":[{"embeddable":true,"href":"https:\/\/wizardly-davinci.82-223-8-23.plesk.page\/en\/wp-json\/wp\/v2\/media\/64361"}],"wp:attachment":[{"href":"https:\/\/wizardly-davinci.82-223-8-23.plesk.page\/en\/wp-json\/wp\/v2\/media?parent=64360"}],"wp:term":[{"taxonomy":"product_cat","embeddable":true,"href":"https:\/\/wizardly-davinci.82-223-8-23.plesk.page\/en\/wp-json\/wp\/v2\/product_cat?post=64360"},{"taxonomy":"product_tag","embeddable":true,"href":"https:\/\/wizardly-davinci.82-223-8-23.plesk.page\/en\/wp-json\/wp\/v2\/product_tag?post=64360"},{"taxonomy":"edicion","embeddable":true,"href":"https:\/\/wizardly-davinci.82-223-8-23.plesk.page\/en\/wp-json\/wp\/v2\/edicion?post=64360"},{"taxonomy":"editoriales","embeddable":true,"href":"https:\/\/wizardly-davinci.82-223-8-23.plesk.page\/en\/wp-json\/wp\/v2\/editoriales?post=64360"},{"taxonomy":"tienda","embeddable":true,"href":"https:\/\/wizardly-davinci.82-223-8-23.plesk.page\/en\/wp-json\/wp\/v2\/tienda?post=64360"},{"taxonomy":"autor_id","embeddable":true,"href":"https:\/\/wizardly-davinci.82-223-8-23.plesk.page\/en\/wp-json\/wp\/v2\/autor_id?post=64360"},{"taxonomy":"universidades_coeditoras","embeddable":true,"href":"https:\/\/wizardly-davinci.82-223-8-23.plesk.page\/en\/wp-json\/wp\/v2\/universidades_coeditoras?post=64360"},{"taxonomy":"palabras_clave","embeddable":true,"href":"https:\/\/wizardly-davinci.82-223-8-23.plesk.page\/en\/wp-json\/wp\/v2\/palabras_clave?post=64360"},{"taxonomy":"listado_alfabetico","embeddable":true,"href":"https:\/\/wizardly-davinci.82-223-8-23.plesk.page\/en\/wp-json\/wp\/v2\/listado_alfabetico?post=64360"}],"curies":[{"name":"wp","href":"https:\/\/api.w.org\/{rel}","templated":true}]}}