{"id":64367,"date":"2023-05-16T13:31:31","date_gmt":"2023-05-16T11:31:31","guid":{"rendered":"https:\/\/octaedro.com\/?post_type=product&#038;p=64367"},"modified":"2023-05-22T11:18:51","modified_gmt":"2023-05-22T09:18:51","slug":"pickleball-un-deporte-para-todas-las-personas","status":"publish","type":"product","link":"https:\/\/wizardly-davinci.82-223-8-23.plesk.page\/en\/producto\/pickleball-un-deporte-para-todas-las-personas\/","title":{"rendered":"Pickleball: un deporte para todas las personas"},"content":{"rendered":"","protected":false},"excerpt":{"rendered":"<p>Pickleball es un deporte de moda en varios pa\u00edses, como Estados Unidos, donde pueden jugar personas de todas las edades y condici\u00f3n f\u00edsica. Las reglas son sencillas de aprender, inclusivo y f\u00e1cil de iniciarse donde, desde el primer minuto, el jugador sentir\u00e1 como si llevase tiempo practic\u00e1ndolo. El material es tambi\u00e9n econ\u00f3mico y sencillo de instalar, pudi\u00e9ndose jugar tanto en interior como en exterior. Se trata as\u00ed de un deporte para todos, donde cualquier persona con una raqueta dispuesta a entrar en pista es bien recibida \u00a1Si puedes golpear la pelota con la raqueta, ya est\u00e1s m\u00e1s que capacitado para empezar a jugar a este incre\u00edble juego!<\/p>\n<p>Hasta el momento no exist\u00eda en castellano apenas literatura sobre este deporte, pero con el presente manual, <em>Pickleball: un deporte para todas las personas<\/em>, el lector podr\u00e1 disponer de informaci\u00f3n actualizada sobre el origen, reglamento y caracter\u00edsticas t\u00e9cnicas de este deporte. Asimismo, dispondr\u00e1 de gran cantidad de actividades y ejercicios ilustrados que le permitir\u00e1 desarrollar sesiones de entrenamiento de forma r\u00e1pida y accesible. En cualquier lugar y con cualquier persona, ser\u00e1 f\u00e1cil iniciarse en esta nueva modalidad f\u00edsico-deportiva.<\/p>\n","protected":false},"featured_media":64368,"comment_status":"open","ping_status":"closed","template":"","meta":{"_et_pb_use_builder":"","_et_pb_old_content":"","_et_gb_content_width":""},"product_cat":[2606,6673],"product_tag":[2605],"edicion":[1083],"editoriales":[1160],"tienda":[],"autor_id":[23192,23196,23193],"universidades_coeditoras":[],"palabras_clave":[],"listado_alfabetico":[],"acf":[],"_links":{"self":[{"href":"https:\/\/wizardly-davinci.82-223-8-23.plesk.page\/en\/wp-json\/wp\/v2\/product\/64367"}],"collection":[{"href":"https:\/\/wizardly-davinci.82-223-8-23.plesk.page\/en\/wp-json\/wp\/v2\/product"}],"about":[{"href":"https:\/\/wizardly-davinci.82-223-8-23.plesk.page\/en\/wp-json\/wp\/v2\/types\/product"}],"replies":[{"embeddable":true,"href":"https:\/\/wizardly-davinci.82-223-8-23.plesk.page\/en\/wp-json\/wp\/v2\/comments?post=64367"}],"wp:featuredmedia":[{"embeddable":true,"href":"https:\/\/wizardly-davinci.82-223-8-23.plesk.page\/en\/wp-json\/wp\/v2\/media\/64368"}],"wp:attachment":[{"href":"https:\/\/wizardly-davinci.82-223-8-23.plesk.page\/en\/wp-json\/wp\/v2\/media?parent=64367"}],"wp:term":[{"taxonomy":"product_cat","embeddable":true,"href":"https:\/\/wizardly-davinci.82-223-8-23.plesk.page\/en\/wp-json\/wp\/v2\/product_cat?post=64367"},{"taxonomy":"product_tag","embeddable":true,"href":"https:\/\/wizardly-davinci.82-223-8-23.plesk.page\/en\/wp-json\/wp\/v2\/product_tag?post=64367"},{"taxonomy":"edicion","embeddable":true,"href":"https:\/\/wizardly-davinci.82-223-8-23.plesk.page\/en\/wp-json\/wp\/v2\/edicion?post=64367"},{"taxonomy":"editoriales","embeddable":true,"href":"https:\/\/wizardly-davinci.82-223-8-23.plesk.page\/en\/wp-json\/wp\/v2\/editoriales?post=64367"},{"taxonomy":"tienda","embeddable":true,"href":"https:\/\/wizardly-davinci.82-223-8-23.plesk.page\/en\/wp-json\/wp\/v2\/tienda?post=64367"},{"taxonomy":"autor_id","embeddable":true,"href":"https:\/\/wizardly-davinci.82-223-8-23.plesk.page\/en\/wp-json\/wp\/v2\/autor_id?post=64367"},{"taxonomy":"universidades_coeditoras","embeddable":true,"href":"https:\/\/wizardly-davinci.82-223-8-23.plesk.page\/en\/wp-json\/wp\/v2\/universidades_coeditoras?post=64367"},{"taxonomy":"palabras_clave","embeddable":true,"href":"https:\/\/wizardly-davinci.82-223-8-23.plesk.page\/en\/wp-json\/wp\/v2\/palabras_clave?post=64367"},{"taxonomy":"listado_alfabetico","embeddable":true,"href":"https:\/\/wizardly-davinci.82-223-8-23.plesk.page\/en\/wp-json\/wp\/v2\/listado_alfabetico?post=64367"}],"curies":[{"name":"wp","href":"https:\/\/api.w.org\/{rel}","templated":true}]}}